{"id":239373,"date":"2025-12-30T22:50:33","date_gmt":"2025-12-30T19:50:33","guid":{"rendered":"https:\/\/baldumarket.lt\/?post_type=product&#038;p=239373"},"modified":"2026-02-03T23:05:15","modified_gmt":"2026-02-03T20:05:15","slug":"sofa-rozkladana-picaro","status":"publish","type":"product","link":"https:\/\/baldumarket.lt\/lt\/product\/sofa-rozkladana-picaro\/","title":{"rendered":"\u201ePicaro\u201c sofa-lova"},"content":{"rendered":"<p>\u201ePicaro\u201c sofa ne tik pagra\u017eina kambar\u012f, bet ir yra puiki vieta atsipalaiduoti. Subtilus, kvadratinis apmu\u0161al\u0173 dygsniavimas i\u0161ry\u0161kina unikali\u0105 baldo i\u0161vaizd\u0105 ir patraukia d\u0117mes\u012f. Sof\u0105 galima lengvai paversti papildoma lova sve\u010diams.<br \/>\nPicaro savyb\u0117s:<br \/>\nmiego funkcija<br \/>\npatalyn\u0117s laikymo<br \/>\nautomatinis i\u0161skleidimo mechanizmas<br \/>\nAuk\u0161tos kokyb\u0117s \u201eBonnell\u201c spyruokl\u0117s ir T30 apmu\u0161al\u0173 putos suteikia sofai tvirtumo ir ilgaam\u017ei\u0161kumo<br \/>\npatogi s\u0117dyn\u0117<br \/>\nSofos kojel\u0117s yra juodos spalvos metalin\u0117s, jas pasirinktinai galima nuda\u017eyti auksine spalva be papildomo mokes\u010dio.<\/p>","protected":false},"excerpt":{"rendered":"<p>\u201ePicaro\u201c sofa ne tik pagra\u017eina kambar\u012f, bet ir yra puiki vieta atsipalaiduoti. Subtilus, kvadratinis apmu\u0161al\u0173 dygsniavimas i\u0161ry\u0161kina unikali\u0105 baldo i\u0161vaizd\u0105 ir patraukia d\u0117mes\u012f. Sof\u0105 galima lengvai paversti papildoma lova sve\u010diams. \u201ePicaro\u201c savyb\u0117s: miegojimo funkcija, patalyn\u0117s laikymo vieta, automatinis i\u0161skleidimo mechanizmas, auk\u0161tos kokyb\u0117s \u201eBonnell\u201c spyruokl\u0117s [\u2026]<\/p>","protected":false},"featured_media":239405,"comment_status":"open","ping_status":"closed","template":"","meta":[],"product_brand":[],"product_cat":[9112,560],"product_tag":[],"class_list":{"0":"post-239373","1":"product","2":"type-product","3":"status-publish","4":"has-post-thumbnail","6":"product_cat-linneo","7":"product_cat-sofas-and-couches","9":"first","10":"instock","11":"shipping-taxable","12":"product-type-grouped"},"_links":{"self":[{"href":"https:\/\/baldumarket.lt\/lt\/wp-json\/wp\/v2\/product\/239373","targetHints":{"allow":["GET"]}}],"collection":[{"href":"https:\/\/baldumarket.lt\/lt\/wp-json\/wp\/v2\/product"}],"about":[{"href":"https:\/\/baldumarket.lt\/lt\/wp-json\/wp\/v2\/types\/product"}],"replies":[{"embeddable":true,"href":"https:\/\/baldumarket.lt\/lt\/wp-json\/wp\/v2\/comments?post=239373"}],"wp:featuredmedia":[{"embeddable":true,"href":"https:\/\/baldumarket.lt\/lt\/wp-json\/wp\/v2\/media\/239405"}],"wp:attachment":[{"href":"https:\/\/baldumarket.lt\/lt\/wp-json\/wp\/v2\/media?parent=239373"}],"wp:term":[{"taxonomy":"product_brand","embeddable":true,"href":"https:\/\/baldumarket.lt\/lt\/wp-json\/wp\/v2\/product_brand?post=239373"},{"taxonomy":"product_cat","embeddable":true,"href":"https:\/\/baldumarket.lt\/lt\/wp-json\/wp\/v2\/product_cat?post=239373"},{"taxonomy":"product_tag","embeddable":true,"href":"https:\/\/baldumarket.lt\/lt\/wp-json\/wp\/v2\/product_tag?post=239373"}],"curies":[{"name":"wp","href":"https:\/\/api.w.org\/{rel}","templated":true}]}}