{"id":239331,"date":"2025-12-30T22:48:20","date_gmt":"2025-12-30T19:48:20","guid":{"rendered":"https:\/\/baldumarket.lt\/?post_type=product&#038;p=239331"},"modified":"2026-02-03T23:05:17","modified_gmt":"2026-02-03T20:05:17","slug":"sofa-rozkladana-movano-lux","status":"publish","type":"product","link":"https:\/\/baldumarket.lt\/lt\/product\/sofa-rozkladana-movano-lux\/","title":{"rendered":"\u201eMovano Lux\u201c sofa-lova"},"content":{"rendered":"<p>\u201eMovano Lux\u201c sofa-lova \u2013 tai mink\u0161tas baldas, kurio modernus dizainas, papildytas prakti\u0161kais dizaino sprendimais ir auk\u0161tos kokyb\u0117s apmu\u0161al\u0173 med\u017eiagomis, puikiai tinka bet kuriai svetainei tiems, kurie vertina auk\u0161t\u0105 kokyb\u0119 ir i\u0161skirtin\u012f komfort\u0105.<br \/>\n\u201eMovano Lux\u201c savyb\u0117s:<br \/>\npatalyn\u0117s laikymo<br \/>\n\u00a0Dantytas spyruoklinis \u012fd\u0117klas ir T30 apmu\u0161al\u0173 putplastis u\u017etikrina tvirtum\u0105 ir ilgaam\u017ei\u0161kum\u0105<br \/>\n\u00a0DL automatinis i\u0161skleidimo mechanizmas apsaugo nuo grind\u0173 subrai\u017eymo ir padeda i\u0161skleidimo procesui<br \/>\nmiego funkcija<br \/>\nSofa pasi\u017eymi juodo metalo kojel\u0117mis ir mediniais dekoratyviniais elementais.<\/p>","protected":false},"excerpt":{"rendered":"<p>The Movano Lux sofa bed is an upholstered piece of furniture whose modern design, enhanced by practical design solutions and high-quality upholstery materials, makes it a perfect addition to any living room for those who value high quality and exceptional comfort. Movano Lux features: bedding storage \u00a0serrated spring insert and T30 upholstery foam for firmness [&hellip;]<\/p>","protected":false},"featured_media":239363,"comment_status":"open","ping_status":"closed","template":"","meta":[],"product_brand":[],"product_cat":[9112,560],"product_tag":[],"class_list":{"0":"post-239331","1":"product","2":"type-product","3":"status-publish","4":"has-post-thumbnail","6":"product_cat-linneo","7":"product_cat-sofas-and-couches","9":"first","10":"instock","11":"shipping-taxable","12":"product-type-grouped"},"_links":{"self":[{"href":"https:\/\/baldumarket.lt\/lt\/wp-json\/wp\/v2\/product\/239331","targetHints":{"allow":["GET"]}}],"collection":[{"href":"https:\/\/baldumarket.lt\/lt\/wp-json\/wp\/v2\/product"}],"about":[{"href":"https:\/\/baldumarket.lt\/lt\/wp-json\/wp\/v2\/types\/product"}],"replies":[{"embeddable":true,"href":"https:\/\/baldumarket.lt\/lt\/wp-json\/wp\/v2\/comments?post=239331"}],"wp:featuredmedia":[{"embeddable":true,"href":"https:\/\/baldumarket.lt\/lt\/wp-json\/wp\/v2\/media\/239363"}],"wp:attachment":[{"href":"https:\/\/baldumarket.lt\/lt\/wp-json\/wp\/v2\/media?parent=239331"}],"wp:term":[{"taxonomy":"product_brand","embeddable":true,"href":"https:\/\/baldumarket.lt\/lt\/wp-json\/wp\/v2\/product_brand?post=239331"},{"taxonomy":"product_cat","embeddable":true,"href":"https:\/\/baldumarket.lt\/lt\/wp-json\/wp\/v2\/product_cat?post=239331"},{"taxonomy":"product_tag","embeddable":true,"href":"https:\/\/baldumarket.lt\/lt\/wp-json\/wp\/v2\/product_tag?post=239331"}],"curies":[{"name":"wp","href":"https:\/\/api.w.org\/{rel}","templated":true}]}}