{"id":239315,"date":"2025-12-30T22:47:34","date_gmt":"2025-12-30T19:47:34","guid":{"rendered":"https:\/\/baldumarket.lt\/?post_type=product&#038;p=239315"},"modified":"2026-02-03T23:05:17","modified_gmt":"2026-02-03T20:05:17","slug":"komplet-wypoczynkowy-wersalka-exodus-1-fotel-gr3","status":"publish","type":"product","link":"https:\/\/baldumarket.lt\/lt\/product\/komplet-wypoczynkowy-wersalka-exodus-1-fotel-gr3\/","title":{"rendered":"Exodus sofos komplektas + 1 fotelis Gr3"},"content":{"rendered":"<p>\u201eExodus\u201c poilsio komplektas \u2013 tai mink\u0161tas baldas, kurio modernus dizainas, papildytas prakti\u0161kais dizaino sprendimais ir auk\u0161tos kokyb\u0117s apmu\u0161al\u0173 med\u017eiagomis, puikiai tinka bet kuriai svetainei tiems, kurie vertina auk\u0161t\u0105 kokyb\u0119 ir i\u0161skirtin\u012f komfort\u0105.<br \/>\nKomplekt\u0105 sudaro sofa-lova ir fotelis.<br \/>\n\u201eExodus\u201c sofos savyb\u0117s:<br \/>\npatalyn\u0117s laikymo vieta,<br \/>\nauk\u0161tos kokyb\u0117s \u201eBonnell\u201c spyruokl\u0117s ir T30 apmu\u0161al\u0173 putplastis u\u017etikrina tvirtum\u0105 ir ilgaam\u017ei\u0161kum\u0105,<br \/>\nmiego funkcija<br \/>\nPagrindin\u0117je nuotraukoje pavaizduotas \u201eElement 13\u201c audinys.<\/p>","protected":false},"excerpt":{"rendered":"<p>Plotis [cm]: 225<br \/>\nAuk\u0161tis [cm]: 91<br \/>\nGylis [cm]: 97<br \/>\nMiegamasis plotas [cm]: 118 \u00d7 198<\/p>","protected":false},"featured_media":239349,"comment_status":"open","ping_status":"closed","template":"","meta":[],"product_brand":[],"product_cat":[9133],"product_tag":[],"class_list":{"0":"post-239315","1":"product","2":"type-product","3":"status-publish","4":"has-post-thumbnail","6":"product_cat-grouped","8":"first","9":"instock","10":"shipping-taxable","11":"purchasable","12":"product-type-variable","13":"wvs-archive-product-wrapper"},"_links":{"self":[{"href":"https:\/\/baldumarket.lt\/lt\/wp-json\/wp\/v2\/product\/239315","targetHints":{"allow":["GET"]}}],"collection":[{"href":"https:\/\/baldumarket.lt\/lt\/wp-json\/wp\/v2\/product"}],"about":[{"href":"https:\/\/baldumarket.lt\/lt\/wp-json\/wp\/v2\/types\/product"}],"replies":[{"embeddable":true,"href":"https:\/\/baldumarket.lt\/lt\/wp-json\/wp\/v2\/comments?post=239315"}],"wp:featuredmedia":[{"embeddable":true,"href":"https:\/\/baldumarket.lt\/lt\/wp-json\/wp\/v2\/media\/239349"}],"wp:attachment":[{"href":"https:\/\/baldumarket.lt\/lt\/wp-json\/wp\/v2\/media?parent=239315"}],"wp:term":[{"taxonomy":"product_brand","embeddable":true,"href":"https:\/\/baldumarket.lt\/lt\/wp-json\/wp\/v2\/product_brand?post=239315"},{"taxonomy":"product_cat","embeddable":true,"href":"https:\/\/baldumarket.lt\/lt\/wp-json\/wp\/v2\/product_cat?post=239315"},{"taxonomy":"product_tag","embeddable":true,"href":"https:\/\/baldumarket.lt\/lt\/wp-json\/wp\/v2\/product_tag?post=239315"}],"curies":[{"name":"wp","href":"https:\/\/api.w.org\/{rel}","templated":true}]}}