{"id":239292,"date":"2025-12-30T22:46:07","date_gmt":"2025-12-30T19:46:07","guid":{"rendered":"https:\/\/baldumarket.lt\/?post_type=product&#038;p=239292"},"modified":"2026-02-03T23:05:18","modified_gmt":"2026-02-03T20:05:18","slug":"fotel-finka-exodus-gr2","status":"publish","type":"product","link":"https:\/\/baldumarket.lt\/lt\/product\/fotel-finka-exodus-gr2\/","title":{"rendered":"\u201eExodus Gr2\u201c finca fotelis"},"content":{"rendered":"<p>\u201eFinka Exodus\u201c fotelis \u2013 tai mink\u0161tas baldas, kurio modern\u0173 dizain\u0105 papildo prakti\u0161ki dizaino sprendimai ir auk\u0161tos kokyb\u0117s apmu\u0161al\u0173 med\u017eiagos. \u0160is baldas puikiai tiks bet kurioje svetain\u0117je tiems, kurie vertina auk\u0161t\u0105 bald\u0173 kokyb\u0119 ir i\u0161skirtin\u012f komfort\u0105.<br \/>\nJis puikiai dera su to paties pavadinimo \u201eExodus\u201c sofa.<\/p>","protected":false},"excerpt":{"rendered":"<p>Plotis [cm]: 66<br \/>\nAuk\u0161tis [cm]: 87<br \/>\nGylis [cm]: 65<\/p>","protected":false},"featured_media":239335,"comment_status":"open","ping_status":"closed","template":"","meta":[],"product_brand":[],"product_cat":[9133],"product_tag":[],"class_list":{"0":"post-239292","1":"product","2":"type-product","3":"status-publish","4":"has-post-thumbnail","6":"product_cat-grouped","8":"first","9":"instock","10":"shipping-taxable","11":"purchasable","12":"product-type-variable","13":"wvs-archive-product-wrapper"},"_links":{"self":[{"href":"https:\/\/baldumarket.lt\/lt\/wp-json\/wp\/v2\/product\/239292","targetHints":{"allow":["GET"]}}],"collection":[{"href":"https:\/\/baldumarket.lt\/lt\/wp-json\/wp\/v2\/product"}],"about":[{"href":"https:\/\/baldumarket.lt\/lt\/wp-json\/wp\/v2\/types\/product"}],"replies":[{"embeddable":true,"href":"https:\/\/baldumarket.lt\/lt\/wp-json\/wp\/v2\/comments?post=239292"}],"wp:featuredmedia":[{"embeddable":true,"href":"https:\/\/baldumarket.lt\/lt\/wp-json\/wp\/v2\/media\/239335"}],"wp:attachment":[{"href":"https:\/\/baldumarket.lt\/lt\/wp-json\/wp\/v2\/media?parent=239292"}],"wp:term":[{"taxonomy":"product_brand","embeddable":true,"href":"https:\/\/baldumarket.lt\/lt\/wp-json\/wp\/v2\/product_brand?post=239292"},{"taxonomy":"product_cat","embeddable":true,"href":"https:\/\/baldumarket.lt\/lt\/wp-json\/wp\/v2\/product_cat?post=239292"},{"taxonomy":"product_tag","embeddable":true,"href":"https:\/\/baldumarket.lt\/lt\/wp-json\/wp\/v2\/product_tag?post=239292"}],"curies":[{"name":"wp","href":"https:\/\/api.w.org\/{rel}","templated":true}]}}