{"id":239289,"date":"2025-12-30T22:46:01","date_gmt":"2025-12-30T19:46:01","guid":{"rendered":"https:\/\/baldumarket.lt\/?post_type=product&#038;p=239289"},"modified":"2026-02-03T23:05:18","modified_gmt":"2026-02-03T20:05:18","slug":"wersalka-rozkladana-z-boczkami-exodus","status":"publish","type":"product","link":"https:\/\/baldumarket.lt\/lt\/product\/wersalka-rozkladana-z-boczkami-exodus\/","title":{"rendered":"\u201eExodus\u201c i\u0161skleid\u017eiama sofa-lova su \u0161onais"},"content":{"rendered":"<p>\u201eExodus\u201c sofa-lova \u2013 tai mink\u0161tas baldas, kurio modern\u0173 dizain\u0105 papildo prakti\u0161ki dizaino sprendimai ir auk\u0161tos kokyb\u0117s apmu\u0161al\u0173 med\u017eiagos. \u0160is baldas puikiai tiks bet kurioje svetain\u0117je tiems, kurie vertina auk\u0161t\u0105 bald\u0173 kokyb\u0119 ir i\u0161skirtin\u012f komfort\u0105.<br \/>\nI\u0161\u0117jimo specifikacijos:<br \/>\npatalyn\u0117s laikymo<br \/>\nauk\u0161tos kokyb\u0117s \u201eBonnell\u201c spyruokl\u0117s ir T30 apmu\u0161al\u0173 putplastis u\u017etikrina tvirtum\u0105 ir ilgaam\u017ei\u0161kum\u0105<br \/>\nmiego funkcija<br \/>\nPagrindin\u0117je nuotraukoje pavaizduota sofa-lova i\u0161 \u201eElement 13\u201c audinio.<br \/>\nU\u017esakymo pastabose nurodykite ma\u017eos pagalv\u0117l\u0117s audin\u012f. Jei \u0161ios informacijos nepateiksite, pagalv\u0117s audinys bus toks pat kaip ir sofos-lovos.<\/p>","protected":false},"excerpt":{"rendered":"<p>The Exodus sofa bed is an upholstered piece of furniture whose modern design is enhanced by practical design solutions and high-quality upholstery materials. This piece of furniture will be a perfect addition to any living room for those who value high quality and exceptional comfort in their furniture. Exodus specifications: bedding storage high-quality Bonnell springs [&hellip;]<\/p>","protected":false},"featured_media":239321,"comment_status":"open","ping_status":"closed","template":"","meta":[],"product_brand":[],"product_cat":[9112,560],"product_tag":[],"class_list":{"0":"post-239289","1":"product","2":"type-product","3":"status-publish","4":"has-post-thumbnail","6":"product_cat-linneo","7":"product_cat-sofas-and-couches","9":"first","10":"instock","11":"shipping-taxable","12":"product-type-grouped"},"_links":{"self":[{"href":"https:\/\/baldumarket.lt\/lt\/wp-json\/wp\/v2\/product\/239289","targetHints":{"allow":["GET"]}}],"collection":[{"href":"https:\/\/baldumarket.lt\/lt\/wp-json\/wp\/v2\/product"}],"about":[{"href":"https:\/\/baldumarket.lt\/lt\/wp-json\/wp\/v2\/types\/product"}],"replies":[{"embeddable":true,"href":"https:\/\/baldumarket.lt\/lt\/wp-json\/wp\/v2\/comments?post=239289"}],"wp:featuredmedia":[{"embeddable":true,"href":"https:\/\/baldumarket.lt\/lt\/wp-json\/wp\/v2\/media\/239321"}],"wp:attachment":[{"href":"https:\/\/baldumarket.lt\/lt\/wp-json\/wp\/v2\/media?parent=239289"}],"wp:term":[{"taxonomy":"product_brand","embeddable":true,"href":"https:\/\/baldumarket.lt\/lt\/wp-json\/wp\/v2\/product_brand?post=239289"},{"taxonomy":"product_cat","embeddable":true,"href":"https:\/\/baldumarket.lt\/lt\/wp-json\/wp\/v2\/product_cat?post=239289"},{"taxonomy":"product_tag","embeddable":true,"href":"https:\/\/baldumarket.lt\/lt\/wp-json\/wp\/v2\/product_tag?post=239289"}],"curies":[{"name":"wp","href":"https:\/\/api.w.org\/{rel}","templated":true}]}}