{"id":239247,"date":"2025-12-30T22:43:35","date_gmt":"2025-12-30T19:43:35","guid":{"rendered":"https:\/\/baldumarket.lt\/?post_type=product&#038;p=239247"},"modified":"2026-02-03T23:05:20","modified_gmt":"2026-02-03T20:05:20","slug":"lozko-kontynentalne-arsizio-160x200-cm","status":"publish","type":"product","link":"https:\/\/baldumarket.lt\/lt\/product\/lozko-kontynentalne-arsizio-160x200-cm\/","title":{"rendered":"Arsizio kontinentin\u0117 lova 160\u00d7200 cm"},"content":{"rendered":"<p>I\u0161skirtin\u0117 \u201eArsizio\u201c kontinentin\u0117 lova \u2013 tai baldas, kurio prabangi ir moderni i\u0161vaizda suteiks bet kuriam miegamajam unikalaus \u017eavesio.<br \/>\nSpecifikacijos:<br \/>\nPagrindinis \u010diu\u017einys \u2013 Bonnell spyruokl\u0117s<br \/>\nPagrindinio \u010diu\u017einio kietumas \u2013 H3 (vidutinio kietumo)<br \/>\nPagrindinio \u010diu\u017einio auk\u0161tis \u2013 16 cm<br \/>\nVir\u0161utin\u0117 dalis pagaminta i\u0161 didelio elastingumo T28 putplas\u010dio<br \/>\nVir\u0161utinio sluoksnio storis: 5 cm<br \/>\nVir\u0161utin\u0117 dalis turi u\u017etrauktuk\u0105<br \/>\nVir\u0161utin\u0117 dalis turi elastin\u0119 juostel\u0119, kad neslyst\u0173<br \/>\nAutomatinis atidarymas lengvam atidarymui<br \/>\nDu patalyn\u0117s skyriai<br \/>\n\u0160ios lovos galimi dyd\u017eiai:<br \/>\n120 cm \u2013 kainos: 2945-3087-3299 PLN<br \/>\n140 cm \u2013 kainos: 3101-3249-3456 PLN<br \/>\n180 cm \u2013 kainos: 3438-3580-3793 PLN<br \/>\nPagrindin\u0117je nuotraukoje matyti baldai su \u201eGerra 15\u201c audiniu.<\/p>","protected":false},"excerpt":{"rendered":"<p>I\u0161skirtin\u0117 \u201eArsizio\u201c kontinentin\u0117 lova \u2013 tai baldas, kurio prabangi ir moderni i\u0161vaizda suteiks bet kuriam miegamajam unikalaus \u017eavesio. Specifikacijos: Pagrindinis \u010diu\u017einys \u2013 \u201eBonnell\u201c spyruokl\u0117s; Pagrindinio \u010diu\u017einio kietumas \u2013 H3 (vidutinio kietumo); Pagrindinio \u010diu\u017einio auk\u0161tis \u2013 16 cm; U\u017etiesalas pagamintas i\u0161 didelio elastingumo T28 put\u0173; U\u017etiesalo storis: 5 cm; U\u017etiesalas turi u\u017etrauktuk\u0105 [\u2026]<\/p>","protected":false},"featured_media":239279,"comment_status":"open","ping_status":"closed","template":"","meta":[],"product_brand":[],"product_cat":[505,1971,514,9112],"product_tag":[],"class_list":{"0":"post-239247","1":"product","2":"type-product","3":"status-publish","4":"has-post-thumbnail","6":"product_cat-bedroom-beds","7":"product_cat-beds-160x200","8":"product_cat-continental-beds","9":"product_cat-linneo","11":"first","12":"instock","13":"shipping-taxable","14":"product-type-grouped"},"_links":{"self":[{"href":"https:\/\/baldumarket.lt\/lt\/wp-json\/wp\/v2\/product\/239247","targetHints":{"allow":["GET"]}}],"collection":[{"href":"https:\/\/baldumarket.lt\/lt\/wp-json\/wp\/v2\/product"}],"about":[{"href":"https:\/\/baldumarket.lt\/lt\/wp-json\/wp\/v2\/types\/product"}],"replies":[{"embeddable":true,"href":"https:\/\/baldumarket.lt\/lt\/wp-json\/wp\/v2\/comments?post=239247"}],"wp:featuredmedia":[{"embeddable":true,"href":"https:\/\/baldumarket.lt\/lt\/wp-json\/wp\/v2\/media\/239279"}],"wp:attachment":[{"href":"https:\/\/baldumarket.lt\/lt\/wp-json\/wp\/v2\/media?parent=239247"}],"wp:term":[{"taxonomy":"product_brand","embeddable":true,"href":"https:\/\/baldumarket.lt\/lt\/wp-json\/wp\/v2\/product_brand?post=239247"},{"taxonomy":"product_cat","embeddable":true,"href":"https:\/\/baldumarket.lt\/lt\/wp-json\/wp\/v2\/product_cat?post=239247"},{"taxonomy":"product_tag","embeddable":true,"href":"https:\/\/baldumarket.lt\/lt\/wp-json\/wp\/v2\/product_tag?post=239247"}],"curies":[{"name":"wp","href":"https:\/\/api.w.org\/{rel}","templated":true}]}}