{"id":239231,"date":"2025-12-30T22:42:41","date_gmt":"2025-12-30T19:42:41","guid":{"rendered":"https:\/\/baldumarket.lt\/?post_type=product&#038;p=239231"},"modified":"2026-02-03T23:05:21","modified_gmt":"2026-02-03T20:05:21","slug":"sofa-rozkladana-marmaris-gr3","status":"publish","type":"product","link":"https:\/\/baldumarket.lt\/lt\/product\/sofa-rozkladana-marmaris-gr3\/","title":{"rendered":"Marmaris Gr3 sofa-lova"},"content":{"rendered":"<p>\u201eMarmaris\u201c sofa-lova yra patogus, mink\u0161tas baldas, pasi\u017eymintis moderniu dizainu ir kruop\u0161\u010diu d\u0117mesiu detal\u0117ms.<br \/>\nMarmario ypatyb\u0117s:<br \/>\nmiego funkcija<br \/>\npatalyn\u0117s laikymo<br \/>\nautomatinis i\u0161skleidimo mechanizmas<br \/>\nauk\u0161tos kokyb\u0117s \u201eBonnell\u201c spyruokl\u0117s ir T30 apmu\u0161al\u0173 putplastis u\u017etikrina tvirtum\u0105 ir ilgaam\u017ei\u0161kum\u0105<br \/>\npatogi s\u0117dyn\u0117<br \/>\npatogus atlo\u0161as<br \/>\nGalimos koj\u0173 spalv\u0173 parinktys<\/p>","protected":false},"excerpt":{"rendered":"<p>Plotis [cm]: 225<br \/>\n\u016agis [cm]: 75\u201385<br \/>\nGylis [cm]: 93<br \/>\nS\u0117dyn\u0117s auk\u0161tis [cm]: 45<br \/>\nS\u0117dyn\u0117s gylis [cm]: 55<br \/>\nMiegamasis plotas [cm]: 138 \u00d7 200<br \/>\nPagalv\u0117li\u0173 tipas: nuimamos pagalv\u0117l\u0117s<\/p>","protected":false},"featured_media":239265,"comment_status":"open","ping_status":"closed","template":"","meta":[],"product_brand":[],"product_cat":[9133],"product_tag":[],"class_list":{"0":"post-239231","1":"product","2":"type-product","3":"status-publish","4":"has-post-thumbnail","6":"product_cat-grouped","8":"first","9":"instock","10":"shipping-taxable","11":"purchasable","12":"product-type-variable","13":"wvs-archive-product-wrapper"},"_links":{"self":[{"href":"https:\/\/baldumarket.lt\/lt\/wp-json\/wp\/v2\/product\/239231","targetHints":{"allow":["GET"]}}],"collection":[{"href":"https:\/\/baldumarket.lt\/lt\/wp-json\/wp\/v2\/product"}],"about":[{"href":"https:\/\/baldumarket.lt\/lt\/wp-json\/wp\/v2\/types\/product"}],"replies":[{"embeddable":true,"href":"https:\/\/baldumarket.lt\/lt\/wp-json\/wp\/v2\/comments?post=239231"}],"wp:featuredmedia":[{"embeddable":true,"href":"https:\/\/baldumarket.lt\/lt\/wp-json\/wp\/v2\/media\/239265"}],"wp:attachment":[{"href":"https:\/\/baldumarket.lt\/lt\/wp-json\/wp\/v2\/media?parent=239231"}],"wp:term":[{"taxonomy":"product_brand","embeddable":true,"href":"https:\/\/baldumarket.lt\/lt\/wp-json\/wp\/v2\/product_brand?post=239231"},{"taxonomy":"product_cat","embeddable":true,"href":"https:\/\/baldumarket.lt\/lt\/wp-json\/wp\/v2\/product_cat?post=239231"},{"taxonomy":"product_tag","embeddable":true,"href":"https:\/\/baldumarket.lt\/lt\/wp-json\/wp\/v2\/product_tag?post=239231"}],"curies":[{"name":"wp","href":"https:\/\/api.w.org\/{rel}","templated":true}]}}