{"id":239180,"date":"2025-12-30T22:39:30","date_gmt":"2025-12-30T19:39:30","guid":{"rendered":"https:\/\/baldumarket.lt\/?post_type=product&#038;p=239180"},"modified":"2026-02-03T23:05:22","modified_gmt":"2026-02-03T20:05:22","slug":"komplet-wypoczynkowy-bingo-bis-311-gr2","status":"publish","type":"product","link":"https:\/\/baldumarket.lt\/lt\/product\/komplet-wypoczynkowy-bingo-bis-311-gr2\/","title":{"rendered":"Bingo Bis Lounge komplektas 3+1+1 Gr2"},"content":{"rendered":"<p>\u201eBingo Bis\u201c sofa-lova + 2 \u201eBingo Bis\u201c foteliai \u2013 tai patog\u016bs mink\u0161ti klasikinio stiliaus baldai, atnaujinti modernizuojant. Nuotraukoje pavaizduotas \u010diu\u017einys yra \u012fsi\u016btas visam laikui.<br \/>\nD\u0117l to jis tinka tiek klasikiniam, tiek moderniam interjerui. Baldai yra kruop\u0161\u010diai pagaminti ir pasi\u017eymi:<br \/>\npatalyn\u0117s laikymo skyrius,<br \/>\nauk\u0161tos kokyb\u0117s \u201eBonnell\u201c spyruokl\u0117s ir T30 apmu\u0161al\u0173 putplastis suteikia sofai tvirtumo ir ilgaam\u017ei\u0161kumo,<br \/>\nmiegojimo funkcija,<br \/>\nSvetain\u0117s komplekt\u0105 sudaro sofa-lova ir du \u201eFinka\u201c foteliai.<br \/>\nSpragtel\u0117jimo tipo valdymas ir medin\u0117s kojel\u0117s.<br \/>\nPagrindin\u0117je nuotraukoje pavaizduotas \u201eNeve 77\u201c audinys.<\/p>","protected":false},"excerpt":{"rendered":"<p>Plotis [cm]: 225<br \/>\nAuk\u0161tis [cm]: 91<br \/>\nGylis [cm]: 95<br \/>\nMiegamasis plotas [cm]: 200 \u00d7 118<br \/>\nAuk\u0161tis [cm]: 87<br \/>\nGylis [cm]: 65<\/p>","protected":false},"featured_media":239223,"comment_status":"open","ping_status":"closed","template":"","meta":[],"product_brand":[],"product_cat":[9133],"product_tag":[],"class_list":{"0":"post-239180","1":"product","2":"type-product","3":"status-publish","4":"has-post-thumbnail","6":"product_cat-grouped","8":"first","9":"instock","10":"shipping-taxable","11":"purchasable","12":"product-type-variable","13":"wvs-archive-product-wrapper"},"_links":{"self":[{"href":"https:\/\/baldumarket.lt\/lt\/wp-json\/wp\/v2\/product\/239180","targetHints":{"allow":["GET"]}}],"collection":[{"href":"https:\/\/baldumarket.lt\/lt\/wp-json\/wp\/v2\/product"}],"about":[{"href":"https:\/\/baldumarket.lt\/lt\/wp-json\/wp\/v2\/types\/product"}],"replies":[{"embeddable":true,"href":"https:\/\/baldumarket.lt\/lt\/wp-json\/wp\/v2\/comments?post=239180"}],"wp:featuredmedia":[{"embeddable":true,"href":"https:\/\/baldumarket.lt\/lt\/wp-json\/wp\/v2\/media\/239223"}],"wp:attachment":[{"href":"https:\/\/baldumarket.lt\/lt\/wp-json\/wp\/v2\/media?parent=239180"}],"wp:term":[{"taxonomy":"product_brand","embeddable":true,"href":"https:\/\/baldumarket.lt\/lt\/wp-json\/wp\/v2\/product_brand?post=239180"},{"taxonomy":"product_cat","embeddable":true,"href":"https:\/\/baldumarket.lt\/lt\/wp-json\/wp\/v2\/product_cat?post=239180"},{"taxonomy":"product_tag","embeddable":true,"href":"https:\/\/baldumarket.lt\/lt\/wp-json\/wp\/v2\/product_tag?post=239180"}],"curies":[{"name":"wp","href":"https:\/\/api.w.org\/{rel}","templated":true}]}}