{"id":239163,"date":"2025-12-30T22:38:38","date_gmt":"2025-12-30T19:38:38","guid":{"rendered":"https:\/\/baldumarket.lt\/?post_type=product&#038;p=239163"},"modified":"2026-02-03T23:05:23","modified_gmt":"2026-02-03T20:05:23","slug":"komplet-wypoczynkowy-avesta-31","status":"publish","type":"product","link":"https:\/\/baldumarket.lt\/lt\/product\/komplet-wypoczynkowy-avesta-31\/","title":{"rendered":"Avesta 3+1 poilsio komplektas"},"content":{"rendered":"<p>\u201eAvesta\u201c transformuojama sofa + fotelis \u2013 tai patogi, mink\u0161ta sofa, klasikinio stiliaus su moderniu akcentu.<br \/>\nD\u0117l to jis puikiai tinka tiek klasikiniam, tiek moderniam interjerui.<br \/>\nSofos atlo\u0161as aptrauktas techniniu audiniu.<br \/>\nBaldai yra kruop\u0161\u010diai pagaminti ir pasi\u017eymi \u0161iomis savyb\u0117mis:<br \/>\npatalyn\u0117s laikymo skyrius,<br \/>\nauk\u0161tos kokyb\u0117s \u201eBonnell\u201c spyruokl\u0117s ir T30 apmu\u0161al\u0173 putplastis, suteikiantys sofai tvirtumo ir ilgaam\u017ei\u0161kumo,<br \/>\nmiegojimo funkcija,<br \/>\nSofa turi medines kojeles. Ji i\u0161siskleid\u017eia spragtel\u0117jimo mechanizmu.<br \/>\nPagrindin\u0117je nuotraukoje pavaizduotas \u201eNeve 83\u201c audinys.<\/p>","protected":false},"excerpt":{"rendered":"<p>\u201eAvesta\u201c transformuojama sofa + fotelis \u2013 tai patogi, mink\u0161ta klasikinio stiliaus sofa su moderniu prieskoniu. D\u0117l to ji puikiai dera tiek klasikiniame, tiek moderniame interjere. Sofos atlo\u0161as aptrauktas techniniu audiniu. Baldai yra kruop\u0161\u010diai pagaminti ir juose yra: patalyn\u0117s skyrius, auk\u0161tos kokyb\u0117s \u201eBonnell\u201c spyruokl\u0117s [\u2026]<\/p>","protected":false},"featured_media":239195,"comment_status":"open","ping_status":"closed","template":"","meta":[],"product_brand":[],"product_cat":[9112,660],"product_tag":[],"class_list":{"0":"post-239163","1":"product","2":"type-product","3":"status-publish","4":"has-post-thumbnail","6":"product_cat-linneo","7":"product_cat-lounge-sets","9":"first","10":"instock","11":"shipping-taxable","12":"product-type-grouped"},"_links":{"self":[{"href":"https:\/\/baldumarket.lt\/lt\/wp-json\/wp\/v2\/product\/239163","targetHints":{"allow":["GET"]}}],"collection":[{"href":"https:\/\/baldumarket.lt\/lt\/wp-json\/wp\/v2\/product"}],"about":[{"href":"https:\/\/baldumarket.lt\/lt\/wp-json\/wp\/v2\/types\/product"}],"replies":[{"embeddable":true,"href":"https:\/\/baldumarket.lt\/lt\/wp-json\/wp\/v2\/comments?post=239163"}],"wp:featuredmedia":[{"embeddable":true,"href":"https:\/\/baldumarket.lt\/lt\/wp-json\/wp\/v2\/media\/239195"}],"wp:attachment":[{"href":"https:\/\/baldumarket.lt\/lt\/wp-json\/wp\/v2\/media?parent=239163"}],"wp:term":[{"taxonomy":"product_brand","embeddable":true,"href":"https:\/\/baldumarket.lt\/lt\/wp-json\/wp\/v2\/product_brand?post=239163"},{"taxonomy":"product_cat","embeddable":true,"href":"https:\/\/baldumarket.lt\/lt\/wp-json\/wp\/v2\/product_cat?post=239163"},{"taxonomy":"product_tag","embeddable":true,"href":"https:\/\/baldumarket.lt\/lt\/wp-json\/wp\/v2\/product_tag?post=239163"}],"curies":[{"name":"wp","href":"https:\/\/api.w.org\/{rel}","templated":true}]}}