{"id":239149,"date":"2025-12-30T22:37:52","date_gmt":"2025-12-30T19:37:52","guid":{"rendered":"https:\/\/baldumarket.lt\/?post_type=product&#038;p=239149"},"modified":"2026-02-03T23:05:23","modified_gmt":"2026-02-03T20:05:23","slug":"sofa-rozkladana-indigo","status":"publish","type":"product","link":"https:\/\/baldumarket.lt\/lt\/product\/sofa-rozkladana-indigo\/","title":{"rendered":"Indigo spalvos sofa-lova"},"content":{"rendered":"<p>Indigo spalvos sofa-lova \u2013 komfortas ir elegancija j\u016bs\u0173 svetain\u0117je<br \/>\nJei norite susikurti tobul\u0105 svetain\u0119, \u201eIndigo\u201c sofa-lova yra b\u016btinas pirkinys. M\u016bs\u0173 unikalus gaminys i\u0161 trivie\u010di\u0173 sof\u0173 kolekcijos atrodo stulbinamai. Baldo universalumas ir modernus dizainas leid\u017eia j\u012f pritaikyti bet kokiam interjerui, nepriklausomai nuo dekoro ar spalv\u0173 schemos. \u201eIndigo\u201c sofa-lova yra labai patogi d\u0117l auk\u0161tos kokyb\u0117s spyruokli\u0173 ir apmu\u0161al\u0173 put\u0173. Papildomas privalumas \u2013 miegojimo funkcija ir patalyn\u0117s laikymo vieta. \u0160ie du svarb\u016bs veiksniai daro \u0161\u012f bald\u0105 labai prakti\u0161ku. Eleganti\u0161kas stilius ir gra\u017ei i\u0161vaizda, derinama su funkcionalumu ir puikiu komfortu, leid\u017eia \u201eIndigo\u201c sofa-lovai patenkinti net ir reikliausi\u0105 klient\u0105! Produktas yra \u012fvairi\u0173 spalv\u0173, pristatomas pilnai surinktas, o vienintelis elementas, kur\u012f reikia paprastai surinkti savaranki\u0161kai, yra atlo\u0161as. \u201eIndigo\u201c sofa-lova yra tikras hitas! \u201eIndigo\u201c sofa-lova yra patogus, mink\u0161tas baldas, pasi\u017eymintis modernizuotu klasikiniu stiliumi. Tai puikiai tinka tiek klasikiniam, tiek moderniam interjerui.<br \/>\nSavyb\u0117s:<br \/>\nAutomatin\u0117 i\u0161skleidimo sistema<br \/>\nPatalyn\u0117<br \/>\nAuk\u0161tos kokyb\u0117s \u201eBonnell\u201c spyruokl\u0117s ir T30 apmu\u0161al\u0173 putos u\u017etikrina tvirtum\u0105 ir ilgaam\u017ei\u0161kum\u0105<br \/>\nMiego funkcija<\/p>","protected":false},"excerpt":{"rendered":"<p>\u201eIndigo\u201c sofa-lova \u2013 komfortas ir elegancija j\u016bs\u0173 svetain\u0117je. Jei norite susikurti tobul\u0105 svetain\u0119, \u201eIndigo\u201c sofa-lova yra b\u016btinas pirkinys. M\u016bs\u0173 unikalus gaminys i\u0161 trivie\u010di\u0173 sof\u0173 kolekcijos atrodo stulbinamai. Baldo universalumas ir modernus dizainas leid\u017eia jam der\u0117ti prie bet kokio interjero, nepriklausomai nuo dekoro [\u2026]<\/p>","protected":false},"featured_media":239181,"comment_status":"open","ping_status":"closed","template":"","meta":[],"product_brand":[],"product_cat":[9112,560],"product_tag":[],"class_list":{"0":"post-239149","1":"product","2":"type-product","3":"status-publish","4":"has-post-thumbnail","6":"product_cat-linneo","7":"product_cat-sofas-and-couches","9":"first","10":"instock","11":"shipping-taxable","12":"product-type-grouped"},"_links":{"self":[{"href":"https:\/\/baldumarket.lt\/lt\/wp-json\/wp\/v2\/product\/239149","targetHints":{"allow":["GET"]}}],"collection":[{"href":"https:\/\/baldumarket.lt\/lt\/wp-json\/wp\/v2\/product"}],"about":[{"href":"https:\/\/baldumarket.lt\/lt\/wp-json\/wp\/v2\/types\/product"}],"replies":[{"embeddable":true,"href":"https:\/\/baldumarket.lt\/lt\/wp-json\/wp\/v2\/comments?post=239149"}],"wp:featuredmedia":[{"embeddable":true,"href":"https:\/\/baldumarket.lt\/lt\/wp-json\/wp\/v2\/media\/239181"}],"wp:attachment":[{"href":"https:\/\/baldumarket.lt\/lt\/wp-json\/wp\/v2\/media?parent=239149"}],"wp:term":[{"taxonomy":"product_brand","embeddable":true,"href":"https:\/\/baldumarket.lt\/lt\/wp-json\/wp\/v2\/product_brand?post=239149"},{"taxonomy":"product_cat","embeddable":true,"href":"https:\/\/baldumarket.lt\/lt\/wp-json\/wp\/v2\/product_cat?post=239149"},{"taxonomy":"product_tag","embeddable":true,"href":"https:\/\/baldumarket.lt\/lt\/wp-json\/wp\/v2\/product_tag?post=239149"}],"curies":[{"name":"wp","href":"https:\/\/api.w.org\/{rel}","templated":true}]}}