{"id":239135,"date":"2025-12-30T22:37:03","date_gmt":"2025-12-30T19:37:03","guid":{"rendered":"https:\/\/baldumarket.lt\/?post_type=product&#038;p=239135"},"modified":"2026-02-03T23:05:24","modified_gmt":"2026-02-03T20:05:24","slug":"wersalka-skandynawska-rozkladana-avesta","status":"publish","type":"product","link":"https:\/\/baldumarket.lt\/lt\/product\/wersalka-skandynawska-rozkladana-avesta\/","title":{"rendered":"Skandinavi\u0161ka sofa-lova Avesta"},"content":{"rendered":"<p>\u201eAvesta\u201c sofa-lova \u2013 tai patogus, mink\u0161tas klasikinio stiliaus baldas su modernizuotu dizainu. Tod\u0117l jis tinka tiek klasikiniam, tiek moderniam interjerui.<br \/>\nSofos atlo\u0161as aptrauktas techniniu audiniu.<br \/>\nSpecifikacijos:<br \/>\nPatalyn\u0117 saugykla<br \/>\nAuk\u0161tos kokyb\u0117s \u201eBonnell\u201c spyruokl\u0117s ir T30 apmu\u0161al\u0173 putos suteikia sofai tvirtumo ir ilgaam\u017ei\u0161kumo<br \/>\nMiego funkcija<br \/>\nSofa-lova turi medines kojeles. Ji i\u0161siskleid\u017eia spragtel\u0117jimo mechanizmu.<\/p>","protected":false},"excerpt":{"rendered":"<p>\u201eAvesta\u201c sofa-lova \u2013 tai patogus, mink\u0161tas klasikinio stiliaus baldas, atnaujintas modernizuojant. D\u0117l to ji tinka tiek klasikiniam, tiek moderniam interjerui. Sofos atlo\u0161as aptrauktas techniniu audiniu. Specifikacijos: patalyn\u0117s laikymo vieta; auk\u0161tos kokyb\u0117s \u201eBonnell\u201c spyruokl\u0117s ir T30 apmu\u0161al\u0173 putos suteikia sofai tvirtumo ir ilgaam\u017ei\u0161kumo [\u2026]<\/p>","protected":false},"featured_media":239167,"comment_status":"open","ping_status":"closed","template":"","meta":[],"product_brand":[],"product_cat":[9112,560],"product_tag":[],"class_list":{"0":"post-239135","1":"product","2":"type-product","3":"status-publish","4":"has-post-thumbnail","6":"product_cat-linneo","7":"product_cat-sofas-and-couches","9":"first","10":"instock","11":"shipping-taxable","12":"product-type-grouped"},"_links":{"self":[{"href":"https:\/\/baldumarket.lt\/lt\/wp-json\/wp\/v2\/product\/239135","targetHints":{"allow":["GET"]}}],"collection":[{"href":"https:\/\/baldumarket.lt\/lt\/wp-json\/wp\/v2\/product"}],"about":[{"href":"https:\/\/baldumarket.lt\/lt\/wp-json\/wp\/v2\/types\/product"}],"replies":[{"embeddable":true,"href":"https:\/\/baldumarket.lt\/lt\/wp-json\/wp\/v2\/comments?post=239135"}],"wp:featuredmedia":[{"embeddable":true,"href":"https:\/\/baldumarket.lt\/lt\/wp-json\/wp\/v2\/media\/239167"}],"wp:attachment":[{"href":"https:\/\/baldumarket.lt\/lt\/wp-json\/wp\/v2\/media?parent=239135"}],"wp:term":[{"taxonomy":"product_brand","embeddable":true,"href":"https:\/\/baldumarket.lt\/lt\/wp-json\/wp\/v2\/product_brand?post=239135"},{"taxonomy":"product_cat","embeddable":true,"href":"https:\/\/baldumarket.lt\/lt\/wp-json\/wp\/v2\/product_cat?post=239135"},{"taxonomy":"product_tag","embeddable":true,"href":"https:\/\/baldumarket.lt\/lt\/wp-json\/wp\/v2\/product_tag?post=239135"}],"curies":[{"name":"wp","href":"https:\/\/api.w.org\/{rel}","templated":true}]}}