{"id":239108,"date":"2025-12-30T22:35:30","date_gmt":"2025-12-30T19:35:30","guid":{"rendered":"https:\/\/baldumarket.lt\/?post_type=product&#038;p=239108"},"modified":"2026-02-03T23:05:25","modified_gmt":"2026-02-03T20:05:25","slug":"fotel-finka-avesta-gr1","status":"publish","type":"product","link":"https:\/\/baldumarket.lt\/lt\/product\/fotel-finka-avesta-gr1\/","title":{"rendered":"Finka Avesta Gr1 fotelis"},"content":{"rendered":"<p>\u201eAvesta\u201c fotelis \u2013 patogus, mink\u0161tas klasikinio stiliaus baldas su modernizuotu dizainu. Tod\u0117l jis puikiai tinka tiek klasikiniam, tiek moderniam interjerui. Baldas kruop\u0161\u010diai sukurtas iki smulkiausi\u0173 detali\u0173.<br \/>\nPuikiai tinka prie \u201eAvesta\u201c sofos-lovos.<br \/>\nPagrindin\u0117je nuotraukoje pavaizduotas \u201eNeve 83\u201c audinys.<\/p>","protected":false},"excerpt":{"rendered":"<p>Plotis [cm]: 66<br \/>\nAuk\u0161tis [cm]: 87<br \/>\nGylis [cm]: 66<\/p>","protected":false},"featured_media":239153,"comment_status":"open","ping_status":"closed","template":"","meta":[],"product_brand":[],"product_cat":[9133],"product_tag":[],"class_list":{"0":"post-239108","1":"product","2":"type-product","3":"status-publish","4":"has-post-thumbnail","6":"product_cat-grouped","8":"first","9":"instock","10":"shipping-taxable","11":"purchasable","12":"product-type-variable","13":"wvs-archive-product-wrapper"},"_links":{"self":[{"href":"https:\/\/baldumarket.lt\/lt\/wp-json\/wp\/v2\/product\/239108","targetHints":{"allow":["GET"]}}],"collection":[{"href":"https:\/\/baldumarket.lt\/lt\/wp-json\/wp\/v2\/product"}],"about":[{"href":"https:\/\/baldumarket.lt\/lt\/wp-json\/wp\/v2\/types\/product"}],"replies":[{"embeddable":true,"href":"https:\/\/baldumarket.lt\/lt\/wp-json\/wp\/v2\/comments?post=239108"}],"wp:featuredmedia":[{"embeddable":true,"href":"https:\/\/baldumarket.lt\/lt\/wp-json\/wp\/v2\/media\/239153"}],"wp:attachment":[{"href":"https:\/\/baldumarket.lt\/lt\/wp-json\/wp\/v2\/media?parent=239108"}],"wp:term":[{"taxonomy":"product_brand","embeddable":true,"href":"https:\/\/baldumarket.lt\/lt\/wp-json\/wp\/v2\/product_brand?post=239108"},{"taxonomy":"product_cat","embeddable":true,"href":"https:\/\/baldumarket.lt\/lt\/wp-json\/wp\/v2\/product_cat?post=239108"},{"taxonomy":"product_tag","embeddable":true,"href":"https:\/\/baldumarket.lt\/lt\/wp-json\/wp\/v2\/product_tag?post=239108"}],"curies":[{"name":"wp","href":"https:\/\/api.w.org\/{rel}","templated":true}]}}