{"id":239094,"date":"2025-12-30T22:34:44","date_gmt":"2025-12-30T19:34:44","guid":{"rendered":"https:\/\/baldumarket.lt\/?post_type=product&#038;p=239094"},"modified":"2026-02-03T23:05:26","modified_gmt":"2026-02-03T20:05:26","slug":"sofa-rozkladana-dwuosobowa-z-poduchami-fun-gr1","status":"publish","type":"product","link":"https:\/\/baldumarket.lt\/lt\/product\/sofa-rozkladana-dwuosobowa-z-poduchami-fun-gr1\/","title":{"rendered":"Dviviet\u0117 sofa-lova su \u201eFun Gr1\u201c pagalv\u0117l\u0117mis"},"content":{"rendered":"<p>Ie\u0161kodami savo svajoni\u0173 sofos, neabejotinai susid\u016br\u0117te su daugybe skirting\u0173 variant\u0173, ta\u010diau pasirink\u0119 m\u016bs\u0173 parduotuv\u0117s gaminius, galite b\u016bti tikri, kad jie pagaminti itin kruop\u0161\u010diai ir i\u0161 auk\u0161\u010diausios kokyb\u0117s med\u017eiag\u0173. M\u016bs\u0173 internetin\u0117je parduotuv\u0117je baldumarket.lt esantys mink\u0161ti baldai idealiai tinka sukurti jauki\u0105 atmosfer\u0105 bet kurioje modernioje svetain\u0117je. \u012evairi\u0173 spalv\u0173 pufai, foteliai ir sofos puikiai papildys tiek didelius butus, tiek ma\u017eas studijas. Patogumas ir auk\u0161tos kokyb\u0117s audiniai yra pagrindiniai m\u016bs\u0173 gamini\u0173 bruo\u017eai.<br \/>\nSofa-lova \u2013 kod\u0117l verta j\u0105 rinktis?<br \/>\nDviviet\u0117 sofa-lova \u2013 unikalus gaminys, kuris d\u0117l plataus spalv\u0173 pasirinkimo ir rafinuot\u0173 detali\u0173 papildys bet kok\u012f interjer\u0105, tiek modern\u0173, tiek klasikin\u012f. \u201eFun\u201c sofa-lova \u2013 tai mink\u0161tas baldas, kurio moderni forma papildyta prakti\u0161kais dizaino sprendimais, o panaudotos auk\u0161tos kokyb\u0117s apmu\u0161al\u0173 med\u017eiagos paver\u010dia j\u012f puikiu bet kurios svetain\u0117s papildymu tiems, kurie vertina auk\u0161t\u0105 bald\u0173 kokyb\u0119 ir i\u0161skirtin\u012f komfort\u0105. Verta pamin\u0117ti, kad dviviet\u0117 sofa-lova turi itin erdv\u0173 patalyn\u0117s skyri\u0173, tod\u0117l j\u0105 patogu naudoti kasdien. Ji taip pat turi patog\u0173 atlo\u0161\u0105, leid\u017eiant\u012f atsipalaiduoti dien\u0105, ir patogi\u0105 miegojimo funkcij\u0105 nakt\u012f. Sof\u0105 labai lengva i\u0161skleisti, tod\u0117l j\u0105 gali i\u0161skleisti net 10 met\u0173 vaikas. Sofos atlo\u0161as aptrauktas mechaniniu audiniu, kuris apsaugo sienas nuo pa\u017eeidim\u0173 ir d\u0117mi\u0173. Be to, d\u0117l plataus spalv\u0173 pasirinkimo sof\u0105 galite lengvai priderinti prie bet kurio kambario, kad ji puikiai j\u012f papildyt\u0173.<br \/>\nRinkit\u0117s funkcionalum\u0105 u\u017e prieinam\u0105 kain\u0105<br \/>\nInternetin\u0117je parduotuv\u0117je \u201ebaldumarket.lt\u201c esantys baldai yra sukurti galvojant apie patogi\u0105 erdv\u0119 ir naudojant geriausias m\u016bs\u0173 naudojamas med\u017eiagas. Kiekvienam u\u017esakymui suteikiama 24 m\u0117nesi\u0173 garantija ir surinkimo instrukcijos. Prie m\u016bs\u0173 sof\u0173 taip pat pridedamas naudingas vaizdo \u012fra\u0161as, kuris pad\u0117s jums patiems greitai surinkti baldus. Rinkdamiesi baldus i\u0161 \u201ebaldumarket.lt\u201c, renkat\u0117s auk\u0161\u010diausios kokyb\u0117s gaminius, kruop\u0161\u010diai apgalvotus kiekvienai detalei. Taip pat teikiame itin profesional\u0173 aptarnavim\u0105 kiekviename pirkimo etape. M\u016bs\u0173 konsultantai mielai atsakys \u012f visus j\u016bs\u0173 klausimus ir pad\u0117s i\u0161sirinkti tinkamus gaminius. Kvie\u010diame susipa\u017einti su pla\u010diu m\u016bs\u0173 asortimentu!<br \/>\nPramogos:<br \/>\npatalyn\u0117s laikymo<br \/>\n\u00a0T30 apmu\u0161al\u0173 putplastis<br \/>\nmiego funkcija<br \/>\npatogus atlo\u0161as<br \/>\nBaldo nugar\u0117l\u0117 aptraukta techniniu audiniu<br \/>\n\u012evadas \u012f \u201eFun\u201c sof\u0105 ir jos i\u0161skleidimo b\u016bd\u0105<br \/>\nAtsakome: Kaip i\u0161ardyti ir lengvai ne\u0161ti dviviet\u0119 sof\u0105<\/p>","protected":false},"excerpt":{"rendered":"<p>Plotis [cm]: 147<br \/>\nAuk\u0161tis [cm]: 84<br \/>\nS\u0117dyn\u0117s auk\u0161tis [cm]: 43<br \/>\nGylis [cm]: 93<br \/>\nMiegamasis plotas [cm]: 120 \u00d7 195<\/p>","protected":false},"featured_media":239139,"comment_status":"open","ping_status":"closed","template":"","meta":[],"product_brand":[],"product_cat":[9133],"product_tag":[],"class_list":{"0":"post-239094","1":"product","2":"type-product","3":"status-publish","4":"has-post-thumbnail","6":"product_cat-grouped","8":"first","9":"instock","10":"shipping-taxable","11":"purchasable","12":"product-type-variable","13":"wvs-archive-product-wrapper"},"_links":{"self":[{"href":"https:\/\/baldumarket.lt\/lt\/wp-json\/wp\/v2\/product\/239094","targetHints":{"allow":["GET"]}}],"collection":[{"href":"https:\/\/baldumarket.lt\/lt\/wp-json\/wp\/v2\/product"}],"about":[{"href":"https:\/\/baldumarket.lt\/lt\/wp-json\/wp\/v2\/types\/product"}],"replies":[{"embeddable":true,"href":"https:\/\/baldumarket.lt\/lt\/wp-json\/wp\/v2\/comments?post=239094"}],"wp:featuredmedia":[{"embeddable":true,"href":"https:\/\/baldumarket.lt\/lt\/wp-json\/wp\/v2\/media\/239139"}],"wp:attachment":[{"href":"https:\/\/baldumarket.lt\/lt\/wp-json\/wp\/v2\/media?parent=239094"}],"wp:term":[{"taxonomy":"product_brand","embeddable":true,"href":"https:\/\/baldumarket.lt\/lt\/wp-json\/wp\/v2\/product_brand?post=239094"},{"taxonomy":"product_cat","embeddable":true,"href":"https:\/\/baldumarket.lt\/lt\/wp-json\/wp\/v2\/product_cat?post=239094"},{"taxonomy":"product_tag","embeddable":true,"href":"https:\/\/baldumarket.lt\/lt\/wp-json\/wp\/v2\/product_tag?post=239094"}],"curies":[{"name":"wp","href":"https:\/\/api.w.org\/{rel}","templated":true}]}}