{"id":239093,"date":"2025-12-30T22:34:42","date_gmt":"2025-12-30T19:34:42","guid":{"rendered":"https:\/\/baldumarket.lt\/?post_type=product&#038;p=239093"},"modified":"2026-02-03T23:05:26","modified_gmt":"2026-02-03T20:05:26","slug":"sofa-skandynawska-wersalka-rozkladana-ebro","status":"publish","type":"product","link":"https:\/\/baldumarket.lt\/lt\/product\/sofa-skandynawska-wersalka-rozkladana-ebro\/","title":{"rendered":"Skandinavi\u0161ka sofa-lova Ebro"},"content":{"rendered":"<p>Ebro skandinavi\u0161ka sulankstoma sofa<br \/>\n\u201eEbro\u201c skandinavi\u0161ka sulankstoma sofa \u2013 tai minimalistinio ir eleganti\u0161ko dizaino skandinavi\u0161kos sofos pavyzdys. Galima rinktis i\u0161 daugyb\u0117s spalv\u0173 ir audini\u0173, tod\u0117l ji puikiai dera prie j\u016bs\u0173 kambario interjero. Ji pasi\u017eymi u\u017eapvalintais kra\u0161tais, aptakia forma ir subtiliu charakteriu. Viduje yra erdvus patalyn\u0117s skyrius, kuriame rasite papildomos vietos re\u010diau naudojamiems daiktams ar atsarginei patalynei laikyti. Auk\u0161tos kokyb\u0117s med\u017eiag\u0173 naudojimas daro j\u0105 ne tik patogi\u0105, bet ir labai patvari\u0105. Ji i\u0161laikys savo gra\u017ei\u0105 i\u0161vaizd\u0105 ilgus metus. Apmu\u0161alai atspar\u016bs d\u0117v\u0117jimuisi. \u201eEbro\u201c skandinavi\u0161ka sulankstoma sofa gali tapti j\u016bs\u0173 interjero akcentu arba subtiliu sienos akcentu, priklausomai nuo pasirinktos spalv\u0173 gamos ir aksesuar\u0173. I\u0161skleista ji suteikia patogi\u0105 miegojimo viet\u0105 ir puikiai tinka sve\u010di\u0173 kambariams ir jaunimo kambariams.<br \/>\nSavyb\u0117s:<br \/>\nPatalyn\u0117 saugykla<br \/>\nAuk\u0161tos kokyb\u0117s \u201eBonnell\u201c spyruokl\u0117s ir T30 apmu\u0161al\u0173 putos suteikia sofai tvirtumo ir ilgaam\u017ei\u0161kumo<br \/>\nMiego funkcija<br \/>\nSpragtel\u0117jimas ir bild\u0117jimas i\u0161siskleid\u017eian\u010diomis medin\u0117mis kojel\u0117mis.<br \/>\nPagrindin\u0117je nuotraukoje pavaizduotas \u201eKronos 22\u201c audinys.<\/p>","protected":false},"excerpt":{"rendered":"<p>Ebro Scandinavian Folding Sofa The Ebro Scandinavian Folding Sofa is a designer example of Scandinavian sofas with a minimalist and elegant look. Available in a wide range of colors and fabrics, it can be perfectly matched to your current room d\u00e9cor. It features rounded edges, a streamlined shape, and a delicate character. Inside, it features [&hellip;]<\/p>","protected":false},"featured_media":239125,"comment_status":"open","ping_status":"closed","template":"","meta":[],"product_brand":[],"product_cat":[9112,560],"product_tag":[],"class_list":{"0":"post-239093","1":"product","2":"type-product","3":"status-publish","4":"has-post-thumbnail","6":"product_cat-linneo","7":"product_cat-sofas-and-couches","9":"first","10":"instock","11":"shipping-taxable","12":"product-type-grouped"},"_links":{"self":[{"href":"https:\/\/baldumarket.lt\/lt\/wp-json\/wp\/v2\/product\/239093","targetHints":{"allow":["GET"]}}],"collection":[{"href":"https:\/\/baldumarket.lt\/lt\/wp-json\/wp\/v2\/product"}],"about":[{"href":"https:\/\/baldumarket.lt\/lt\/wp-json\/wp\/v2\/types\/product"}],"replies":[{"embeddable":true,"href":"https:\/\/baldumarket.lt\/lt\/wp-json\/wp\/v2\/comments?post=239093"}],"wp:featuredmedia":[{"embeddable":true,"href":"https:\/\/baldumarket.lt\/lt\/wp-json\/wp\/v2\/media\/239125"}],"wp:attachment":[{"href":"https:\/\/baldumarket.lt\/lt\/wp-json\/wp\/v2\/media?parent=239093"}],"wp:term":[{"taxonomy":"product_brand","embeddable":true,"href":"https:\/\/baldumarket.lt\/lt\/wp-json\/wp\/v2\/product_brand?post=239093"},{"taxonomy":"product_cat","embeddable":true,"href":"https:\/\/baldumarket.lt\/lt\/wp-json\/wp\/v2\/product_cat?post=239093"},{"taxonomy":"product_tag","embeddable":true,"href":"https:\/\/baldumarket.lt\/lt\/wp-json\/wp\/v2\/product_tag?post=239093"}],"curies":[{"name":"wp","href":"https:\/\/api.w.org\/{rel}","templated":true}]}}