{"id":239079,"date":"2025-12-30T22:33:50","date_gmt":"2025-12-30T19:33:50","guid":{"rendered":"https:\/\/baldumarket.lt\/?post_type=product&#038;p=239079"},"modified":"2026-02-03T23:05:27","modified_gmt":"2026-02-03T20:05:27","slug":"tapczan-mlodziezowy-buli","status":"publish","type":"product","link":"https:\/\/baldumarket.lt\/lt\/product\/tapczan-mlodziezowy-buli\/","title":{"rendered":"Buli jaunimo sofa"},"content":{"rendered":"<p>Paauglio kambario dekoravimas yra did\u017eiulis i\u0161\u0161\u016bkis t\u0117vams. Paaugliai turi savo unikal\u0173 gyvenimo b\u016bd\u0105, tod\u0117l labai svarbu suteikti jiems tinkamas gyvenimo s\u0105lygas. Tod\u0117l paauglio kambaryje turi b\u016bti ir mokymosi zona, ir vieta atsipalaiduoti. Be to, \u0161ios erdv\u0117s netur\u0117t\u0173 b\u016bti vidutin\u0117s ir turi b\u016bti gerai \u012frengtos, kad pelnyt\u0173 bendraam\u017ei\u0173 pagarb\u0105. Jei ie\u0161kote tobulos lovos savo paaugliui, rinkit\u0117s jaunimo sof\u0105, kurios modernus dizainas tikrai patiks net ir kriti\u0161kiausiam bei mai\u0161tingiausiam paaugliui. \u0160\u012f ir kitus modelius rasite m\u016bs\u0173 internetin\u0117je parduotuv\u0117je!<br \/>\nPaaugli\u0173 sofa<br \/>\n\u201eBuli\u201c jaunimo sofa \u2013 puikus sprendimas paauglio kambariui. D\u0117l universalaus dyd\u017eio nuolat augantis vaikas jos per greitai nei\u0161augs, o pati lova tilps net ir ma\u017eame kambaryje. I\u0161radingai pasl\u0117ptas daiktad\u0117\u017e\u0117 padeda palaikyti tvark\u0105, o laisva gul\u0117jimo zona puikiai tinka atsipalaiduoti, patogiai mokytis ar bendrauti su draugais. \u201eBuli\u201c sofa-lova apr\u016bpinta auk\u0161tos kokyb\u0117s \u201eBonnell\u201c spyruokl\u0117mis, o novatori\u0161kas apmu\u0161al\u0173 porolonas garantuoja sveik\u0105 ir tvirt\u0105 s\u0117d\u0117jim\u0105. Net ir susid\u0117v\u0117jusi lova nesulinks nuo naudotojo svorio.<br \/>\nKod\u0117l verta rinktis \u201eBuli\u201c sof\u0105-lov\u0105?<br \/>\n\u201eBuli\u201c sofa-lova si\u016blo ne tik auk\u0161tos kokyb\u0117s meistri\u0161kum\u0105. Ji taip pat gali pasigirti \u012fsp\u016bdinga i\u0161vaizda. M\u016bs\u0173 parduotuv\u0117je rasite \u012fvairi\u0173 sof\u0173 apmu\u0161al\u0173 variant\u0173, \u012fskaitant tuos, kurie \u0161iuo metu neabejotinai madingi tarp jaunimo. Be to, jaunimo sofa-lova gali b\u016bti sukonfig\u016bruota taip, kad b\u016bt\u0173 atsukta \u012f de\u0161in\u0119 arba \u012f kair\u0119 pus\u0119, priklausomai nuo j\u016bs\u0173 pageidavim\u0173. \u0160is baldas gali b\u016bti s\u0117kmingai naudojamas, pavyzd\u017eiui, bendrabutyje ar nuomojamame bute. Rinkit\u0117s tvirtus baldus, pagamintus i\u0161 auk\u0161\u010diausios kokyb\u0117s med\u017eiag\u0173!<br \/>\nRaginame ap\u017ei\u016br\u0117ti kitus lov\u0173 ir sof\u0173 modelius, esan\u010dius m\u016bs\u0173 internetin\u0117je parduotuv\u0117je baldumarket.lt. Kvie\u010diame apsipirkti.<br \/>\n\u00a0 \u00a0 \u00a0 \u00a0 \u00a0 \u00a0 \u00a0 \u00a0 \u00a0 \u00a0 \u00a0 \u00a0 \u00a0 \u00a0 \u00a0 \u00a0<br \/>\nBuliaus savyb\u0117s:<br \/>\npatalyn\u0117s laikymo vieta,<br \/>\nauk\u0161tos kokyb\u0117s \u201eBonnell\u201c spyruokl\u0117s ir T30 apmu\u0161al\u0173 putplastis suteikia sofai tvirtumo ir ilgaam\u017ei\u0161kumo,<br \/>\nmiego funkcija,<br \/>\nnuotraukoje parodyta de\u0161in\u0117s rankos versija.<br \/>\nSofa atsidaro i\u0161 pla\u010dios pus\u0117s.<br \/>\nPlastikin\u0117s kojel\u0117s.<\/p>","protected":false},"excerpt":{"rendered":"<p>Decorating a teenager&#8217;s room is a huge challenge for parents. Teenagers have their own unique lifestyle, so it&#8217;s crucial to provide them with appropriate living conditions. Therefore, a teenager&#8217;s room must include both a study area and a place to relax. Furthermore, these spaces shouldn&#8217;t be mediocre and must be well-presented to win the respect [&hellip;]<\/p>","protected":false},"featured_media":239111,"comment_status":"open","ping_status":"closed","template":"","meta":[],"product_brand":[],"product_cat":[505,9112],"product_tag":[],"class_list":{"0":"post-239079","1":"product","2":"type-product","3":"status-publish","4":"has-post-thumbnail","6":"product_cat-bedroom-beds","7":"product_cat-linneo","9":"first","10":"instock","11":"shipping-taxable","12":"product-type-grouped"},"_links":{"self":[{"href":"https:\/\/baldumarket.lt\/lt\/wp-json\/wp\/v2\/product\/239079","targetHints":{"allow":["GET"]}}],"collection":[{"href":"https:\/\/baldumarket.lt\/lt\/wp-json\/wp\/v2\/product"}],"about":[{"href":"https:\/\/baldumarket.lt\/lt\/wp-json\/wp\/v2\/types\/product"}],"replies":[{"embeddable":true,"href":"https:\/\/baldumarket.lt\/lt\/wp-json\/wp\/v2\/comments?post=239079"}],"wp:featuredmedia":[{"embeddable":true,"href":"https:\/\/baldumarket.lt\/lt\/wp-json\/wp\/v2\/media\/239111"}],"wp:attachment":[{"href":"https:\/\/baldumarket.lt\/lt\/wp-json\/wp\/v2\/media?parent=239079"}],"wp:term":[{"taxonomy":"product_brand","embeddable":true,"href":"https:\/\/baldumarket.lt\/lt\/wp-json\/wp\/v2\/product_brand?post=239079"},{"taxonomy":"product_cat","embeddable":true,"href":"https:\/\/baldumarket.lt\/lt\/wp-json\/wp\/v2\/product_cat?post=239079"},{"taxonomy":"product_tag","embeddable":true,"href":"https:\/\/baldumarket.lt\/lt\/wp-json\/wp\/v2\/product_tag?post=239079"}],"curies":[{"name":"wp","href":"https:\/\/api.w.org\/{rel}","templated":true}]}}