{"id":239049,"date":"2025-12-30T22:32:09","date_gmt":"2025-12-30T19:32:09","guid":{"rendered":"https:\/\/baldumarket.lt\/?post_type=product&#038;p=239049"},"modified":"2026-02-03T23:05:27","modified_gmt":"2026-02-03T20:05:27","slug":"sofa-rozkladana-meriva-gr3","status":"publish","type":"product","link":"https:\/\/baldumarket.lt\/lt\/product\/sofa-rozkladana-meriva-gr3\/","title":{"rendered":"Meriva Gr3 sofa-lova"},"content":{"rendered":"<p>\u201eMeriva\u201c sofa-lova \u2013 tai patogus, mink\u0161tas baldas, pasi\u017eymintis klasikiniu, bet modernizuotu stiliumi. Tod\u0117l jis tinka tiek klasikiniam, tiek moderniam interjerui.<br \/>\nSavyb\u0117s:<br \/>\nAutomatin\u0117 i\u0161skleidimo sistema<br \/>\nPatalyn\u0117<br \/>\nAuk\u0161tos kokyb\u0117s \u201eBonnell\u201c spyruokl\u0117s ir T30 apmu\u0161al\u0173 putos suteikia sofai tvirtumo ir ilgaam\u017ei\u0161kumo<br \/>\nMiego funkcija<br \/>\nSofos-lovos i\u0161skleidimo b\u016bdas<br \/>\nPagrindin\u0117je nuotraukoje pavaizduota sofa su \u201eBellini 18\u201c audiniu.<\/p>","protected":false},"excerpt":{"rendered":"<p>Plotis [cm]: 206<br \/>\nAuk\u0161tis [cm]: 82<br \/>\nGylis [cm]: 91<br \/>\nS\u0117dyn\u0117s auk\u0161tis [cm]: 45<br \/>\nS\u0117dyn\u0117s gylis [cm]: 60<br \/>\nMiegamasis plotas [cm]: 141 \u00d7 200<br \/>\nPagalv\u0117li\u0173 tipas: be pagalv\u0117li\u0173 \/ fiksuotos pagalv\u0117l\u0117s<\/p>","protected":false},"featured_media":239083,"comment_status":"open","ping_status":"closed","template":"","meta":[],"product_brand":[],"product_cat":[9133],"product_tag":[],"class_list":{"0":"post-239049","1":"product","2":"type-product","3":"status-publish","4":"has-post-thumbnail","6":"product_cat-grouped","8":"first","9":"instock","10":"shipping-taxable","11":"purchasable","12":"product-type-variable","13":"wvs-archive-product-wrapper"},"_links":{"self":[{"href":"https:\/\/baldumarket.lt\/lt\/wp-json\/wp\/v2\/product\/239049","targetHints":{"allow":["GET"]}}],"collection":[{"href":"https:\/\/baldumarket.lt\/lt\/wp-json\/wp\/v2\/product"}],"about":[{"href":"https:\/\/baldumarket.lt\/lt\/wp-json\/wp\/v2\/types\/product"}],"replies":[{"embeddable":true,"href":"https:\/\/baldumarket.lt\/lt\/wp-json\/wp\/v2\/comments?post=239049"}],"wp:featuredmedia":[{"embeddable":true,"href":"https:\/\/baldumarket.lt\/lt\/wp-json\/wp\/v2\/media\/239083"}],"wp:attachment":[{"href":"https:\/\/baldumarket.lt\/lt\/wp-json\/wp\/v2\/media?parent=239049"}],"wp:term":[{"taxonomy":"product_brand","embeddable":true,"href":"https:\/\/baldumarket.lt\/lt\/wp-json\/wp\/v2\/product_brand?post=239049"},{"taxonomy":"product_cat","embeddable":true,"href":"https:\/\/baldumarket.lt\/lt\/wp-json\/wp\/v2\/product_cat?post=239049"},{"taxonomy":"product_tag","embeddable":true,"href":"https:\/\/baldumarket.lt\/lt\/wp-json\/wp\/v2\/product_tag?post=239049"}],"curies":[{"name":"wp","href":"https:\/\/api.w.org\/{rel}","templated":true}]}}