{"id":239037,"date":"2025-12-30T22:31:21","date_gmt":"2025-12-30T19:31:21","guid":{"rendered":"https:\/\/baldumarket.lt\/?post_type=product&#038;p=239037"},"modified":"2026-02-03T23:05:28","modified_gmt":"2026-02-03T20:05:28","slug":"fotel-finka-bingo-bis","status":"publish","type":"product","link":"https:\/\/baldumarket.lt\/lt\/product\/fotel-finka-bingo-bis\/","title":{"rendered":"Bingo Bis Finka fotelis"},"content":{"rendered":"<p>Eleganti\u0161kas \u201eBingo Bis\u201c fotelis. \u0160is svetain\u0117s fotelis pasi\u017eymi patogia s\u0117dyne, tod\u0117l d\u0117l savo kompakti\u0161ko dyd\u017eio puikiai tinka net ir ma\u017eoje erdv\u0117je. Nuotraukoje matomas \u010diu\u017einys yra stacionariai pritvirtintas.<br \/>\nPuikiai tinka to paties pavadinimo \u201eBingo Bis\u201c sofa-lovai.<br \/>\nNuotraukoje esantys b\u0117gikai yra Sonoma Oak.<br \/>\nPagrindin\u0117je nuotraukoje pavaizduotas \u201eNeve 90\u201c audinys.<\/p>","protected":false},"excerpt":{"rendered":"<p>Eleganti\u0161kas \u201eBingo Bis\u201c fotelis. \u0160is svetain\u0117s fotelis pasi\u017eymi patogia s\u0117dyne, tod\u0117l d\u0117l kompakti\u0161ko dyd\u017eio puikiai tinka net ir ma\u017eoje erdv\u0117je. Nuotraukoje matomas \u010diu\u017einys yra stacionariai pritvirtintas. Puikiai tinka to paties pavadinimo \u201eBingo Bis\u201c sofa-lovai. Nuotraukoje matomos b\u0117gel\u0117s yra \u201eSonoma\u201c [\u2026]<\/p>","protected":false},"featured_media":239069,"comment_status":"open","ping_status":"closed","template":"","meta":[],"product_brand":[],"product_cat":[634,9112],"product_tag":[],"class_list":{"0":"post-239037","1":"product","2":"type-product","3":"status-publish","4":"has-post-thumbnail","6":"product_cat-armchairs","7":"product_cat-linneo","9":"first","10":"instock","11":"shipping-taxable","12":"product-type-grouped"},"_links":{"self":[{"href":"https:\/\/baldumarket.lt\/lt\/wp-json\/wp\/v2\/product\/239037","targetHints":{"allow":["GET"]}}],"collection":[{"href":"https:\/\/baldumarket.lt\/lt\/wp-json\/wp\/v2\/product"}],"about":[{"href":"https:\/\/baldumarket.lt\/lt\/wp-json\/wp\/v2\/types\/product"}],"replies":[{"embeddable":true,"href":"https:\/\/baldumarket.lt\/lt\/wp-json\/wp\/v2\/comments?post=239037"}],"wp:featuredmedia":[{"embeddable":true,"href":"https:\/\/baldumarket.lt\/lt\/wp-json\/wp\/v2\/media\/239069"}],"wp:attachment":[{"href":"https:\/\/baldumarket.lt\/lt\/wp-json\/wp\/v2\/media?parent=239037"}],"wp:term":[{"taxonomy":"product_brand","embeddable":true,"href":"https:\/\/baldumarket.lt\/lt\/wp-json\/wp\/v2\/product_brand?post=239037"},{"taxonomy":"product_cat","embeddable":true,"href":"https:\/\/baldumarket.lt\/lt\/wp-json\/wp\/v2\/product_cat?post=239037"},{"taxonomy":"product_tag","embeddable":true,"href":"https:\/\/baldumarket.lt\/lt\/wp-json\/wp\/v2\/product_tag?post=239037"}],"curies":[{"name":"wp","href":"https:\/\/api.w.org\/{rel}","templated":true}]}}