{"id":239016,"date":"2025-12-30T22:30:07","date_gmt":"2025-12-30T19:30:07","guid":{"rendered":"https:\/\/baldumarket.lt\/?post_type=product&#038;p=239016"},"modified":"2026-02-03T23:05:29","modified_gmt":"2026-02-03T20:05:29","slug":"fotel-tapicerowany-savona","status":"publish","type":"product","link":"https:\/\/baldumarket.lt\/lt\/product\/fotel-tapicerowany-savona\/","title":{"rendered":"Savonos mink\u0161tas fotelis"},"content":{"rendered":"<p>\u201eSavona\u201c fotelis \u2013 prakti\u0161kas, klasikinio dizaino poilsio baldas. D\u0117l moderni\u0173 technologij\u0173 ir patogios s\u0117dyn\u0117s jis puikiai tinka tiek svetainei, tiek miegamajam.<br \/>\nPuikiai dera prie to paties pavadinimo \u201eSavona\u201c sofos-lovos.<br \/>\n\u201eSavona\u201c fotelio savyb\u0117s:<br \/>\nAuk\u0161tos kokyb\u0117s \u201eBonnell\u201c spyruokl\u0117s ir T30 apmu\u0161al\u0173 putos, suteikian\u010dios sofai tvirtumo ir ilgaam\u017ei\u0161kumo.<br \/>\nPagrindin\u0117je nuotraukoje pavaizduotas \u201eElement 23\u201c audinys.<\/p>","protected":false},"excerpt":{"rendered":"<p>\u201eSavona\u201c fotelis \u2013 prakti\u0161kas, klasikinio dizaino poilsio baldas. D\u0117l moderni\u0173 technologij\u0173 ir patogios s\u0117dyn\u0117s jis puikiai tinka tiek svetainei, tiek miegamajam. Jis puikiai dera su to paties pavadinimo \u201eSavona\u201c sofa-lova. \u201eSavona\u201c fotelio savyb\u0117s: auk\u0161tos kokyb\u0117s \u201eBonnell\u201c spyruokl\u0117s ir T30 apmu\u0161al\u0173 putos, kurios suteikia [\u2026]<\/p>","protected":false},"featured_media":239055,"comment_status":"open","ping_status":"closed","template":"","meta":[],"product_brand":[],"product_cat":[634,9112],"product_tag":[],"class_list":{"0":"post-239016","1":"product","2":"type-product","3":"status-publish","4":"has-post-thumbnail","6":"product_cat-armchairs","7":"product_cat-linneo","9":"first","10":"instock","11":"shipping-taxable","12":"product-type-grouped"},"_links":{"self":[{"href":"https:\/\/baldumarket.lt\/lt\/wp-json\/wp\/v2\/product\/239016","targetHints":{"allow":["GET"]}}],"collection":[{"href":"https:\/\/baldumarket.lt\/lt\/wp-json\/wp\/v2\/product"}],"about":[{"href":"https:\/\/baldumarket.lt\/lt\/wp-json\/wp\/v2\/types\/product"}],"replies":[{"embeddable":true,"href":"https:\/\/baldumarket.lt\/lt\/wp-json\/wp\/v2\/comments?post=239016"}],"wp:featuredmedia":[{"embeddable":true,"href":"https:\/\/baldumarket.lt\/lt\/wp-json\/wp\/v2\/media\/239055"}],"wp:attachment":[{"href":"https:\/\/baldumarket.lt\/lt\/wp-json\/wp\/v2\/media?parent=239016"}],"wp:term":[{"taxonomy":"product_brand","embeddable":true,"href":"https:\/\/baldumarket.lt\/lt\/wp-json\/wp\/v2\/product_brand?post=239016"},{"taxonomy":"product_cat","embeddable":true,"href":"https:\/\/baldumarket.lt\/lt\/wp-json\/wp\/v2\/product_cat?post=239016"},{"taxonomy":"product_tag","embeddable":true,"href":"https:\/\/baldumarket.lt\/lt\/wp-json\/wp\/v2\/product_tag?post=239016"}],"curies":[{"name":"wp","href":"https:\/\/api.w.org\/{rel}","templated":true}]}}