{"id":239009,"date":"2025-12-30T22:29:56","date_gmt":"2025-12-30T19:29:56","guid":{"rendered":"https:\/\/baldumarket.lt\/?post_type=product&#038;p=239009"},"modified":"2026-02-03T23:05:29","modified_gmt":"2026-02-03T20:05:29","slug":"wersalka-skandynawska-rozkladana-savona","status":"publish","type":"product","link":"https:\/\/baldumarket.lt\/lt\/product\/wersalka-skandynawska-rozkladana-savona\/","title":{"rendered":"Savona skandinavi\u0161ka sofa-lova"},"content":{"rendered":"<p>\u201eSavona\u201c sofa-lova \u2013 tai patogus, mink\u0161tas baldas, pasi\u017eymintis moderniu dizainu ir kruop\u0161\u010diu d\u0117mesiu detal\u0117ms.<br \/>\nSavyb\u0117s:<br \/>\nPatalyn\u0117 saugykla<br \/>\nAuk\u0161tos kokyb\u0117s \u201eBonnell\u201c spyruokl\u0117s ir T30 apmu\u0161al\u0173 putos u\u017etikrina tvirtum\u0105 ir ilgaam\u017ei\u0161kum\u0105<br \/>\nMiego funkcija<br \/>\nSpragtel\u0117jimas ir bild\u0117jimas i\u0161siskleid\u017eian\u010diomis medin\u0117mis kojel\u0117mis.<\/p>","protected":false},"excerpt":{"rendered":"<p>\u201eSavona\u201c sofa-lova \u2013 tai patogus, mink\u0161tas baldas, pasi\u017eymintis moderniu dizainu ir kruop\u0161\u010diu d\u0117mesiu detal\u0117ms. Savyb\u0117s: patalyn\u0117s skyrius; auk\u0161tos kokyb\u0117s \u201eBonnell\u201c spyruokl\u0117s ir T30 apmu\u0161al\u0173 putos, u\u017etikrinan\u010dios tvirtum\u0105 ir ilgaam\u017ei\u0161kum\u0105; miegojimo funkcija; spragtel\u0117jimo ir tar\u0161k\u0117jimo principu i\u0161skleid\u017eiamos medin\u0117s kojel\u0117s.<\/p>","protected":false},"featured_media":239041,"comment_status":"open","ping_status":"closed","template":"","meta":[],"product_brand":[],"product_cat":[9112,560],"product_tag":[],"class_list":{"0":"post-239009","1":"product","2":"type-product","3":"status-publish","4":"has-post-thumbnail","6":"product_cat-linneo","7":"product_cat-sofas-and-couches","9":"first","10":"instock","11":"shipping-taxable","12":"product-type-grouped"},"_links":{"self":[{"href":"https:\/\/baldumarket.lt\/lt\/wp-json\/wp\/v2\/product\/239009","targetHints":{"allow":["GET"]}}],"collection":[{"href":"https:\/\/baldumarket.lt\/lt\/wp-json\/wp\/v2\/product"}],"about":[{"href":"https:\/\/baldumarket.lt\/lt\/wp-json\/wp\/v2\/types\/product"}],"replies":[{"embeddable":true,"href":"https:\/\/baldumarket.lt\/lt\/wp-json\/wp\/v2\/comments?post=239009"}],"wp:featuredmedia":[{"embeddable":true,"href":"https:\/\/baldumarket.lt\/lt\/wp-json\/wp\/v2\/media\/239041"}],"wp:attachment":[{"href":"https:\/\/baldumarket.lt\/lt\/wp-json\/wp\/v2\/media?parent=239009"}],"wp:term":[{"taxonomy":"product_brand","embeddable":true,"href":"https:\/\/baldumarket.lt\/lt\/wp-json\/wp\/v2\/product_brand?post=239009"},{"taxonomy":"product_cat","embeddable":true,"href":"https:\/\/baldumarket.lt\/lt\/wp-json\/wp\/v2\/product_cat?post=239009"},{"taxonomy":"product_tag","embeddable":true,"href":"https:\/\/baldumarket.lt\/lt\/wp-json\/wp\/v2\/product_tag?post=239009"}],"curies":[{"name":"wp","href":"https:\/\/api.w.org\/{rel}","templated":true}]}}