{"id":238998,"date":"2025-12-30T22:29:39","date_gmt":"2025-12-30T19:29:39","guid":{"rendered":"https:\/\/baldumarket.lt\/?post_type=product&#038;p=238998"},"modified":"2026-02-03T23:05:30","modified_gmt":"2026-02-03T20:05:30","slug":"wersalka-rozkladana-z-boczkami-bingo-bis-gr2","status":"publish","type":"product","link":"https:\/\/baldumarket.lt\/lt\/product\/wersalka-rozkladana-z-boczkami-bingo-bis-gr2\/","title":{"rendered":"Sulankstoma sofa-lova su \u0161onais Bingo Bis Gr2"},"content":{"rendered":"<p>\u201eBingo Bis\u201c sofa-lova yra prakti\u0161kas poilsio baldas su patogia s\u0117dyne, kuris d\u0117l savo kompakti\u0161ko dyd\u017eio tilps net ir ma\u017eame kambaryje.<br \/>\n\u00a0 \u00a0 \u00a0 \u00a0<br \/>\n\u201eBingo Bis\u201c specifikacijos:<br \/>\nPatalyn\u0117 saugykla<br \/>\nAuk\u0161tos kokyb\u0117s \u201eBonnell\u201c spyruokl\u0117s ir T30 apmu\u0161al\u0173 putos suteikia sofai tvirtumo ir ilgaam\u017ei\u0161kumo<br \/>\nMiego funkcija<br \/>\nSpragtel\u0117jimas ir bild\u0117jimas i\u0161siskleid\u017eian\u010diomis medin\u0117mis kojel\u0117mis.<br \/>\nPagrindin\u0117je nuotraukoje pavaizduota \u201eSierra 746\u201c audiniu aptraukta sofa.<\/p>","protected":false},"excerpt":{"rendered":"<p>Plotis [cm]: 225<br \/>\nAuk\u0161tis [cm]: 91<br \/>\nS\u0117dyn\u0117s auk\u0161tis [cm]: 45<br \/>\nGylis [cm]: 95<br \/>\nS\u0117dyn\u0117s gylis [cm]: 60<br \/>\nMiegamasis plotas [cm]: 200 \u00d7 118<\/p>","protected":false},"featured_media":239029,"comment_status":"open","ping_status":"closed","template":"","meta":[],"product_brand":[],"product_cat":[9133],"product_tag":[],"class_list":{"0":"post-238998","1":"product","2":"type-product","3":"status-publish","4":"has-post-thumbnail","6":"product_cat-grouped","8":"first","9":"instock","10":"shipping-taxable","11":"purchasable","12":"product-type-variable","13":"wvs-archive-product-wrapper"},"_links":{"self":[{"href":"https:\/\/baldumarket.lt\/lt\/wp-json\/wp\/v2\/product\/238998","targetHints":{"allow":["GET"]}}],"collection":[{"href":"https:\/\/baldumarket.lt\/lt\/wp-json\/wp\/v2\/product"}],"about":[{"href":"https:\/\/baldumarket.lt\/lt\/wp-json\/wp\/v2\/types\/product"}],"replies":[{"embeddable":true,"href":"https:\/\/baldumarket.lt\/lt\/wp-json\/wp\/v2\/comments?post=238998"}],"wp:featuredmedia":[{"embeddable":true,"href":"https:\/\/baldumarket.lt\/lt\/wp-json\/wp\/v2\/media\/239029"}],"wp:attachment":[{"href":"https:\/\/baldumarket.lt\/lt\/wp-json\/wp\/v2\/media?parent=238998"}],"wp:term":[{"taxonomy":"product_brand","embeddable":true,"href":"https:\/\/baldumarket.lt\/lt\/wp-json\/wp\/v2\/product_brand?post=238998"},{"taxonomy":"product_cat","embeddable":true,"href":"https:\/\/baldumarket.lt\/lt\/wp-json\/wp\/v2\/product_cat?post=238998"},{"taxonomy":"product_tag","embeddable":true,"href":"https:\/\/baldumarket.lt\/lt\/wp-json\/wp\/v2\/product_tag?post=238998"}],"curies":[{"name":"wp","href":"https:\/\/api.w.org\/{rel}","templated":true}]}}