{"id":238566,"date":"2025-12-30T18:00:48","date_gmt":"2025-12-30T15:00:48","guid":{"rendered":"https:\/\/baldumarket.lt\/?post_type=product&#038;p=238566"},"modified":"2026-02-03T23:05:31","modified_gmt":"2026-02-03T20:05:31","slug":"garderoba-z-siedziskiem-bianko-wersja-7","status":"publish","type":"product","link":"https:\/\/baldumarket.lt\/lt\/product\/garderoba-z-siedziskiem-bianko-wersja-7\/","title":{"rendered":"Bianko spinta su s\u0117dyne, 7 versija"},"content":{"rendered":"<p>\u201eBianko 7\u201c mink\u0161t\u0173 bald\u0173 spinta turi 70 cm bat\u0173 spintel\u0119, 70 cm pakabinam\u0105 spintel\u0119, kabykl\u0105 su kabliukais ir mink\u0161t\u0105 s\u0117dyn\u0117s panel\u0119:<br \/>\n1 vnt. 70 \u00d7 40 cm<br \/>\nStandartin\u0117je pakuot\u0117je yra dvi atidarymo sistemos: juodo metalo rankena ir atidarymo spustel\u0117jus sistema.<br \/>\nBaldas turi dvi kojeli\u0173 parinktis: juodo plastiko, 2 cm auk\u0161\u010dio ir 6 cm auk\u0161\u010dio pagrind\u0105.<br \/>\nApmu\u0161tas paneles galima tvirtinti tiesiai prie sienos arba spintos naudojant klijus arba \u201eVelcro\u201c (\u012f komplekt\u0105 ne\u012feina).<br \/>\nRekomenduojami \u201ePattex Fix\u201c klijai \u2013 1 vnt.<br \/>\nParametrai:<br \/>\nlaminuota plok\u0161t\u0117<br \/>\nlentos storis: 16 mm<br \/>\nspalva: ka\u0161myras<br \/>\nTrinity audinys \u2013 aksominis audinys \u2013 malonus liesti \u2013 ribotas i\u0161siliejusi\u0173 skys\u010di\u0173 sug\u0117rimas \u2013 sodrios spalvos, 210 000 trinties cikl\u0173<\/p>","protected":false},"excerpt":{"rendered":"<p>Plotis [cm]: 140<br \/>\nGylis [cm]: 40<\/p>","protected":false},"featured_media":238659,"comment_status":"open","ping_status":"closed","template":"","meta":[],"product_brand":[],"product_cat":[8761,1177],"product_tag":[],"class_list":{"0":"post-238566","1":"product","2":"type-product","3":"status-publish","4":"has-post-thumbnail","6":"product_cat-pkmebel","7":"product_cat-wardrobes","9":"first","10":"instock","11":"shipping-taxable","12":"purchasable","13":"product-type-variable","14":"wvs-archive-product-wrapper"},"_links":{"self":[{"href":"https:\/\/baldumarket.lt\/lt\/wp-json\/wp\/v2\/product\/238566","targetHints":{"allow":["GET"]}}],"collection":[{"href":"https:\/\/baldumarket.lt\/lt\/wp-json\/wp\/v2\/product"}],"about":[{"href":"https:\/\/baldumarket.lt\/lt\/wp-json\/wp\/v2\/types\/product"}],"replies":[{"embeddable":true,"href":"https:\/\/baldumarket.lt\/lt\/wp-json\/wp\/v2\/comments?post=238566"}],"wp:featuredmedia":[{"embeddable":true,"href":"https:\/\/baldumarket.lt\/lt\/wp-json\/wp\/v2\/media\/238659"}],"wp:attachment":[{"href":"https:\/\/baldumarket.lt\/lt\/wp-json\/wp\/v2\/media?parent=238566"}],"wp:term":[{"taxonomy":"product_brand","embeddable":true,"href":"https:\/\/baldumarket.lt\/lt\/wp-json\/wp\/v2\/product_brand?post=238566"},{"taxonomy":"product_cat","embeddable":true,"href":"https:\/\/baldumarket.lt\/lt\/wp-json\/wp\/v2\/product_cat?post=238566"},{"taxonomy":"product_tag","embeddable":true,"href":"https:\/\/baldumarket.lt\/lt\/wp-json\/wp\/v2\/product_tag?post=238566"}],"curies":[{"name":"wp","href":"https:\/\/api.w.org\/{rel}","templated":true}]}}