{"id":238548,"date":"2025-12-30T18:00:12","date_gmt":"2025-12-30T15:00:12","guid":{"rendered":"https:\/\/baldumarket.lt\/?post_type=product&#038;p=238548"},"modified":"2026-02-03T23:05:31","modified_gmt":"2026-02-03T20:05:31","slug":"garderoba-tapicerowana-sewilla-wersja-6","status":"publish","type":"product","link":"https:\/\/baldumarket.lt\/lt\/product\/garderoba-tapicerowana-sewilla-wersja-6\/","title":{"rendered":"Sevilijos mink\u0161ta spinta, 6 versija"},"content":{"rendered":"<p>Apmu\u0161toje \u201eSewilla 6\u201c spintoje yra 70 cm bat\u0173 spintel\u0117, palt\u0173 kabykla ir apmu\u0161tos panel\u0117s:<br \/>\n5 vnt. po 70 \u00d7 40 cm<br \/>\nApmu\u0161tos plok\u0161t\u0117s tvirtinamos tiesiai prie sienos ir spintos klijais arba lipnia juosta (nepridedama).<br \/>\nRekomenduojami \u201ePattex Fix\u201c klijai (neb\u016btina) \u2013 1 vnt.<br \/>\nSpecifikacijos:<br \/>\nBat\u0173 spintel\u0117 turi atidarymo sistem\u0105 \u201cstumiant\u201d<br \/>\nSidabrin\u0117s kojel\u0117s, 2 cm auk\u0161\u010dio, pagamintos i\u0161 plastiko<br \/>\nSpinta pagaminta i\u0161 16 mm storio laminuotos plok\u0161t\u0117s<br \/>\nSpalva kaip paveiksl\u0117lyje: Artisan Oak + matin\u0117 balta<br \/>\nTrinity audinys \u2013 aksominis audinys \u2013 malonus liesti \u2013 ribotas i\u0161siliejusi\u0173 skys\u010di\u0173 sug\u0117rimas \u2013 sodrios spalvos, 210 000 trinties cikl\u0173<\/p>","protected":false},"excerpt":{"rendered":"<p>Plotis [cm]: 70<br \/>\nAuk\u0161tis [cm]: 225<br \/>\nGylis [cm]: 40<\/p>","protected":false},"featured_media":238645,"comment_status":"open","ping_status":"closed","template":"","meta":[],"product_brand":[],"product_cat":[8761,1177],"product_tag":[],"class_list":{"0":"post-238548","1":"product","2":"type-product","3":"status-publish","4":"has-post-thumbnail","6":"product_cat-pkmebel","7":"product_cat-wardrobes","9":"first","10":"instock","11":"shipping-taxable","12":"purchasable","13":"product-type-variable","14":"wvs-archive-product-wrapper"},"_links":{"self":[{"href":"https:\/\/baldumarket.lt\/lt\/wp-json\/wp\/v2\/product\/238548","targetHints":{"allow":["GET"]}}],"collection":[{"href":"https:\/\/baldumarket.lt\/lt\/wp-json\/wp\/v2\/product"}],"about":[{"href":"https:\/\/baldumarket.lt\/lt\/wp-json\/wp\/v2\/types\/product"}],"replies":[{"embeddable":true,"href":"https:\/\/baldumarket.lt\/lt\/wp-json\/wp\/v2\/comments?post=238548"}],"wp:featuredmedia":[{"embeddable":true,"href":"https:\/\/baldumarket.lt\/lt\/wp-json\/wp\/v2\/media\/238645"}],"wp:attachment":[{"href":"https:\/\/baldumarket.lt\/lt\/wp-json\/wp\/v2\/media?parent=238548"}],"wp:term":[{"taxonomy":"product_brand","embeddable":true,"href":"https:\/\/baldumarket.lt\/lt\/wp-json\/wp\/v2\/product_brand?post=238548"},{"taxonomy":"product_cat","embeddable":true,"href":"https:\/\/baldumarket.lt\/lt\/wp-json\/wp\/v2\/product_cat?post=238548"},{"taxonomy":"product_tag","embeddable":true,"href":"https:\/\/baldumarket.lt\/lt\/wp-json\/wp\/v2\/product_tag?post=238548"}],"curies":[{"name":"wp","href":"https:\/\/api.w.org\/{rel}","templated":true}]}}