{"id":238530,"date":"2025-12-30T17:59:36","date_gmt":"2025-12-30T14:59:36","guid":{"rendered":"https:\/\/baldumarket.lt\/?post_type=product&#038;p=238530"},"modified":"2026-02-03T23:05:31","modified_gmt":"2026-02-03T20:05:31","slug":"garderoba-tapicerowana-sewilla-wersja-4","status":"publish","type":"product","link":"https:\/\/baldumarket.lt\/lt\/product\/garderoba-tapicerowana-sewilla-wersja-4\/","title":{"rendered":"Sevilijos mink\u0161ta spinta, 4 versija"},"content":{"rendered":"<p>\u201eSewilla 4\u201c apmu\u0161t\u0105 spint\u0105 sudaro dvi 70 cm spintos + du prailginimai, prie sienos tvirtinama spintel\u0117, 70 cm bat\u0173 spintel\u0117, palt\u0173 kabykla ir apmu\u0161tos panel\u0117s:<br \/>\n4 vnt. 70 \u00d7 40 cm<br \/>\nApmu\u0161tos plok\u0161t\u0117s tvirtinamos tiesiai prie sienos ir spintos klijais arba \u201eVelcro\u201c juostele (nepridedama). Rekomenduojamas \u201ePattex Fix\u201c klij\u0173 rinkinys (nepridedamas) \u2013 1 vnt.<br \/>\nParametrai:<br \/>\n\u201cAtidarymo sistema \u201dPaspauskite, kad atidarytum\u0117te\u201c<br \/>\nSpintos turi skersin\u012f \u2013 kiekvienai spintai galima u\u017esisakyti po tris lentynas.<br \/>\nVeidrod\u017eiai i\u0161 dviej\u0173 front\u0173<br \/>\nSidabrin\u0117s kojel\u0117s, 2 cm auk\u0161\u010dio, pagamintos i\u0161 plastiko<br \/>\nSpinta pagaminta i\u0161 16 mm storio laminuotos plok\u0161t\u0117s<br \/>\nSpalva, kaip parodyta nuotraukoje: Artisan Oak + matin\u0117 balta<br \/>\n\u201eTrinity Fabric\u201c \u2013 aksominis audinys \u2013 malonus liesti \u2013 ribotas i\u0161siliejusi\u0173 skys\u010di\u0173 sug\u0117rimas \u2013 sodrios spalvos, 210 000 trinties cikl\u0173<\/p>","protected":false},"excerpt":{"rendered":"<p>Plotis [cm]: 210<br \/>\nAuk\u0161tis [cm]: 225<br \/>\nGylis [cm]: 40<\/p>","protected":false},"featured_media":238631,"comment_status":"open","ping_status":"closed","template":"","meta":[],"product_brand":[],"product_cat":[8761,1177],"product_tag":[],"class_list":{"0":"post-238530","1":"product","2":"type-product","3":"status-publish","4":"has-post-thumbnail","6":"product_cat-pkmebel","7":"product_cat-wardrobes","9":"first","10":"instock","11":"shipping-taxable","12":"purchasable","13":"product-type-variable","14":"wvs-archive-product-wrapper"},"_links":{"self":[{"href":"https:\/\/baldumarket.lt\/lt\/wp-json\/wp\/v2\/product\/238530","targetHints":{"allow":["GET"]}}],"collection":[{"href":"https:\/\/baldumarket.lt\/lt\/wp-json\/wp\/v2\/product"}],"about":[{"href":"https:\/\/baldumarket.lt\/lt\/wp-json\/wp\/v2\/types\/product"}],"replies":[{"embeddable":true,"href":"https:\/\/baldumarket.lt\/lt\/wp-json\/wp\/v2\/comments?post=238530"}],"wp:featuredmedia":[{"embeddable":true,"href":"https:\/\/baldumarket.lt\/lt\/wp-json\/wp\/v2\/media\/238631"}],"wp:attachment":[{"href":"https:\/\/baldumarket.lt\/lt\/wp-json\/wp\/v2\/media?parent=238530"}],"wp:term":[{"taxonomy":"product_brand","embeddable":true,"href":"https:\/\/baldumarket.lt\/lt\/wp-json\/wp\/v2\/product_brand?post=238530"},{"taxonomy":"product_cat","embeddable":true,"href":"https:\/\/baldumarket.lt\/lt\/wp-json\/wp\/v2\/product_cat?post=238530"},{"taxonomy":"product_tag","embeddable":true,"href":"https:\/\/baldumarket.lt\/lt\/wp-json\/wp\/v2\/product_tag?post=238530"}],"curies":[{"name":"wp","href":"https:\/\/api.w.org\/{rel}","templated":true}]}}