{"id":238486,"date":"2025-12-30T17:58:14","date_gmt":"2025-12-30T14:58:14","guid":{"rendered":"https:\/\/baldumarket.lt\/?post_type=product&#038;p=238486"},"modified":"2026-02-03T23:05:32","modified_gmt":"2026-02-03T20:05:32","slug":"garderoba-tapicerowana-romeo-bez-lustra-i-uchwytow-wersja-4","status":"publish","type":"product","link":"https:\/\/baldumarket.lt\/lt\/product\/garderoba-tapicerowana-romeo-bez-lustra-i-uchwytow-wersja-4\/","title":{"rendered":"Romeo apmu\u0161ta spinta be veidrod\u017eio ir ranken\u0173, 4 versija"},"content":{"rendered":"<p>\u201eRomeo 4\u201c apmu\u0161t\u0105 spint\u0105 sudaro 70 cm spinta, spintos prailginimas, 70 cm bat\u0173 spintel\u0117, kabykla paltams su kabliukais ir apmu\u0161tos panel\u0117s:<br \/>\n7 vnt. 120 \u00d7 10 cm<br \/>\n14 vnt. 40 \u00d7 10 cm<br \/>\nDviej\u0173 dur\u0173 varstoma spinta, atidaroma stumiant<br \/>\nSpint\u0173 fasadai yra frezuoti ir lyg\u016bs.<br \/>\nSpinta ir bat\u0173 spintel\u0117 standarti\u0161kai komplektuojamos su juodomis plastikin\u0117mis kojel\u0117mis.<br \/>\nSpinta ir bat\u0173 spintel\u0117 taip pat gali b\u016bti su auk\u0161tomis, juodomis metalin\u0117mis kojel\u0117mis (neb\u016btina).<br \/>\nApmu\u0161tos plok\u0161t\u0117s tvirtinamos tiesiai prie sienos ir spintos klijais arba \u201eVelcro\u201c juostele (nepridedama). Rekomenduojami \u201ePattex Fix\u201c klijai (neprivaloma) \u2013 4 vnt.<br \/>\nParametrai:<br \/>\nLaminuota plok\u0161t\u0117<br \/>\nLentos storis: 16 mm<br \/>\nSpalva: Ka\u0161myras<br \/>\nTrinity audinys \u2013 aksominis audinys \u2013 malonus liesti \u2013 ribotas i\u0161siliejusi\u0173 skys\u010di\u0173 sug\u0117rimas \u2013 sodrios spalvos, atsparumas dilimui: 210 000 cikl\u0173<\/p>","protected":false},"excerpt":{"rendered":"<p>Plotis [cm]: 140<br \/>\n\u016agis [cm]: 225\u2013235<br \/>\nGylis [cm]: 40<\/p>","protected":false},"featured_media":238575,"comment_status":"open","ping_status":"closed","template":"","meta":[],"product_brand":[],"product_cat":[8761,1177],"product_tag":[],"class_list":{"0":"post-238486","1":"product","2":"type-product","3":"status-publish","4":"has-post-thumbnail","6":"product_cat-pkmebel","7":"product_cat-wardrobes","9":"first","10":"instock","11":"shipping-taxable","12":"purchasable","13":"product-type-variable","14":"wvs-archive-product-wrapper"},"_links":{"self":[{"href":"https:\/\/baldumarket.lt\/lt\/wp-json\/wp\/v2\/product\/238486","targetHints":{"allow":["GET"]}}],"collection":[{"href":"https:\/\/baldumarket.lt\/lt\/wp-json\/wp\/v2\/product"}],"about":[{"href":"https:\/\/baldumarket.lt\/lt\/wp-json\/wp\/v2\/types\/product"}],"replies":[{"embeddable":true,"href":"https:\/\/baldumarket.lt\/lt\/wp-json\/wp\/v2\/comments?post=238486"}],"wp:featuredmedia":[{"embeddable":true,"href":"https:\/\/baldumarket.lt\/lt\/wp-json\/wp\/v2\/media\/238575"}],"wp:attachment":[{"href":"https:\/\/baldumarket.lt\/lt\/wp-json\/wp\/v2\/media?parent=238486"}],"wp:term":[{"taxonomy":"product_brand","embeddable":true,"href":"https:\/\/baldumarket.lt\/lt\/wp-json\/wp\/v2\/product_brand?post=238486"},{"taxonomy":"product_cat","embeddable":true,"href":"https:\/\/baldumarket.lt\/lt\/wp-json\/wp\/v2\/product_cat?post=238486"},{"taxonomy":"product_tag","embeddable":true,"href":"https:\/\/baldumarket.lt\/lt\/wp-json\/wp\/v2\/product_tag?post=238486"}],"curies":[{"name":"wp","href":"https:\/\/api.w.org\/{rel}","templated":true}]}}