{"id":238476,"date":"2025-12-30T17:58:01","date_gmt":"2025-12-30T14:58:01","guid":{"rendered":"https:\/\/baldumarket.lt\/?post_type=product&#038;p=238476"},"modified":"2026-02-03T23:05:33","modified_gmt":"2026-02-03T20:05:33","slug":"garderoba-tapicerowana-bianko-wersja-5","status":"publish","type":"product","link":"https:\/\/baldumarket.lt\/lt\/product\/garderoba-tapicerowana-bianko-wersja-5\/","title":{"rendered":"Bianko mink\u0161ta spinta, 5 versija"},"content":{"rendered":"<p>\u201eBianko 5\u201c apmu\u0161t\u0105 spint\u0105 sudaro 70 cm bat\u0173 spintel\u0117, 70 cm pakabinama spintel\u0117, kabykla paltams su kabliukais ir apmu\u0161tos panel\u0117s:<br \/>\n4 vnt. po 70 \u00d7 40 cm<br \/>\nStandartin\u0117je pakuot\u0117je yra dvi atidarymo sistemos: juodo metalo rankena ir atidarymo spustel\u0117jus sistema.<br \/>\nBaldas turi dvi kojeli\u0173 parinktis: juodo plastiko, 2 cm auk\u0161\u010dio ir 6 cm auk\u0161\u010dio pagrind\u0105.<br \/>\nApmu\u0161tas paneles galima tvirtinti tiesiai prie sienos arba spintos naudojant klijus arba \u201eVelcro\u201c (nepridedama).<br \/>\nRekomenduojami \u201ePattex Fix\u201c klijai (neb\u016btina) \u2013 1 vnt.<br \/>\nParametrai:<br \/>\nlaminuota plok\u0161t\u0117<br \/>\nlentos storis: 16 mm<br \/>\nspalva: ka\u0161myras<br \/>\nTrinity audinys \u2013 aksominis audinys \u2013 malonus liesti \u2013 ribotas i\u0161siliejusi\u0173 skys\u010di\u0173 sug\u0117rimas \u2013 sodrios spalvos, 210 000 trinties cikl\u0173<\/p>","protected":false},"excerpt":{"rendered":"<p>Plotis [cm]: 70<br \/>\nAuk\u0161tis [cm]: apie 220 cm<br \/>\nGylis [cm]: 40<\/p>","protected":false},"featured_media":238533,"comment_status":"open","ping_status":"closed","template":"","meta":[],"product_brand":[],"product_cat":[8761,1177],"product_tag":[],"class_list":{"0":"post-238476","1":"product","2":"type-product","3":"status-publish","4":"has-post-thumbnail","6":"product_cat-pkmebel","7":"product_cat-wardrobes","9":"first","10":"instock","11":"shipping-taxable","12":"purchasable","13":"product-type-variable","14":"wvs-archive-product-wrapper"},"_links":{"self":[{"href":"https:\/\/baldumarket.lt\/lt\/wp-json\/wp\/v2\/product\/238476","targetHints":{"allow":["GET"]}}],"collection":[{"href":"https:\/\/baldumarket.lt\/lt\/wp-json\/wp\/v2\/product"}],"about":[{"href":"https:\/\/baldumarket.lt\/lt\/wp-json\/wp\/v2\/types\/product"}],"replies":[{"embeddable":true,"href":"https:\/\/baldumarket.lt\/lt\/wp-json\/wp\/v2\/comments?post=238476"}],"wp:featuredmedia":[{"embeddable":true,"href":"https:\/\/baldumarket.lt\/lt\/wp-json\/wp\/v2\/media\/238533"}],"wp:attachment":[{"href":"https:\/\/baldumarket.lt\/lt\/wp-json\/wp\/v2\/media?parent=238476"}],"wp:term":[{"taxonomy":"product_brand","embeddable":true,"href":"https:\/\/baldumarket.lt\/lt\/wp-json\/wp\/v2\/product_brand?post=238476"},{"taxonomy":"product_cat","embeddable":true,"href":"https:\/\/baldumarket.lt\/lt\/wp-json\/wp\/v2\/product_cat?post=238476"},{"taxonomy":"product_tag","embeddable":true,"href":"https:\/\/baldumarket.lt\/lt\/wp-json\/wp\/v2\/product_tag?post=238476"}],"curies":[{"name":"wp","href":"https:\/\/api.w.org\/{rel}","templated":true}]}}