{"id":238468,"date":"2025-12-30T17:57:49","date_gmt":"2025-12-30T14:57:49","guid":{"rendered":"https:\/\/baldumarket.lt\/?post_type=product&#038;p=238468"},"modified":"2026-02-03T23:05:33","modified_gmt":"2026-02-03T20:05:33","slug":"garderoba-tapicerowana-bianko-wersja-1","status":"publish","type":"product","link":"https:\/\/baldumarket.lt\/lt\/product\/garderoba-tapicerowana-bianko-wersja-1\/","title":{"rendered":"Bianko mink\u0161ta spinta, 1 versija"},"content":{"rendered":"<p>\u201eBianko 1\u201c apmu\u0161t\u0105 spint\u0105 sudaro 70 cm spinta + prailginimas, 70 cm bat\u0173 spintel\u0117, 70 cm pakabinama spintel\u0117, kabykla paltams su kabliukais ir apmu\u0161tos panel\u0117s:<br \/>\n4 vnt. po 70 \u00d7 40 cm<br \/>\nStandarti\u0161kai pakuot\u0117je yra dvi atidarymo sistemos: juodo metalo rankena ir atidarymo spustel\u0117jus sistema.<br \/>\nBaldas turi dvi kojeli\u0173 parinktis: juodo plastiko, 2 cm auk\u0161\u010dio ir 6 cm auk\u0161\u010dio pagrind\u0105.<br \/>\nSpinta galima \u012fsigyti su veidrod\u017eiu arba be jo \u2013 d\u0117l variant\u0173 teiraukit\u0117s.<br \/>\nApmu\u0161tos plok\u0161t\u0117s tvirtinamos tiesiai prie sienos ir spintos klijais arba \u201eVelcro\u201c juosta (\u012f komplekt\u0105 ne\u012feina). Rekomenduojamas \u201ePattex Fix\u201c klij\u0173 kiekis (nepridedamas) \u2013 1 vnt.<br \/>\nParametrai:<br \/>\nLaminuota plok\u0161t\u0117<br \/>\nLentos storis: 16 mm<br \/>\nSpalva: Ka\u0161myras<br \/>\nTrinity audinys \u2013 aksominis audinys \u2013 malonus liesti \u2013 ribotas i\u0161siliejusi\u0173 skys\u010di\u0173 sug\u0117rimas \u2013 sodrios spalvos, atsparumas dilimui: 210 000 cikl\u0173<\/p>","protected":false},"excerpt":{"rendered":"<p>Plotis [cm]: 140<br \/>\n\u016agis [cm]: 225\u2013229<br \/>\nGylis [cm]: 40<\/p>","protected":false},"featured_media":238498,"comment_status":"open","ping_status":"closed","template":"","meta":[],"product_brand":[],"product_cat":[8761,1177],"product_tag":[],"class_list":{"0":"post-238468","1":"product","2":"type-product","3":"status-publish","4":"has-post-thumbnail","6":"product_cat-pkmebel","7":"product_cat-wardrobes","9":"first","10":"instock","11":"shipping-taxable","12":"purchasable","13":"product-type-variable","14":"wvs-archive-product-wrapper"},"_links":{"self":[{"href":"https:\/\/baldumarket.lt\/lt\/wp-json\/wp\/v2\/product\/238468","targetHints":{"allow":["GET"]}}],"collection":[{"href":"https:\/\/baldumarket.lt\/lt\/wp-json\/wp\/v2\/product"}],"about":[{"href":"https:\/\/baldumarket.lt\/lt\/wp-json\/wp\/v2\/types\/product"}],"replies":[{"embeddable":true,"href":"https:\/\/baldumarket.lt\/lt\/wp-json\/wp\/v2\/comments?post=238468"}],"wp:featuredmedia":[{"embeddable":true,"href":"https:\/\/baldumarket.lt\/lt\/wp-json\/wp\/v2\/media\/238498"}],"wp:attachment":[{"href":"https:\/\/baldumarket.lt\/lt\/wp-json\/wp\/v2\/media?parent=238468"}],"wp:term":[{"taxonomy":"product_brand","embeddable":true,"href":"https:\/\/baldumarket.lt\/lt\/wp-json\/wp\/v2\/product_brand?post=238468"},{"taxonomy":"product_cat","embeddable":true,"href":"https:\/\/baldumarket.lt\/lt\/wp-json\/wp\/v2\/product_cat?post=238468"},{"taxonomy":"product_tag","embeddable":true,"href":"https:\/\/baldumarket.lt\/lt\/wp-json\/wp\/v2\/product_tag?post=238468"}],"curies":[{"name":"wp","href":"https:\/\/api.w.org\/{rel}","templated":true}]}}