{"id":238417,"date":"2025-12-30T17:44:04","date_gmt":"2025-12-30T14:44:04","guid":{"rendered":"https:\/\/baldumarket.lt\/?post_type=product&#038;p=238417"},"modified":"2026-02-03T23:05:33","modified_gmt":"2026-02-03T20:05:33","slug":"zestaw-tapicerowany-wypoczynkowy-321-scandi-markos-gr2","status":"publish","type":"product","link":"https:\/\/baldumarket.lt\/lt\/product\/zestaw-tapicerowany-wypoczynkowy-321-scandi-markos-gr2\/","title":{"rendered":"Mink\u0161tas poilsio komplektas 3+2+1 Scandi Markos Gr2"},"content":{"rendered":"<p>\u201eScandi Markos\u201c komplektas \u2013 tai avangardinio stiliaus svetain\u0117s baldai, pasi\u017eymintys ak\u012f traukian\u010diomis formomis ir i\u0161skirtiniu originalumu d\u0117l unikalaus dizaino.<br \/>\nSpecifikacijos:<br \/>\nPagaminta i\u0161 auk\u0161tos kokyb\u0117s med\u017eiag\u0173<br \/>\nLabai elastingas putplastis<br \/>\nLaisvai stovintys baldai<br \/>\nKavalerijos spyruokl\u0117s<br \/>\nN\u0117ra patalyn\u0117s laikymo vietos<br \/>\nN\u0117ra miego funkcijos<br \/>\n\u012e kain\u0105 \u012fskai\u010diuotos triviet\u0117s ir dviviet\u0117s sofos bei fotelis.<br \/>\nKomplekt\u0105 galima \u012fsigyti tik i\u0161 audini\u0173, esan\u010di\u0173 skirtuke \u201cPasirinkti spalv\u0105\u201d \u2013 kit\u0173 audini\u0173 n\u0117ra.<\/p>","protected":false},"excerpt":{"rendered":"<p>\u201eScandi Markos\u201c komplektas \u2013 tai avangardinio stiliaus svetain\u0117s baldai, pasi\u017eymintys ak\u012f traukian\u010diomis formomis ir i\u0161skirtiniu originalumu d\u0117l unikalaus dizaino. Specifikacijos: Pagaminta i\u0161 auk\u0161tos kokyb\u0117s med\u017eiag\u0173; Labai elastingas putplastis; Laisvai stovintys baldai; Spyruoklin\u0117s spyruokl\u0117s; N\u0117ra patalyn\u0117s laikymo vietos; N\u0117ra miegojimo funkcijos. \u012e kain\u0105 \u012fskai\u010diuotos 3 ir 2 viet\u0173 sofos ir fotelis. Komplekt\u0105 galima \u012fsigyti tik su audiniais [\u2026]<\/p>","protected":false},"featured_media":238453,"comment_status":"open","ping_status":"closed","template":"","meta":[],"product_brand":[],"product_cat":[9133],"product_tag":[],"class_list":{"0":"post-238417","1":"product","2":"type-product","3":"status-publish","4":"has-post-thumbnail","6":"product_cat-grouped","8":"first","9":"instock","10":"shipping-taxable","11":"purchasable","12":"product-type-variable","13":"wvs-archive-product-wrapper"},"_links":{"self":[{"href":"https:\/\/baldumarket.lt\/lt\/wp-json\/wp\/v2\/product\/238417","targetHints":{"allow":["GET"]}}],"collection":[{"href":"https:\/\/baldumarket.lt\/lt\/wp-json\/wp\/v2\/product"}],"about":[{"href":"https:\/\/baldumarket.lt\/lt\/wp-json\/wp\/v2\/types\/product"}],"replies":[{"embeddable":true,"href":"https:\/\/baldumarket.lt\/lt\/wp-json\/wp\/v2\/comments?post=238417"}],"wp:featuredmedia":[{"embeddable":true,"href":"https:\/\/baldumarket.lt\/lt\/wp-json\/wp\/v2\/media\/238453"}],"wp:attachment":[{"href":"https:\/\/baldumarket.lt\/lt\/wp-json\/wp\/v2\/media?parent=238417"}],"wp:term":[{"taxonomy":"product_brand","embeddable":true,"href":"https:\/\/baldumarket.lt\/lt\/wp-json\/wp\/v2\/product_brand?post=238417"},{"taxonomy":"product_cat","embeddable":true,"href":"https:\/\/baldumarket.lt\/lt\/wp-json\/wp\/v2\/product_cat?post=238417"},{"taxonomy":"product_tag","embeddable":true,"href":"https:\/\/baldumarket.lt\/lt\/wp-json\/wp\/v2\/product_tag?post=238417"}],"curies":[{"name":"wp","href":"https:\/\/api.w.org\/{rel}","templated":true}]}}