{"id":238395,"date":"2025-12-30T17:42:58","date_gmt":"2025-12-30T14:42:58","guid":{"rendered":"https:\/\/baldumarket.lt\/?post_type=product&#038;p=238395"},"modified":"2026-02-03T23:05:34","modified_gmt":"2026-02-03T20:05:34","slug":"wersalka-rozkladana-z-bokami-sara","status":"publish","type":"product","link":"https:\/\/baldumarket.lt\/lt\/product\/wersalka-rozkladana-z-bokami-sara\/","title":{"rendered":"Sara sofa-lova su \u0161onais"},"content":{"rendered":"<p>Sofa-lova \u201eSara\u201c \u2013 tai avangardinio stiliaus svetain\u0117s baldas, kurio formos traukia ak\u012f, o unikalus dizainas \u2013 i\u0161skirtinai originalus.<br \/>\nSpecifikacijos:<br \/>\n\u012ed\u0117ta banguotomis spyruokl\u0117mis ir T30 putplas\u010diu<br \/>\nI\u0161lankstomas su miegojimo funkcija<br \/>\nPatalyn\u0117 saugykla<br \/>\nSofos-lovos atidarymas spragtel\u0117jimu<br \/>\nKojel\u0117s galimos: baltos, juodos arba nat\u016bralios<\/p>","protected":false},"excerpt":{"rendered":"<p>Sofa-lova \u201eSara\u201c \u2013 tai avangardinio stiliaus svetain\u0117s baldas, kurio formos traukia ak\u012f, o unikalus dizainas \u2013 i\u0161skirtinai originalus. Specifikacijos: su banguotomis spyruokl\u0117mis ir T30 putomis; i\u0161skleid\u017eiama su miegojimo funkcija; patalyn\u0117s d\u0117\u017e\u0117; sofos-lovos atidarymas spragteliu; kojel\u0117s: baltos, juodos arba nat\u016bralios.<\/p>","protected":false},"featured_media":238439,"comment_status":"open","ping_status":"closed","template":"","meta":[],"product_brand":[],"product_cat":[8761,560],"product_tag":[],"class_list":{"0":"post-238395","1":"product","2":"type-product","3":"status-publish","4":"has-post-thumbnail","6":"product_cat-pkmebel","7":"product_cat-sofas-and-couches","9":"first","10":"instock","11":"shipping-taxable","12":"product-type-grouped"},"_links":{"self":[{"href":"https:\/\/baldumarket.lt\/lt\/wp-json\/wp\/v2\/product\/238395","targetHints":{"allow":["GET"]}}],"collection":[{"href":"https:\/\/baldumarket.lt\/lt\/wp-json\/wp\/v2\/product"}],"about":[{"href":"https:\/\/baldumarket.lt\/lt\/wp-json\/wp\/v2\/types\/product"}],"replies":[{"embeddable":true,"href":"https:\/\/baldumarket.lt\/lt\/wp-json\/wp\/v2\/comments?post=238395"}],"wp:featuredmedia":[{"embeddable":true,"href":"https:\/\/baldumarket.lt\/lt\/wp-json\/wp\/v2\/media\/238439"}],"wp:attachment":[{"href":"https:\/\/baldumarket.lt\/lt\/wp-json\/wp\/v2\/media?parent=238395"}],"wp:term":[{"taxonomy":"product_brand","embeddable":true,"href":"https:\/\/baldumarket.lt\/lt\/wp-json\/wp\/v2\/product_brand?post=238395"},{"taxonomy":"product_cat","embeddable":true,"href":"https:\/\/baldumarket.lt\/lt\/wp-json\/wp\/v2\/product_cat?post=238395"},{"taxonomy":"product_tag","embeddable":true,"href":"https:\/\/baldumarket.lt\/lt\/wp-json\/wp\/v2\/product_tag?post=238395"}],"curies":[{"name":"wp","href":"https:\/\/api.w.org\/{rel}","templated":true}]}}