{"id":238360,"date":"2025-12-30T17:41:18","date_gmt":"2025-12-30T14:41:18","guid":{"rendered":"https:\/\/baldumarket.lt\/?post_type=product&#038;p=238360"},"modified":"2026-02-03T23:05:35","modified_gmt":"2026-02-03T20:05:35","slug":"wersalka-rozkladana-z-bokami-fioro-gr1","status":"publish","type":"product","link":"https:\/\/baldumarket.lt\/lt\/product\/wersalka-rozkladana-z-bokami-fioro-gr1\/","title":{"rendered":"Fioro Gr1 i\u0161skleid\u017eiama sofa-lova su \u0161onais"},"content":{"rendered":"<p>\u201eFioro\u201c sofa-lova \u2013 tai avangardinio stiliaus svetain\u0117s baldas, kurio formos traukia ak\u012f ir yra i\u0161skirtinai originalios d\u0117l unikalaus dizaino.<br \/>\nSavyb\u0117s:<br \/>\n\u012ed\u0117ta banguotomis spyruokl\u0117mis ir T30 putplas\u010diu<br \/>\nI\u0161lankstomas su miegojimo funkcija<br \/>\nPatalyn\u0117 saugykla<br \/>\nSofa-lova su spragtel\u0117jimu<br \/>\nGalimos kojel\u0117s \u2013 baltos, juodos arba nat\u016bralios<br \/>\nNuotraukoje pavaizduotas \u201ePoso\u201c kordoro audinys \u2013 pasirinkus kit\u0105 audin\u012f, sofa bus vienspalv\u0117.<\/p>","protected":false},"excerpt":{"rendered":"<p>Plotis [cm]: 227<br \/>\nAuk\u0161tis [cm]: 93<br \/>\nS\u0117dyn\u0117s auk\u0161tis [cm]: 47<br \/>\nGylis [cm]: 90<br \/>\nS\u0117dyn\u0117s gylis [cm]: 55<br \/>\nMiegamasis plotas [cm]: 110 \u00d7 200<\/p>","protected":false},"featured_media":238421,"comment_status":"open","ping_status":"closed","template":"","meta":[],"product_brand":[],"product_cat":[9133],"product_tag":[],"class_list":{"0":"post-238360","1":"product","2":"type-product","3":"status-publish","4":"has-post-thumbnail","6":"product_cat-grouped","8":"first","9":"instock","10":"shipping-taxable","11":"purchasable","12":"product-type-variable","13":"wvs-archive-product-wrapper"},"_links":{"self":[{"href":"https:\/\/baldumarket.lt\/lt\/wp-json\/wp\/v2\/product\/238360","targetHints":{"allow":["GET"]}}],"collection":[{"href":"https:\/\/baldumarket.lt\/lt\/wp-json\/wp\/v2\/product"}],"about":[{"href":"https:\/\/baldumarket.lt\/lt\/wp-json\/wp\/v2\/types\/product"}],"replies":[{"embeddable":true,"href":"https:\/\/baldumarket.lt\/lt\/wp-json\/wp\/v2\/comments?post=238360"}],"wp:featuredmedia":[{"embeddable":true,"href":"https:\/\/baldumarket.lt\/lt\/wp-json\/wp\/v2\/media\/238421"}],"wp:attachment":[{"href":"https:\/\/baldumarket.lt\/lt\/wp-json\/wp\/v2\/media?parent=238360"}],"wp:term":[{"taxonomy":"product_brand","embeddable":true,"href":"https:\/\/baldumarket.lt\/lt\/wp-json\/wp\/v2\/product_brand?post=238360"},{"taxonomy":"product_cat","embeddable":true,"href":"https:\/\/baldumarket.lt\/lt\/wp-json\/wp\/v2\/product_cat?post=238360"},{"taxonomy":"product_tag","embeddable":true,"href":"https:\/\/baldumarket.lt\/lt\/wp-json\/wp\/v2\/product_tag?post=238360"}],"curies":[{"name":"wp","href":"https:\/\/api.w.org\/{rel}","templated":true}]}}