{"id":238324,"date":"2025-12-30T17:39:35","date_gmt":"2025-12-30T14:39:35","guid":{"rendered":"https:\/\/baldumarket.lt\/?post_type=product&#038;p=238324"},"modified":"2026-02-03T23:05:36","modified_gmt":"2026-02-03T20:05:36","slug":"wersalka-rozkladana-180-sonia-gr1","status":"publish","type":"product","link":"https:\/\/baldumarket.lt\/lt\/product\/wersalka-rozkladana-180-sonia-gr1\/","title":{"rendered":"Sofa-lova 180 Sonia Gr1"},"content":{"rendered":"<p>\u201eSonia\u201c sofa-lova \u2013 tai avangardinio stiliaus svetain\u0117s baldas, kurio formos traukia ak\u012f ir yra i\u0161skirtinai originalios d\u0117l unikalaus dizaino.<br \/>\nSavyb\u0117s:<br \/>\nPagaminta i\u0161 auk\u0161tos kokyb\u0117s med\u017eiag\u0173<br \/>\nPatalyn\u0117 saugykla<br \/>\nBanguota spyruokl\u0117<br \/>\nSofa-lova su spragtel\u0117jimu<br \/>\nSi\u016blome sofas-lovas su visais s\u0105ra\u0161e esan\u010diais audiniais, i\u0161skyrus:<br \/>\n\u2013 Royal (Milinkiewicz)<br \/>\n\u2013 Trejyb\u0117 (SIC)<br \/>\n\u2013 Velutto (SIC)<br \/>\n\u2013 Rivjera (Deivisas)<br \/>\n\u2013 Kajenas (SIC)<br \/>\n\u2013 Mink\u0161tas (LECH)<br \/>\nGalimos koj\u0173 spalvos: balta, juoda ir nat\u016brali.<\/p>","protected":false},"excerpt":{"rendered":"<p>Plotis [cm]: 200<br \/>\nAuk\u0161tis [cm]: 93<br \/>\nS\u0117dyn\u0117s auk\u0161tis [cm]: 55<br \/>\nGylis [cm]: 90<br \/>\nS\u0117dyn\u0117s gylis [cm]: 55<br \/>\nMiegamasis plotas [cm]: 120 \u00d7 200<\/p>","protected":false},"featured_media":238385,"comment_status":"open","ping_status":"closed","template":"","meta":[],"product_brand":[],"product_cat":[9133],"product_tag":[],"class_list":{"0":"post-238324","1":"product","2":"type-product","3":"status-publish","4":"has-post-thumbnail","6":"product_cat-grouped","8":"first","9":"instock","10":"shipping-taxable","11":"purchasable","12":"product-type-variable","13":"wvs-archive-product-wrapper"},"_links":{"self":[{"href":"https:\/\/baldumarket.lt\/lt\/wp-json\/wp\/v2\/product\/238324","targetHints":{"allow":["GET"]}}],"collection":[{"href":"https:\/\/baldumarket.lt\/lt\/wp-json\/wp\/v2\/product"}],"about":[{"href":"https:\/\/baldumarket.lt\/lt\/wp-json\/wp\/v2\/types\/product"}],"replies":[{"embeddable":true,"href":"https:\/\/baldumarket.lt\/lt\/wp-json\/wp\/v2\/comments?post=238324"}],"wp:featuredmedia":[{"embeddable":true,"href":"https:\/\/baldumarket.lt\/lt\/wp-json\/wp\/v2\/media\/238385"}],"wp:attachment":[{"href":"https:\/\/baldumarket.lt\/lt\/wp-json\/wp\/v2\/media?parent=238324"}],"wp:term":[{"taxonomy":"product_brand","embeddable":true,"href":"https:\/\/baldumarket.lt\/lt\/wp-json\/wp\/v2\/product_brand?post=238324"},{"taxonomy":"product_cat","embeddable":true,"href":"https:\/\/baldumarket.lt\/lt\/wp-json\/wp\/v2\/product_cat?post=238324"},{"taxonomy":"product_tag","embeddable":true,"href":"https:\/\/baldumarket.lt\/lt\/wp-json\/wp\/v2\/product_tag?post=238324"}],"curies":[{"name":"wp","href":"https:\/\/api.w.org\/{rel}","templated":true}]}}