{"id":238323,"date":"2025-12-30T17:39:34","date_gmt":"2025-12-30T14:39:34","guid":{"rendered":"https:\/\/baldumarket.lt\/?post_type=product&#038;p=238323"},"modified":"2026-02-03T23:05:37","modified_gmt":"2026-02-03T20:05:37","slug":"wersalka-rozkladana-179-polka","status":"publish","type":"product","link":"https:\/\/baldumarket.lt\/lt\/product\/wersalka-rozkladana-179-polka\/","title":{"rendered":"Sulankstoma sofa-lova 179 Polka"},"content":{"rendered":"<p>\u201ePolka\u201c sofa-lova \u2013 tai avangardinio stiliaus svetain\u0117s baldas, kurio formos traukia ak\u012f ir yra i\u0161skirtinai originalios d\u0117l unikalaus dizaino.<br \/>\nSavyb\u0117s:<br \/>\nPagaminta i\u0161 auk\u0161tos kokyb\u0117s med\u017eiag\u0173<br \/>\nPatalyn\u0117 saugykla<br \/>\nBanguota spyruokl\u0117<br \/>\nSofa-lova su spragtel\u0117jimu<br \/>\nSofas-lovas gaminame i\u0161 vis\u0173 audini\u0173 i\u0161 s\u0105ra\u0161o, i\u0161skyrus:<br \/>\n\u2013 Royal (Milinkiewicz)<br \/>\n\u2013 Trejyb\u0117 (SIC)<br \/>\n\u2013 Velutto (SIC)<br \/>\n\u2013 Rivjera (Deivisas)<br \/>\n\u2013 Kajenas (SIC)<br \/>\n\u2013 Mink\u0161tas (LECH)<br \/>\nGalimos koj\u0173 spalvos: balta, juoda ir nat\u016brali.<\/p>","protected":false},"excerpt":{"rendered":"<p>\u201ePolka\u201c sofa-lova \u2013 tai avangardinio stiliaus svetain\u0117s baldas, kurio formos traukia ak\u012f ir yra i\u0161skirtinai originalios d\u0117l unikalaus dizaino. Savyb\u0117s: pagaminta i\u0161 auk\u0161tos kokyb\u0117s med\u017eiag\u0173; patalyn\u0117s laikymo vieta; banguota spyruoklin\u0117 sofa-lova; spragtel\u0117jimo tipo sofa-lova. Savo sofas-lovas gaminame i\u0161 vis\u0173 audini\u0173 i\u0161 s\u0105ra\u0161o, i\u0161skyrus: \u2013 \u201eRoyal\u201c (Milinkiewicz) \u2013 \u201eTrinity\u201c (SIC) [\u2026]<\/p>","protected":false},"featured_media":238373,"comment_status":"open","ping_status":"closed","template":"","meta":[],"product_brand":[],"product_cat":[8761,560],"product_tag":[],"class_list":{"0":"post-238323","1":"product","2":"type-product","3":"status-publish","4":"has-post-thumbnail","6":"product_cat-pkmebel","7":"product_cat-sofas-and-couches","9":"first","10":"instock","11":"shipping-taxable","12":"product-type-grouped"},"_links":{"self":[{"href":"https:\/\/baldumarket.lt\/lt\/wp-json\/wp\/v2\/product\/238323","targetHints":{"allow":["GET"]}}],"collection":[{"href":"https:\/\/baldumarket.lt\/lt\/wp-json\/wp\/v2\/product"}],"about":[{"href":"https:\/\/baldumarket.lt\/lt\/wp-json\/wp\/v2\/types\/product"}],"replies":[{"embeddable":true,"href":"https:\/\/baldumarket.lt\/lt\/wp-json\/wp\/v2\/comments?post=238323"}],"wp:featuredmedia":[{"embeddable":true,"href":"https:\/\/baldumarket.lt\/lt\/wp-json\/wp\/v2\/media\/238373"}],"wp:attachment":[{"href":"https:\/\/baldumarket.lt\/lt\/wp-json\/wp\/v2\/media?parent=238323"}],"wp:term":[{"taxonomy":"product_brand","embeddable":true,"href":"https:\/\/baldumarket.lt\/lt\/wp-json\/wp\/v2\/product_brand?post=238323"},{"taxonomy":"product_cat","embeddable":true,"href":"https:\/\/baldumarket.lt\/lt\/wp-json\/wp\/v2\/product_cat?post=238323"},{"taxonomy":"product_tag","embeddable":true,"href":"https:\/\/baldumarket.lt\/lt\/wp-json\/wp\/v2\/product_tag?post=238323"}],"curies":[{"name":"wp","href":"https:\/\/api.w.org\/{rel}","templated":true}]}}