{"id":238311,"date":"2025-12-30T17:38:59","date_gmt":"2025-12-30T14:38:59","guid":{"rendered":"https:\/\/baldumarket.lt\/?post_type=product&#038;p=238311"},"modified":"2026-02-03T23:05:37","modified_gmt":"2026-02-03T20:05:37","slug":"wersalka-rozkladana-146-facelia","status":"publish","type":"product","link":"https:\/\/baldumarket.lt\/lt\/product\/wersalka-rozkladana-146-facelia\/","title":{"rendered":"Sulankstoma sofa-lova 146 Phacelia"},"content":{"rendered":"<p>\u201eFacelia\u201c sofa-lova \u2013 tai avangardinio stiliaus svetain\u0117s baldas, kurio formos traukia ak\u012f, o unikalus dizainas \u2013 i\u0161skirtinai originalus.<br \/>\nSpecifikacijos:<br \/>\nBonell spyruokl\u0117s ir T30 putplastis<br \/>\nI\u0161lankstomas su miegojimo funkcija<br \/>\nPatalyn\u0117 saugykla<br \/>\nPridedamos si\u016bl\u0117s ir dvi ma\u017eos pagalv\u0117l\u0117s<br \/>\nSofa-lova su spragtel\u0117jimu<\/p>","protected":false},"excerpt":{"rendered":"<p>\u201eFacelia\u201c sofa-lova \u2013 tai avangardinio stiliaus svetain\u0117s baldas, kurio formos traukia ak\u012f, o unikalus dizainas \u2013 i\u0161skirtinai originalus. Specifikacijos: Bonell spyruokl\u0117s ir T30 putplastis; I\u0161skleid\u017eiama su miegojimo funkcija; Patalyn\u0117 daiktams laikyti; Si\u016bl\u0117s ir dvi ma\u017eos pagalv\u0117l\u0117s; Pridedama \u201eClick-clack\u201c tipo sofa-lova.<\/p>","protected":false},"featured_media":238361,"comment_status":"open","ping_status":"closed","template":"","meta":[],"product_brand":[],"product_cat":[8761,560],"product_tag":[],"class_list":{"0":"post-238311","1":"product","2":"type-product","3":"status-publish","4":"has-post-thumbnail","6":"product_cat-pkmebel","7":"product_cat-sofas-and-couches","9":"first","10":"instock","11":"shipping-taxable","12":"product-type-grouped"},"_links":{"self":[{"href":"https:\/\/baldumarket.lt\/lt\/wp-json\/wp\/v2\/product\/238311","targetHints":{"allow":["GET"]}}],"collection":[{"href":"https:\/\/baldumarket.lt\/lt\/wp-json\/wp\/v2\/product"}],"about":[{"href":"https:\/\/baldumarket.lt\/lt\/wp-json\/wp\/v2\/types\/product"}],"replies":[{"embeddable":true,"href":"https:\/\/baldumarket.lt\/lt\/wp-json\/wp\/v2\/comments?post=238311"}],"wp:featuredmedia":[{"embeddable":true,"href":"https:\/\/baldumarket.lt\/lt\/wp-json\/wp\/v2\/media\/238361"}],"wp:attachment":[{"href":"https:\/\/baldumarket.lt\/lt\/wp-json\/wp\/v2\/media?parent=238311"}],"wp:term":[{"taxonomy":"product_brand","embeddable":true,"href":"https:\/\/baldumarket.lt\/lt\/wp-json\/wp\/v2\/product_brand?post=238311"},{"taxonomy":"product_cat","embeddable":true,"href":"https:\/\/baldumarket.lt\/lt\/wp-json\/wp\/v2\/product_cat?post=238311"},{"taxonomy":"product_tag","embeddable":true,"href":"https:\/\/baldumarket.lt\/lt\/wp-json\/wp\/v2\/product_tag?post=238311"}],"curies":[{"name":"wp","href":"https:\/\/api.w.org\/{rel}","templated":true}]}}