{"id":238287,"date":"2025-12-30T17:37:52","date_gmt":"2025-12-30T14:37:52","guid":{"rendered":"https:\/\/baldumarket.lt\/?post_type=product&#038;p=238287"},"modified":"2026-02-03T23:05:38","modified_gmt":"2026-02-03T20:05:38","slug":"wersalka-rozkladana-126-fobo","status":"publish","type":"product","link":"https:\/\/baldumarket.lt\/lt\/product\/wersalka-rozkladana-126-fobo\/","title":{"rendered":"Sulankstoma sofa-lova 126 Fobo"},"content":{"rendered":"<p>\u201eFobo\u201c i\u0161skleid\u017eiama sofa-lova yra klasikinis svetain\u0117s baldas, pasi\u017eymintis ak\u012f traukian\u010diomis formomis ir i\u0161skirtiniu originalumu d\u0117l unikalaus dizaino.<br \/>\nSpecifikacijos:<br \/>\nBonell spyruokl\u0117s ir putplas\u010dio \u012fd\u0117klas<br \/>\nSulankstomas su miegojimo funkcija<br \/>\nPatalyn\u0117<br \/>\nPridedamos dvi ma\u017eos pagalv\u0117l\u0117s<br \/>\nI\u0161skleid\u017eiama sofa-lova su spragtel\u0117jimu<br \/>\nSpalv\u0173 variantai kaip pavaizduota paveiksl\u0117lyje arba vienspalviai \u2013 pra\u0161ome nurodyti u\u017esakymo pastabose<\/p>","protected":false},"excerpt":{"rendered":"<p>The Fobo convertible sofa bed is a classic piece of living room furniture, with eye-catching shapes and exceptional originality thanks to its unique design. Specifications: Bonell springs and foam insert Foldable with sleeping function Bedding compartment Two small pillows included Click-clack convertible sofa bed Color options as pictured or single-color &#8211; please specify in the [&hellip;]<\/p>","protected":false},"featured_media":238337,"comment_status":"open","ping_status":"closed","template":"","meta":[],"product_brand":[],"product_cat":[8761,560],"product_tag":[],"class_list":{"0":"post-238287","1":"product","2":"type-product","3":"status-publish","4":"has-post-thumbnail","6":"product_cat-pkmebel","7":"product_cat-sofas-and-couches","9":"first","10":"instock","11":"shipping-taxable","12":"product-type-grouped"},"_links":{"self":[{"href":"https:\/\/baldumarket.lt\/lt\/wp-json\/wp\/v2\/product\/238287","targetHints":{"allow":["GET"]}}],"collection":[{"href":"https:\/\/baldumarket.lt\/lt\/wp-json\/wp\/v2\/product"}],"about":[{"href":"https:\/\/baldumarket.lt\/lt\/wp-json\/wp\/v2\/types\/product"}],"replies":[{"embeddable":true,"href":"https:\/\/baldumarket.lt\/lt\/wp-json\/wp\/v2\/comments?post=238287"}],"wp:featuredmedia":[{"embeddable":true,"href":"https:\/\/baldumarket.lt\/lt\/wp-json\/wp\/v2\/media\/238337"}],"wp:attachment":[{"href":"https:\/\/baldumarket.lt\/lt\/wp-json\/wp\/v2\/media?parent=238287"}],"wp:term":[{"taxonomy":"product_brand","embeddable":true,"href":"https:\/\/baldumarket.lt\/lt\/wp-json\/wp\/v2\/product_brand?post=238287"},{"taxonomy":"product_cat","embeddable":true,"href":"https:\/\/baldumarket.lt\/lt\/wp-json\/wp\/v2\/product_cat?post=238287"},{"taxonomy":"product_tag","embeddable":true,"href":"https:\/\/baldumarket.lt\/lt\/wp-json\/wp\/v2\/product_tag?post=238287"}],"curies":[{"name":"wp","href":"https:\/\/api.w.org\/{rel}","templated":true}]}}