{"id":238264,"date":"2025-12-30T17:36:45","date_gmt":"2025-12-30T14:36:45","guid":{"rendered":"https:\/\/baldumarket.lt\/?post_type=product&#038;p=238264"},"modified":"2026-02-03T23:05:38","modified_gmt":"2026-02-03T20:05:38","slug":"wersalka-rozkladana-125-izzi-gr1","status":"publish","type":"product","link":"https:\/\/baldumarket.lt\/lt\/product\/wersalka-rozkladana-125-izzi-gr1\/","title":{"rendered":"I\u0161skleid\u017eiama sofa-lova 125 Izzi Gr1"},"content":{"rendered":"<p>\u201eIzzi\u201c sofa-lova \u2013 tai avangardinio stiliaus svetain\u0117s baldas, kurio formos traukia ak\u012f, o unikalus dizainas \u2013 i\u0161skirtinai originalus.<br \/>\nSpecifikacijos:<br \/>\nBonell spyruokl\u0117s ir putplas\u010dio \u012fd\u0117klas<br \/>\nI\u0161lankstomas su miegojimo funkcija<br \/>\nPatalyn\u0117 saugykla<br \/>\nPridedamos dvi ma\u017eos pagalv\u0117l\u0117s<br \/>\nSofa-lova su spragtel\u0117jimu<\/p>","protected":false},"excerpt":{"rendered":"<p>Plotis [cm]: 206<br \/>\nAuk\u0161tis [cm]: 91<br \/>\nGylis [cm]: 90<br \/>\nMiegamasis plotas [cm]: 118 \u00d7 194<\/p>","protected":false},"featured_media":238325,"comment_status":"open","ping_status":"closed","template":"","meta":[],"product_brand":[],"product_cat":[9133],"product_tag":[],"class_list":{"0":"post-238264","1":"product","2":"type-product","3":"status-publish","4":"has-post-thumbnail","6":"product_cat-grouped","8":"first","9":"instock","10":"shipping-taxable","11":"purchasable","12":"product-type-variable","13":"wvs-archive-product-wrapper"},"_links":{"self":[{"href":"https:\/\/baldumarket.lt\/lt\/wp-json\/wp\/v2\/product\/238264","targetHints":{"allow":["GET"]}}],"collection":[{"href":"https:\/\/baldumarket.lt\/lt\/wp-json\/wp\/v2\/product"}],"about":[{"href":"https:\/\/baldumarket.lt\/lt\/wp-json\/wp\/v2\/types\/product"}],"replies":[{"embeddable":true,"href":"https:\/\/baldumarket.lt\/lt\/wp-json\/wp\/v2\/comments?post=238264"}],"wp:featuredmedia":[{"embeddable":true,"href":"https:\/\/baldumarket.lt\/lt\/wp-json\/wp\/v2\/media\/238325"}],"wp:attachment":[{"href":"https:\/\/baldumarket.lt\/lt\/wp-json\/wp\/v2\/media?parent=238264"}],"wp:term":[{"taxonomy":"product_brand","embeddable":true,"href":"https:\/\/baldumarket.lt\/lt\/wp-json\/wp\/v2\/product_brand?post=238264"},{"taxonomy":"product_cat","embeddable":true,"href":"https:\/\/baldumarket.lt\/lt\/wp-json\/wp\/v2\/product_cat?post=238264"},{"taxonomy":"product_tag","embeddable":true,"href":"https:\/\/baldumarket.lt\/lt\/wp-json\/wp\/v2\/product_tag?post=238264"}],"curies":[{"name":"wp","href":"https:\/\/api.w.org\/{rel}","templated":true}]}}