{"id":238263,"date":"2025-12-30T17:36:43","date_gmt":"2025-12-30T14:36:43","guid":{"rendered":"https:\/\/baldumarket.lt\/?post_type=product&#038;p=238263"},"modified":"2026-02-03T23:05:38","modified_gmt":"2026-02-03T20:05:38","slug":"wersalka-rozkladana-124-pogo","status":"publish","type":"product","link":"https:\/\/baldumarket.lt\/lt\/product\/wersalka-rozkladana-124-pogo\/","title":{"rendered":"124 Pogo sofa-lova"},"content":{"rendered":"<p>\u201ePogo\u201c sofa-lova yra klasikinis svetain\u0117s baldas, pasi\u017eymintis ak\u012f traukian\u010diomis formomis ir i\u0161skirtiniu originalumu d\u0117l unikalaus dizaino.<br \/>\nSpecifikacijos:<br \/>\nBonell spyruokl\u0117s ir putplas\u010dio \u012fd\u0117klas<br \/>\nI\u0161lankstomas su miegojimo funkcija<br \/>\nPatalyn\u0117<br \/>\nPridedamos dvi ma\u017eos pagalv\u0117l\u0117s<br \/>\nSofa-lova su spragtel\u0117jimu<br \/>\nSpalv\u0173 variantai kaip nuotraukoje arba viena spalva \u2013 prane\u0161kite mums komentaruose.<\/p>","protected":false},"excerpt":{"rendered":"<p>\u201ePogo\u201c sofa-lova yra klasikinis svetain\u0117s baldas, pasi\u017eymintis ak\u012f traukian\u010diomis formomis ir i\u0161skirtiniu originalumu d\u0117l unikalaus dizaino. Specifikacijos: Bonell spyruokl\u0117s ir putplas\u010dio \u012fd\u0117klas; I\u0161skleid\u017eiama su miegojimo funkcija; Patalyn\u0117s skyrius; Dvi ma\u017eos pagalv\u0117l\u0117s komplekte; Sofa-lova su spragtel\u0117jimu; Spalv\u0173 variantai kaip paveiksl\u0117lyje arba viena spalva \u2013 leiskite mums [\u2026]<\/p>","protected":false},"featured_media":238313,"comment_status":"open","ping_status":"closed","template":"","meta":[],"product_brand":[],"product_cat":[8761,560],"product_tag":[],"class_list":{"0":"post-238263","1":"product","2":"type-product","3":"status-publish","4":"has-post-thumbnail","6":"product_cat-pkmebel","7":"product_cat-sofas-and-couches","9":"first","10":"instock","11":"shipping-taxable","12":"product-type-grouped"},"_links":{"self":[{"href":"https:\/\/baldumarket.lt\/lt\/wp-json\/wp\/v2\/product\/238263","targetHints":{"allow":["GET"]}}],"collection":[{"href":"https:\/\/baldumarket.lt\/lt\/wp-json\/wp\/v2\/product"}],"about":[{"href":"https:\/\/baldumarket.lt\/lt\/wp-json\/wp\/v2\/types\/product"}],"replies":[{"embeddable":true,"href":"https:\/\/baldumarket.lt\/lt\/wp-json\/wp\/v2\/comments?post=238263"}],"wp:featuredmedia":[{"embeddable":true,"href":"https:\/\/baldumarket.lt\/lt\/wp-json\/wp\/v2\/media\/238313"}],"wp:attachment":[{"href":"https:\/\/baldumarket.lt\/lt\/wp-json\/wp\/v2\/media?parent=238263"}],"wp:term":[{"taxonomy":"product_brand","embeddable":true,"href":"https:\/\/baldumarket.lt\/lt\/wp-json\/wp\/v2\/product_brand?post=238263"},{"taxonomy":"product_cat","embeddable":true,"href":"https:\/\/baldumarket.lt\/lt\/wp-json\/wp\/v2\/product_cat?post=238263"},{"taxonomy":"product_tag","embeddable":true,"href":"https:\/\/baldumarket.lt\/lt\/wp-json\/wp\/v2\/product_tag?post=238263"}],"curies":[{"name":"wp","href":"https:\/\/api.w.org\/{rel}","templated":true}]}}