{"id":238249,"date":"2025-12-30T17:36:08","date_gmt":"2025-12-30T14:36:08","guid":{"rendered":"https:\/\/baldumarket.lt\/?post_type=product&#038;p=238249"},"modified":"2026-02-03T23:05:38","modified_gmt":"2026-02-03T20:05:38","slug":"wersalka-rozkladana-123-meggi-gr2","status":"publish","type":"product","link":"https:\/\/baldumarket.lt\/lt\/product\/wersalka-rozkladana-123-meggi-gr2\/","title":{"rendered":"Sulankstoma sofa-lova 123 Meggi Gr2"},"content":{"rendered":"<p>\u201eMeggi\u201c sofa-lova \u2013 tai avangardinio stiliaus svetain\u0117s baldas, kurio formos traukia ak\u012f, o unikalus dizainas \u2013 i\u0161skirtinai originalus.<br \/>\nSpecifikacijos:<br \/>\nKop\u016bstin\u0117s spyruokl\u0117s ir putplas\u010dio \u012fd\u0117klas<br \/>\nI\u0161lankstomas su miegojimo funkcija<br \/>\nPatalyn\u0117 saugykla<br \/>\nPridedamos dvi ma\u017eos pagalv\u0117l\u0117s<br \/>\nSofa-lova su spragtel\u0117jimu<\/p>","protected":false},"excerpt":{"rendered":"<p>Plotis [cm]: 194<br \/>\nAuk\u0161tis [cm]: 94<br \/>\nGylis [cm]: 95<br \/>\nMiegamasis plotas [cm]: 116 \u00d7 194<\/p>","protected":false},"featured_media":238301,"comment_status":"open","ping_status":"closed","template":"","meta":[],"product_brand":[],"product_cat":[9133],"product_tag":[],"class_list":{"0":"post-238249","1":"product","2":"type-product","3":"status-publish","4":"has-post-thumbnail","6":"product_cat-grouped","8":"first","9":"instock","10":"shipping-taxable","11":"purchasable","12":"product-type-variable","13":"wvs-archive-product-wrapper"},"_links":{"self":[{"href":"https:\/\/baldumarket.lt\/lt\/wp-json\/wp\/v2\/product\/238249","targetHints":{"allow":["GET"]}}],"collection":[{"href":"https:\/\/baldumarket.lt\/lt\/wp-json\/wp\/v2\/product"}],"about":[{"href":"https:\/\/baldumarket.lt\/lt\/wp-json\/wp\/v2\/types\/product"}],"replies":[{"embeddable":true,"href":"https:\/\/baldumarket.lt\/lt\/wp-json\/wp\/v2\/comments?post=238249"}],"wp:featuredmedia":[{"embeddable":true,"href":"https:\/\/baldumarket.lt\/lt\/wp-json\/wp\/v2\/media\/238301"}],"wp:attachment":[{"href":"https:\/\/baldumarket.lt\/lt\/wp-json\/wp\/v2\/media?parent=238249"}],"wp:term":[{"taxonomy":"product_brand","embeddable":true,"href":"https:\/\/baldumarket.lt\/lt\/wp-json\/wp\/v2\/product_brand?post=238249"},{"taxonomy":"product_cat","embeddable":true,"href":"https:\/\/baldumarket.lt\/lt\/wp-json\/wp\/v2\/product_cat?post=238249"},{"taxonomy":"product_tag","embeddable":true,"href":"https:\/\/baldumarket.lt\/lt\/wp-json\/wp\/v2\/product_tag?post=238249"}],"curies":[{"name":"wp","href":"https:\/\/api.w.org\/{rel}","templated":true}]}}