{"id":238239,"date":"2025-12-30T17:35:39","date_gmt":"2025-12-30T14:35:39","guid":{"rendered":"https:\/\/baldumarket.lt\/?post_type=product&#038;p=238239"},"modified":"2026-02-03T23:05:39","modified_gmt":"2026-02-03T20:05:39","slug":"tapczan-narozny-peka-90-195","status":"publish","type":"product","link":"https:\/\/baldumarket.lt\/lt\/product\/tapczan-narozny-peka-90-195\/","title":{"rendered":"Kampin\u0117 sofa Peka 90\/195"},"content":{"rendered":"<p>\u201ePeka\u201c sofa yra patogus poilsio baldas, puikiai tinkantis ma\u017eam jaunimo kambariui, sve\u010di\u0173 namams ar nakvyn\u0117s namams.<br \/>\nSpecifikacijos:<br \/>\nBonnell spyruokl\u0117s ir putplas\u010dio \u012fd\u0117klas<br \/>\nMiego funkcija<br \/>\nPatalyn\u0117<br \/>\nPridedama ma\u017ea pagalv\u0117l\u0117<br \/>\nUniversalus tvirtinimas, tinkantis tiek de\u0161ine, tiek kaire ranka<br \/>\nSpalv\u0173 variantai kaip nuotraukoje arba viena spalva<\/p>","protected":false},"excerpt":{"rendered":"<p>\u201ePeka\u201c sofa \u2013 patogus poilsio baldas, puikiai tinkantis ma\u017eam jaunimo kambariui, sve\u010di\u0173 namams ar nakvyn\u0117s namams. Specifikacijos: \u201eBonnell\u201c spyruokl\u0117s ir putplas\u010dio \u012fd\u0117klas; miego funkcija; patalyn\u0117s skyrius; komplekte ma\u017ea pagalv\u0117l\u0117; universalus tvirtinimas, tinkantis de\u0161ine arba kairei rankai; spalv\u0173 variantai kaip pavaizduota paveiksl\u0117lyje arba vienspalviai.<\/p>","protected":false},"featured_media":238289,"comment_status":"open","ping_status":"closed","template":"","meta":[],"product_brand":[],"product_cat":[505,8761],"product_tag":[],"class_list":{"0":"post-238239","1":"product","2":"type-product","3":"status-publish","4":"has-post-thumbnail","6":"product_cat-bedroom-beds","7":"product_cat-pkmebel","9":"first","10":"instock","11":"shipping-taxable","12":"product-type-grouped"},"_links":{"self":[{"href":"https:\/\/baldumarket.lt\/lt\/wp-json\/wp\/v2\/product\/238239","targetHints":{"allow":["GET"]}}],"collection":[{"href":"https:\/\/baldumarket.lt\/lt\/wp-json\/wp\/v2\/product"}],"about":[{"href":"https:\/\/baldumarket.lt\/lt\/wp-json\/wp\/v2\/types\/product"}],"replies":[{"embeddable":true,"href":"https:\/\/baldumarket.lt\/lt\/wp-json\/wp\/v2\/comments?post=238239"}],"wp:featuredmedia":[{"embeddable":true,"href":"https:\/\/baldumarket.lt\/lt\/wp-json\/wp\/v2\/media\/238289"}],"wp:attachment":[{"href":"https:\/\/baldumarket.lt\/lt\/wp-json\/wp\/v2\/media?parent=238239"}],"wp:term":[{"taxonomy":"product_brand","embeddable":true,"href":"https:\/\/baldumarket.lt\/lt\/wp-json\/wp\/v2\/product_brand?post=238239"},{"taxonomy":"product_cat","embeddable":true,"href":"https:\/\/baldumarket.lt\/lt\/wp-json\/wp\/v2\/product_cat?post=238239"},{"taxonomy":"product_tag","embeddable":true,"href":"https:\/\/baldumarket.lt\/lt\/wp-json\/wp\/v2\/product_tag?post=238239"}],"curies":[{"name":"wp","href":"https:\/\/api.w.org\/{rel}","templated":true}]}}