{"id":238213,"date":"2025-12-30T17:34:25","date_gmt":"2025-12-30T14:34:25","guid":{"rendered":"https:\/\/baldumarket.lt\/?post_type=product&#038;p=238213"},"modified":"2026-02-03T23:05:40","modified_gmt":"2026-02-03T20:05:40","slug":"sofa-rozkladana-z-zaglowkami-uno-gr2","status":"publish","type":"product","link":"https:\/\/baldumarket.lt\/lt\/product\/sofa-rozkladana-z-zaglowkami-uno-gr2\/","title":{"rendered":"Uno Gr2 sofa-lova su galvos atramomis"},"content":{"rendered":"<p>Sofa-lova \u201eUno\u201c \u2013 tai avangardinio stiliaus svetain\u0117s baldas, kurio formos traukia ak\u012f ir yra i\u0161skirtinai originalios d\u0117l unikalaus dizaino.<br \/>\nSavyb\u0117s:<br \/>\nVertikalios si\u016bl\u0117s ant atlo\u0161o<br \/>\nReguliuojamos galvos atramos<br \/>\nSofos s\u0117dyn\u0117 pagaminta i\u0161 auk\u0161tos kokyb\u0117s banguot\u0173 spyruokli\u0173 ir putplas\u010dio<br \/>\nDelfin sofa-lova su miegojimo funkcija<br \/>\nAuk\u0161tos kokyb\u0117s audiniai, sertifikuoti \u201eOeko-Tex\u201c<br \/>\nGalima \u012fsigyti \u012fvairi\u0173 spalv\u0173 ir audini\u0173<br \/>\nPatalyn\u0117 ne\u012fskai\u010diuota<\/p>","protected":false},"excerpt":{"rendered":"<p>Plotis [cm]: 262<br \/>\n\u016agis [cm]: 60\u201390<br \/>\nGylis [cm]: 98<br \/>\nSofos stilius: modernus<br \/>\nPatalyn\u0117: ne<br \/>\nMiegamasis plotas [cm]: 124 \u00d7 193<br \/>\nPagalv\u0117l\u0117s tipas: be pagalv\u0117li\u0173 + reguliuojamas atlo\u0161o auk\u0161tis<\/p>","protected":false},"featured_media":238265,"comment_status":"open","ping_status":"closed","template":"","meta":[],"product_brand":[],"product_cat":[9133],"product_tag":[],"class_list":{"0":"post-238213","1":"product","2":"type-product","3":"status-publish","4":"has-post-thumbnail","6":"product_cat-grouped","8":"first","9":"instock","10":"shipping-taxable","11":"purchasable","12":"product-type-variable","13":"wvs-archive-product-wrapper"},"_links":{"self":[{"href":"https:\/\/baldumarket.lt\/lt\/wp-json\/wp\/v2\/product\/238213","targetHints":{"allow":["GET"]}}],"collection":[{"href":"https:\/\/baldumarket.lt\/lt\/wp-json\/wp\/v2\/product"}],"about":[{"href":"https:\/\/baldumarket.lt\/lt\/wp-json\/wp\/v2\/types\/product"}],"replies":[{"embeddable":true,"href":"https:\/\/baldumarket.lt\/lt\/wp-json\/wp\/v2\/comments?post=238213"}],"wp:featuredmedia":[{"embeddable":true,"href":"https:\/\/baldumarket.lt\/lt\/wp-json\/wp\/v2\/media\/238265"}],"wp:attachment":[{"href":"https:\/\/baldumarket.lt\/lt\/wp-json\/wp\/v2\/media?parent=238213"}],"wp:term":[{"taxonomy":"product_brand","embeddable":true,"href":"https:\/\/baldumarket.lt\/lt\/wp-json\/wp\/v2\/product_brand?post=238213"},{"taxonomy":"product_cat","embeddable":true,"href":"https:\/\/baldumarket.lt\/lt\/wp-json\/wp\/v2\/product_cat?post=238213"},{"taxonomy":"product_tag","embeddable":true,"href":"https:\/\/baldumarket.lt\/lt\/wp-json\/wp\/v2\/product_tag?post=238213"}],"curies":[{"name":"wp","href":"https:\/\/api.w.org\/{rel}","templated":true}]}}