{"id":238191,"date":"2025-12-30T17:33:20","date_gmt":"2025-12-30T14:33:20","guid":{"rendered":"https:\/\/baldumarket.lt\/?post_type=product&#038;p=238191"},"modified":"2026-02-03T23:05:41","modified_gmt":"2026-02-03T20:05:41","slug":"sofa-rozkladana-basic","status":"publish","type":"product","link":"https:\/\/baldumarket.lt\/lt\/product\/sofa-rozkladana-basic\/","title":{"rendered":"Paprasta sofa-lova"},"content":{"rendered":"<p>\u201eBasic\u201c sofa-lova \u2013 tai avangardinio stiliaus svetain\u0117s baldas, kurio formos traukia ak\u012f ir yra i\u0161skirtinai originalios d\u0117l unikalaus dizaino.<br \/>\nSpecifikacijos:<br \/>\nS\u0117dyn\u0117 turi vingiuotas spyruokles ir putplas\u010dio pamink\u0161tinim\u0105<br \/>\nI\u0161lankstomas su miegojimo funkcija<br \/>\nPatalyn\u0117<br \/>\nPridedamos dvi ma\u017eos pagalv\u0117l\u0117s<br \/>\nDL automatinis i\u0161skleidimas<br \/>\nNuotraukose esantis audinys yra \u201ePoso\u201c.<\/p>","protected":false},"excerpt":{"rendered":"<p>\u201eBasic\u201c sofa-lova \u2013 tai avangardinis svetain\u0117s baldas, kurio formos traukia ak\u012f ir yra i\u0161skirtinai originalios d\u0117l unikalaus dizaino. Specifikacijos: s\u0117dyn\u0117 turi vingiuotas spyruokles ir putplas\u010dio pamink\u0161tinim\u0105; i\u0161skleid\u017eiama su miegojimo funkcija; patalyn\u0117s skyrius; pridedamos dvi ma\u017eos pagalv\u0117l\u0117s; automati\u0161kai i\u0161siskleid\u017eiantis DL audinys; nuotraukose matomas \u201ePoso\u201c audinys.<\/p>","protected":false},"featured_media":238241,"comment_status":"open","ping_status":"closed","template":"","meta":[],"product_brand":[],"product_cat":[8761,560],"product_tag":[],"class_list":{"0":"post-238191","1":"product","2":"type-product","3":"status-publish","4":"has-post-thumbnail","6":"product_cat-pkmebel","7":"product_cat-sofas-and-couches","9":"first","10":"instock","11":"shipping-taxable","12":"product-type-grouped"},"_links":{"self":[{"href":"https:\/\/baldumarket.lt\/lt\/wp-json\/wp\/v2\/product\/238191","targetHints":{"allow":["GET"]}}],"collection":[{"href":"https:\/\/baldumarket.lt\/lt\/wp-json\/wp\/v2\/product"}],"about":[{"href":"https:\/\/baldumarket.lt\/lt\/wp-json\/wp\/v2\/types\/product"}],"replies":[{"embeddable":true,"href":"https:\/\/baldumarket.lt\/lt\/wp-json\/wp\/v2\/comments?post=238191"}],"wp:featuredmedia":[{"embeddable":true,"href":"https:\/\/baldumarket.lt\/lt\/wp-json\/wp\/v2\/media\/238241"}],"wp:attachment":[{"href":"https:\/\/baldumarket.lt\/lt\/wp-json\/wp\/v2\/media?parent=238191"}],"wp:term":[{"taxonomy":"product_brand","embeddable":true,"href":"https:\/\/baldumarket.lt\/lt\/wp-json\/wp\/v2\/product_brand?post=238191"},{"taxonomy":"product_cat","embeddable":true,"href":"https:\/\/baldumarket.lt\/lt\/wp-json\/wp\/v2\/product_cat?post=238191"},{"taxonomy":"product_tag","embeddable":true,"href":"https:\/\/baldumarket.lt\/lt\/wp-json\/wp\/v2\/product_tag?post=238191"}],"curies":[{"name":"wp","href":"https:\/\/api.w.org\/{rel}","templated":true}]}}