{"id":238168,"date":"2025-12-30T17:32:09","date_gmt":"2025-12-30T14:32:09","guid":{"rendered":"https:\/\/baldumarket.lt\/?post_type=product&#038;p=238168"},"modified":"2026-02-03T23:05:41","modified_gmt":"2026-02-03T20:05:41","slug":"sofa-rozkladana-360-colin-gr1","status":"publish","type":"product","link":"https:\/\/baldumarket.lt\/lt\/product\/sofa-rozkladana-360-colin-gr1\/","title":{"rendered":"Sofa-lova 360 Colin Gr1"},"content":{"rendered":"<p>\u201eColin\u201c sofa-lova \u2013 tai avangardinio stiliaus svetain\u0117s baldas, kurio formos traukia ak\u012f ir yra i\u0161skirtinai originalios d\u0117l unikalaus dizaino.<br \/>\nSpecifikacijos:<br \/>\nS\u0117dyn\u0117 turi \u201eBonnell\u201c spyruokles ir putplas\u010dio pamink\u0161tinim\u0105.<br \/>\nI\u0161lankstomas su miegojimo funkcija.<br \/>\nPatalyn\u0117.<br \/>\nSilikonu u\u017epildytos pagalv\u0117l\u0117s yra mink\u0161tos ir puikiai prisitaiko prie j\u016bs\u0173 k\u016bno formos, u\u017etikrindamos komfort\u0105 ir estetin\u012f patrauklum\u0105.<br \/>\nDL automatinis atlo\u0161imas.<\/p>","protected":false},"excerpt":{"rendered":"<p>Plotis [cm]: 197<br \/>\nAuk\u0161tis [cm]: 70<br \/>\nGylis [cm]: 94<br \/>\nSofos stilius: modernus<br \/>\nPatalyn\u0117: taip<br \/>\nMiegamasis plotas [cm]: 140 \u00d7 195<br \/>\nPagalv\u0117li\u0173 tipas: persidengian\u010dios pagalv\u0117l\u0117s<\/p>","protected":false},"featured_media":238229,"comment_status":"open","ping_status":"closed","template":"","meta":[],"product_brand":[],"product_cat":[9133],"product_tag":[],"class_list":{"0":"post-238168","1":"product","2":"type-product","3":"status-publish","4":"has-post-thumbnail","6":"product_cat-grouped","8":"first","9":"instock","10":"shipping-taxable","11":"purchasable","12":"product-type-variable","13":"wvs-archive-product-wrapper"},"_links":{"self":[{"href":"https:\/\/baldumarket.lt\/lt\/wp-json\/wp\/v2\/product\/238168","targetHints":{"allow":["GET"]}}],"collection":[{"href":"https:\/\/baldumarket.lt\/lt\/wp-json\/wp\/v2\/product"}],"about":[{"href":"https:\/\/baldumarket.lt\/lt\/wp-json\/wp\/v2\/types\/product"}],"replies":[{"embeddable":true,"href":"https:\/\/baldumarket.lt\/lt\/wp-json\/wp\/v2\/comments?post=238168"}],"wp:featuredmedia":[{"embeddable":true,"href":"https:\/\/baldumarket.lt\/lt\/wp-json\/wp\/v2\/media\/238229"}],"wp:attachment":[{"href":"https:\/\/baldumarket.lt\/lt\/wp-json\/wp\/v2\/media?parent=238168"}],"wp:term":[{"taxonomy":"product_brand","embeddable":true,"href":"https:\/\/baldumarket.lt\/lt\/wp-json\/wp\/v2\/product_brand?post=238168"},{"taxonomy":"product_cat","embeddable":true,"href":"https:\/\/baldumarket.lt\/lt\/wp-json\/wp\/v2\/product_cat?post=238168"},{"taxonomy":"product_tag","embeddable":true,"href":"https:\/\/baldumarket.lt\/lt\/wp-json\/wp\/v2\/product_tag?post=238168"}],"curies":[{"name":"wp","href":"https:\/\/api.w.org\/{rel}","templated":true}]}}