{"id":238156,"date":"2025-12-30T17:31:34","date_gmt":"2025-12-30T14:31:34","guid":{"rendered":"https:\/\/baldumarket.lt\/?post_type=product&#038;p=238156"},"modified":"2026-02-03T23:05:42","modified_gmt":"2026-02-03T20:05:42","slug":"sofa-rozkladana-122-stok-gr1","status":"publish","type":"product","link":"https:\/\/baldumarket.lt\/lt\/product\/sofa-rozkladana-122-stok-gr1\/","title":{"rendered":"Sofa-lova 122 Stok Gr1"},"content":{"rendered":"<p>\u201eStok\u201c sofa-lova \u2013 tai avangardinio stiliaus svetain\u0117s baldas, kurio formos traukia ak\u012f, o unikalus dizainas \u2013 i\u0161skirtinai originalus.<br \/>\nSpecifikacijos:<br \/>\nS\u0117dyn\u0117 turi \u201eBonnell\u201c spyruokles ir putplas\u010dio pamink\u0161tinim\u0105<br \/>\nI\u0161lankstomas su miegojimo funkcija<br \/>\nPatalyn\u0117 saugykla<br \/>\nSiuvimas<br \/>\nDL automatinis i\u0161skleidimas<\/p>","protected":false},"excerpt":{"rendered":"<p>Plotis [cm]: 197<br \/>\nAuk\u0161tis [cm]: 94<br \/>\nGylis [cm]: 94<br \/>\nSofos stilius: modernus<br \/>\nMiegamasis plotas [cm]: 140 \u00d7 197<br \/>\nPagalv\u0117li\u0173 tipas: nuimamos pagalv\u0117l\u0117s<\/p>","protected":false},"featured_media":238217,"comment_status":"open","ping_status":"closed","template":"","meta":[],"product_brand":[],"product_cat":[9133],"product_tag":[],"class_list":{"0":"post-238156","1":"product","2":"type-product","3":"status-publish","4":"has-post-thumbnail","6":"product_cat-grouped","8":"first","9":"instock","10":"shipping-taxable","11":"purchasable","12":"product-type-variable","13":"wvs-archive-product-wrapper"},"_links":{"self":[{"href":"https:\/\/baldumarket.lt\/lt\/wp-json\/wp\/v2\/product\/238156","targetHints":{"allow":["GET"]}}],"collection":[{"href":"https:\/\/baldumarket.lt\/lt\/wp-json\/wp\/v2\/product"}],"about":[{"href":"https:\/\/baldumarket.lt\/lt\/wp-json\/wp\/v2\/types\/product"}],"replies":[{"embeddable":true,"href":"https:\/\/baldumarket.lt\/lt\/wp-json\/wp\/v2\/comments?post=238156"}],"wp:featuredmedia":[{"embeddable":true,"href":"https:\/\/baldumarket.lt\/lt\/wp-json\/wp\/v2\/media\/238217"}],"wp:attachment":[{"href":"https:\/\/baldumarket.lt\/lt\/wp-json\/wp\/v2\/media?parent=238156"}],"wp:term":[{"taxonomy":"product_brand","embeddable":true,"href":"https:\/\/baldumarket.lt\/lt\/wp-json\/wp\/v2\/product_brand?post=238156"},{"taxonomy":"product_cat","embeddable":true,"href":"https:\/\/baldumarket.lt\/lt\/wp-json\/wp\/v2\/product_cat?post=238156"},{"taxonomy":"product_tag","embeddable":true,"href":"https:\/\/baldumarket.lt\/lt\/wp-json\/wp\/v2\/product_tag?post=238156"}],"curies":[{"name":"wp","href":"https:\/\/api.w.org\/{rel}","templated":true}]}}