{"id":238143,"date":"2025-12-30T17:30:59","date_gmt":"2025-12-30T14:30:59","guid":{"rendered":"https:\/\/baldumarket.lt\/?post_type=product&#038;p=238143"},"modified":"2026-02-03T23:05:42","modified_gmt":"2026-02-03T20:05:42","slug":"sofa-rozkladana-116-round","status":"publish","type":"product","link":"https:\/\/baldumarket.lt\/lt\/product\/sofa-rozkladana-116-round\/","title":{"rendered":"116 Apvali sofa-lova"},"content":{"rendered":"<p>Apvali sofa-lova yra avangardinio stiliaus svetain\u0117s baldas, kurio formos traukia ak\u012f ir yra i\u0161skirtinai originalios d\u0117l unikalaus dizaino.<br \/>\nSpecifikacijos:<br \/>\nS\u0117dyn\u0117 turi \u201eBonnell\u201c spyruokles ir putplas\u010dio pamink\u0161tinim\u0105<br \/>\nI\u0161lankstomas su miegojimo funkcija<br \/>\nPatalyn\u0117 saugykla<br \/>\nDygsniuotos pagalv\u0117l\u0117s + ma\u017eos pagalv\u0117l\u0117s pridedamos<br \/>\nDL automatinis atlo\u0161imas<br \/>\nKojel\u0117s gali b\u016bti baltos, juodos arba nat\u016bralios spalvos<\/p>","protected":false},"excerpt":{"rendered":"<p>Apvali sofa-lova yra avangardinio stiliaus svetain\u0117s baldas, kurio formos traukia ak\u012f ir yra i\u0161skirtinai originalios d\u0117l unikalaus dizaino. Specifikacijos: S\u0117dyn\u0117 turi \u201eBonnell\u201c spyruokles ir putplas\u010dio pamink\u0161tinim\u0105. I\u0161skleid\u017eiama su miegojimo funkcija. Patalyn\u0117 su daiktad\u0117\u017ee. Dygsniuotos pagalv\u0117l\u0117s ir ma\u017eos pagalv\u0117l\u0117s pridedamos. DL automatinis atlo\u0161imas. Kojel\u0117s gali b\u016bti baltos, juodos, [\u2026]<\/p>","protected":false},"featured_media":238193,"comment_status":"open","ping_status":"closed","template":"","meta":[],"product_brand":[],"product_cat":[8761,560],"product_tag":[],"class_list":{"0":"post-238143","1":"product","2":"type-product","3":"status-publish","4":"has-post-thumbnail","6":"product_cat-pkmebel","7":"product_cat-sofas-and-couches","9":"first","10":"instock","11":"shipping-taxable","12":"product-type-grouped"},"_links":{"self":[{"href":"https:\/\/baldumarket.lt\/lt\/wp-json\/wp\/v2\/product\/238143","targetHints":{"allow":["GET"]}}],"collection":[{"href":"https:\/\/baldumarket.lt\/lt\/wp-json\/wp\/v2\/product"}],"about":[{"href":"https:\/\/baldumarket.lt\/lt\/wp-json\/wp\/v2\/types\/product"}],"replies":[{"embeddable":true,"href":"https:\/\/baldumarket.lt\/lt\/wp-json\/wp\/v2\/comments?post=238143"}],"wp:featuredmedia":[{"embeddable":true,"href":"https:\/\/baldumarket.lt\/lt\/wp-json\/wp\/v2\/media\/238193"}],"wp:attachment":[{"href":"https:\/\/baldumarket.lt\/lt\/wp-json\/wp\/v2\/media?parent=238143"}],"wp:term":[{"taxonomy":"product_brand","embeddable":true,"href":"https:\/\/baldumarket.lt\/lt\/wp-json\/wp\/v2\/product_brand?post=238143"},{"taxonomy":"product_cat","embeddable":true,"href":"https:\/\/baldumarket.lt\/lt\/wp-json\/wp\/v2\/product_cat?post=238143"},{"taxonomy":"product_tag","embeddable":true,"href":"https:\/\/baldumarket.lt\/lt\/wp-json\/wp\/v2\/product_tag?post=238143"}],"curies":[{"name":"wp","href":"https:\/\/api.w.org\/{rel}","templated":true}]}}