{"id":238117,"date":"2025-12-30T17:29:47","date_gmt":"2025-12-30T14:29:47","guid":{"rendered":"https:\/\/baldumarket.lt\/?post_type=product&#038;p=238117"},"modified":"2026-02-03T23:05:43","modified_gmt":"2026-02-03T20:05:43","slug":"sofa-rozkladana-114-gama-gr2","status":"publish","type":"product","link":"https:\/\/baldumarket.lt\/lt\/product\/sofa-rozkladana-114-gama-gr2\/","title":{"rendered":"Sofa-lova 114 Range Gr2"},"content":{"rendered":"<p>\u201eGama\u201c sofa-lova \u2013 tai avangardinio stiliaus svetain\u0117s baldas, kurio formos traukia ak\u012f, o unikalus dizainas \u2013 i\u0161skirtinai originalus.<br \/>\nSpecifikacijos:<br \/>\nS\u0117dyn\u0117 turi \u201eBonnell\u201c spyruokles ir putplas\u010dio pamink\u0161tinim\u0105.<br \/>\nI\u0161lankstomas su miegojimo funkcija.<br \/>\nPatalyn\u0117s laikymas.<br \/>\nSiuvimas.<br \/>\nDL automatinis i\u0161skleidimas.<\/p>","protected":false},"excerpt":{"rendered":"<p>Plotis [cm]: 207<br \/>\nAuk\u0161tis [cm]: 88<br \/>\nGylis [cm]: 94<br \/>\nS\u0117dyn\u0117s auk\u0161tis [cm]: 42<br \/>\nS\u0117dyn\u0117s gylis [cm]: 55<br \/>\nMiegamasis plotas [cm]: 143 \u00d7 193<br \/>\nPagalv\u0117li\u0173 tipas: persidengian\u010dios pagalv\u0117l\u0117s<\/p>","protected":false},"featured_media":238169,"comment_status":"open","ping_status":"closed","template":"","meta":[],"product_brand":[],"product_cat":[9133],"product_tag":[],"class_list":{"0":"post-238117","1":"product","2":"type-product","3":"status-publish","4":"has-post-thumbnail","6":"product_cat-grouped","8":"first","9":"instock","10":"shipping-taxable","11":"purchasable","12":"product-type-variable","13":"wvs-archive-product-wrapper"},"_links":{"self":[{"href":"https:\/\/baldumarket.lt\/lt\/wp-json\/wp\/v2\/product\/238117","targetHints":{"allow":["GET"]}}],"collection":[{"href":"https:\/\/baldumarket.lt\/lt\/wp-json\/wp\/v2\/product"}],"about":[{"href":"https:\/\/baldumarket.lt\/lt\/wp-json\/wp\/v2\/types\/product"}],"replies":[{"embeddable":true,"href":"https:\/\/baldumarket.lt\/lt\/wp-json\/wp\/v2\/comments?post=238117"}],"wp:featuredmedia":[{"embeddable":true,"href":"https:\/\/baldumarket.lt\/lt\/wp-json\/wp\/v2\/media\/238169"}],"wp:attachment":[{"href":"https:\/\/baldumarket.lt\/lt\/wp-json\/wp\/v2\/media?parent=238117"}],"wp:term":[{"taxonomy":"product_brand","embeddable":true,"href":"https:\/\/baldumarket.lt\/lt\/wp-json\/wp\/v2\/product_brand?post=238117"},{"taxonomy":"product_cat","embeddable":true,"href":"https:\/\/baldumarket.lt\/lt\/wp-json\/wp\/v2\/product_cat?post=238117"},{"taxonomy":"product_tag","embeddable":true,"href":"https:\/\/baldumarket.lt\/lt\/wp-json\/wp\/v2\/product_tag?post=238117"}],"curies":[{"name":"wp","href":"https:\/\/api.w.org\/{rel}","templated":true}]}}