{"id":238096,"date":"2025-12-30T17:28:40","date_gmt":"2025-12-30T14:28:40","guid":{"rendered":"https:\/\/baldumarket.lt\/?post_type=product&#038;p=238096"},"modified":"2026-02-03T23:05:44","modified_gmt":"2026-02-03T20:05:44","slug":"sofa-nierozkladana-206-scandi-markos-3-gr1","status":"publish","type":"product","link":"https:\/\/baldumarket.lt\/lt\/product\/sofa-nierozkladana-206-scandi-markos-3-gr1\/","title":{"rendered":"Nesulankstoma sofa 206 Scandi Markos 3 Gr1"},"content":{"rendered":"<p>\u201eMarkos\u201c sofa \u2013 tai avangardinio stiliaus svetain\u0117s baldas, kurio formos traukia ak\u012f ir yra i\u0161skirtinai originalios d\u0117l unikalaus dizaino.<br \/>\nSpecifikacijos:<br \/>\nPagaminta i\u0161 auk\u0161tos kokyb\u0117s med\u017eiag\u0173<br \/>\nLabai elastingas putplastis<br \/>\nLaisvai stovintis<br \/>\nZigzago spyruokl\u0117<br \/>\nGalimos koj\u0173 spalvos: balta, juoda ir nat\u016brali.<br \/>\nDviviet\u0117 sofa ir fotelis yra papildomai prieinami \u2013 ie\u0161kokite \u201eScandi Markos\u201c.<br \/>\nAuk\u0161\u010diau pamin\u0117ti baldai galimi tik i\u0161 \u0161i\u0173 audini\u0173:<br \/>\nKarali\u0161kasis (Milinkiewicz)<br \/>\nVelutto (SIC)<br \/>\nRivjera (Deivisas)<\/p>","protected":false},"excerpt":{"rendered":"<p>Plotis [cm]: 183<br \/>\nAuk\u0161tis [cm]: 75<br \/>\nGylis [cm]: 72<br \/>\nSofos stilius: modernus<br \/>\nPatalyn\u0117: ne<br \/>\nPagalv\u0117li\u0173 tipas: be pagalv\u0117li\u0173 \/ fiksuotos pagalv\u0117l\u0117s<\/p>","protected":false},"featured_media":238157,"comment_status":"open","ping_status":"closed","template":"","meta":[],"product_brand":[],"product_cat":[9133],"product_tag":[],"class_list":{"0":"post-238096","1":"product","2":"type-product","3":"status-publish","4":"has-post-thumbnail","6":"product_cat-grouped","8":"first","9":"instock","10":"shipping-taxable","11":"purchasable","12":"product-type-variable","13":"wvs-archive-product-wrapper"},"_links":{"self":[{"href":"https:\/\/baldumarket.lt\/lt\/wp-json\/wp\/v2\/product\/238096","targetHints":{"allow":["GET"]}}],"collection":[{"href":"https:\/\/baldumarket.lt\/lt\/wp-json\/wp\/v2\/product"}],"about":[{"href":"https:\/\/baldumarket.lt\/lt\/wp-json\/wp\/v2\/types\/product"}],"replies":[{"embeddable":true,"href":"https:\/\/baldumarket.lt\/lt\/wp-json\/wp\/v2\/comments?post=238096"}],"wp:featuredmedia":[{"embeddable":true,"href":"https:\/\/baldumarket.lt\/lt\/wp-json\/wp\/v2\/media\/238157"}],"wp:attachment":[{"href":"https:\/\/baldumarket.lt\/lt\/wp-json\/wp\/v2\/media?parent=238096"}],"wp:term":[{"taxonomy":"product_brand","embeddable":true,"href":"https:\/\/baldumarket.lt\/lt\/wp-json\/wp\/v2\/product_brand?post=238096"},{"taxonomy":"product_cat","embeddable":true,"href":"https:\/\/baldumarket.lt\/lt\/wp-json\/wp\/v2\/product_cat?post=238096"},{"taxonomy":"product_tag","embeddable":true,"href":"https:\/\/baldumarket.lt\/lt\/wp-json\/wp\/v2\/product_tag?post=238096"}],"curies":[{"name":"wp","href":"https:\/\/api.w.org\/{rel}","templated":true}]}}