{"id":238095,"date":"2025-12-30T17:28:39","date_gmt":"2025-12-30T14:28:39","guid":{"rendered":"https:\/\/baldumarket.lt\/?post_type=product&#038;p=238095"},"modified":"2026-02-03T23:05:44","modified_gmt":"2026-02-03T20:05:44","slug":"sofa-nierozkladana-205-scandi-markos-2","status":"publish","type":"product","link":"https:\/\/baldumarket.lt\/lt\/product\/sofa-nierozkladana-205-scandi-markos-2\/","title":{"rendered":"Nesulankstoma sofa 205 Scandi Markos 2"},"content":{"rendered":"<p>\u201eScandi\u201c sofa \u2013 tai avangardinio stiliaus svetain\u0117s baldas, kurio formos traukia ak\u012f ir yra i\u0161skirtinai originalios d\u0117l unikalaus dizaino.<br \/>\nSpecifikacijos:<br \/>\nPagaminta i\u0161 auk\u0161tos kokyb\u0117s med\u017eiag\u0173<br \/>\nLabai elastingas putplastis<br \/>\nLaisvai stovintis<br \/>\nZigzago spyruokl\u0117<br \/>\nGalimos koj\u0173 spalvos: balta, juoda ir nat\u016brali.<br \/>\nTriviet\u0117 sofa ir fotelis yra papildomai prieinami \u2013 ie\u0161kokite \u201eScandi Markos\u201c.<br \/>\nAuk\u0161\u010diau pamin\u0117ti baldai galimi tik i\u0161 \u0161i\u0173 audini\u0173:<br \/>\nKarali\u0161kasis (Milinkiewicz)<br \/>\nVelutto (SIC)<br \/>\nRivjera (Deivisas)<\/p>","protected":false},"excerpt":{"rendered":"<p>\u201eScandi\u201c sofa \u2013 tai avangardinio stiliaus svetain\u0117s baldas, kurio formos traukia ak\u012f ir yra i\u0161skirtinai originalios d\u0117l unikalaus dizaino. Specifikacijos: pagaminta i\u0161 auk\u0161tos kokyb\u0117s med\u017eiag\u0173; labai elastingas putplastis; laisvai stovinti zigzago spyruokl\u0117; galimos koj\u0173 spalvos: balta, juoda ir nat\u016brali. Triviet\u0117 sofa ir fotelis galimi kaip papildoma \u012franga \u2013 ie\u0161kokite [\u2026]<\/p>","protected":false},"featured_media":238145,"comment_status":"open","ping_status":"closed","template":"","meta":[],"product_brand":[],"product_cat":[8761,560],"product_tag":[],"class_list":{"0":"post-238095","1":"product","2":"type-product","3":"status-publish","4":"has-post-thumbnail","6":"product_cat-pkmebel","7":"product_cat-sofas-and-couches","9":"first","10":"instock","11":"shipping-taxable","12":"product-type-grouped"},"_links":{"self":[{"href":"https:\/\/baldumarket.lt\/lt\/wp-json\/wp\/v2\/product\/238095","targetHints":{"allow":["GET"]}}],"collection":[{"href":"https:\/\/baldumarket.lt\/lt\/wp-json\/wp\/v2\/product"}],"about":[{"href":"https:\/\/baldumarket.lt\/lt\/wp-json\/wp\/v2\/types\/product"}],"replies":[{"embeddable":true,"href":"https:\/\/baldumarket.lt\/lt\/wp-json\/wp\/v2\/comments?post=238095"}],"wp:featuredmedia":[{"embeddable":true,"href":"https:\/\/baldumarket.lt\/lt\/wp-json\/wp\/v2\/media\/238145"}],"wp:attachment":[{"href":"https:\/\/baldumarket.lt\/lt\/wp-json\/wp\/v2\/media?parent=238095"}],"wp:term":[{"taxonomy":"product_brand","embeddable":true,"href":"https:\/\/baldumarket.lt\/lt\/wp-json\/wp\/v2\/product_brand?post=238095"},{"taxonomy":"product_cat","embeddable":true,"href":"https:\/\/baldumarket.lt\/lt\/wp-json\/wp\/v2\/product_cat?post=238095"},{"taxonomy":"product_tag","embeddable":true,"href":"https:\/\/baldumarket.lt\/lt\/wp-json\/wp\/v2\/product_tag?post=238095"}],"curies":[{"name":"wp","href":"https:\/\/api.w.org\/{rel}","templated":true}]}}