{"id":238048,"date":"2025-12-30T17:26:25","date_gmt":"2025-12-30T14:26:25","guid":{"rendered":"https:\/\/baldumarket.lt\/?post_type=product&#038;p=238048"},"modified":"2026-02-03T23:05:45","modified_gmt":"2026-02-03T20:05:45","slug":"sofa-nierozkladana-189-scandi-gladka-3-gr1","status":"publish","type":"product","link":"https:\/\/baldumarket.lt\/lt\/product\/sofa-nierozkladana-189-scandi-gladka-3-gr1\/","title":{"rendered":"Nei\u0161lankstoma sofa 189 Scandi Smooth 3 Gr1"},"content":{"rendered":"<p>\u201eScandi\u201c sofa \u2013 tai avangardinio stiliaus svetain\u0117s baldas, kurio formos traukia ak\u012f, o unikalus dizainas spinduliuoja originalumu.<br \/>\nSpecifikacijos:<br \/>\nPagaminta i\u0161 auk\u0161tos kokyb\u0117s med\u017eiag\u0173<br \/>\nLabai elastingas putplastis<br \/>\nLaisvai stovintis<br \/>\nZigzago spyruokl\u0117<\/p>","protected":false},"excerpt":{"rendered":"<p>Plotis [cm]: 183<br \/>\nAuk\u0161tis [cm]: 75<br \/>\nGylis [cm]: 72<br \/>\nPatalyn\u0117: ne<br \/>\nSofos stilius: modernus<\/p>","protected":false},"featured_media":238109,"comment_status":"open","ping_status":"closed","template":"","meta":[],"product_brand":[],"product_cat":[9133],"product_tag":[],"class_list":{"0":"post-238048","1":"product","2":"type-product","3":"status-publish","4":"has-post-thumbnail","6":"product_cat-grouped","8":"first","9":"instock","10":"shipping-taxable","11":"purchasable","12":"product-type-variable","13":"wvs-archive-product-wrapper"},"_links":{"self":[{"href":"https:\/\/baldumarket.lt\/lt\/wp-json\/wp\/v2\/product\/238048","targetHints":{"allow":["GET"]}}],"collection":[{"href":"https:\/\/baldumarket.lt\/lt\/wp-json\/wp\/v2\/product"}],"about":[{"href":"https:\/\/baldumarket.lt\/lt\/wp-json\/wp\/v2\/types\/product"}],"replies":[{"embeddable":true,"href":"https:\/\/baldumarket.lt\/lt\/wp-json\/wp\/v2\/comments?post=238048"}],"wp:featuredmedia":[{"embeddable":true,"href":"https:\/\/baldumarket.lt\/lt\/wp-json\/wp\/v2\/media\/238109"}],"wp:attachment":[{"href":"https:\/\/baldumarket.lt\/lt\/wp-json\/wp\/v2\/media?parent=238048"}],"wp:term":[{"taxonomy":"product_brand","embeddable":true,"href":"https:\/\/baldumarket.lt\/lt\/wp-json\/wp\/v2\/product_brand?post=238048"},{"taxonomy":"product_cat","embeddable":true,"href":"https:\/\/baldumarket.lt\/lt\/wp-json\/wp\/v2\/product_cat?post=238048"},{"taxonomy":"product_tag","embeddable":true,"href":"https:\/\/baldumarket.lt\/lt\/wp-json\/wp\/v2\/product_tag?post=238048"}],"curies":[{"name":"wp","href":"https:\/\/api.w.org\/{rel}","templated":true}]}}