{"id":238035,"date":"2025-12-30T17:25:50","date_gmt":"2025-12-30T14:25:50","guid":{"rendered":"https:\/\/baldumarket.lt\/?post_type=product&#038;p=238035"},"modified":"2026-02-03T23:05:45","modified_gmt":"2026-02-03T20:05:45","slug":"sofa-nierozkladana-186-strip-3","status":"publish","type":"product","link":"https:\/\/baldumarket.lt\/lt\/product\/sofa-nierozkladana-186-strip-3\/","title":{"rendered":"Nesulankstoma sofa 186 Strip 3"},"content":{"rendered":"<p>\u201eStrip\u201c sofa \u2013 tai avangardinio stiliaus svetain\u0117s baldas, kurio formos traukia ak\u012f, o unikalus dizainas spinduliuoja originalumu.<br \/>\nSpecifikacijos:<br \/>\nPagaminta i\u0161 auk\u0161tos kokyb\u0117s med\u017eiag\u0173<br \/>\nLabai elastingas putplastis<br \/>\nLaisvai stovintis<br \/>\nZigzago spyruokl\u0117<\/p>","protected":false},"excerpt":{"rendered":"<p>\u201eStrip\u201c sofa \u2013 tai avangardinio stiliaus svetain\u0117s baldas, kurio formos traukia ak\u012f, o unikalus dizainas spinduliuoja originalumu. Specifikacijos: pagaminta i\u0161 auk\u0161tos kokyb\u0117s med\u017eiag\u0173, labai elastingo putplas\u010dio, laisvai stovin\u010dios, zigzago spyruoklin\u0117s.<\/p>","protected":false},"featured_media":238085,"comment_status":"open","ping_status":"closed","template":"","meta":[],"product_brand":[],"product_cat":[8761,560],"product_tag":[],"class_list":{"0":"post-238035","1":"product","2":"type-product","3":"status-publish","4":"has-post-thumbnail","6":"product_cat-pkmebel","7":"product_cat-sofas-and-couches","9":"first","10":"instock","11":"shipping-taxable","12":"product-type-grouped"},"_links":{"self":[{"href":"https:\/\/baldumarket.lt\/lt\/wp-json\/wp\/v2\/product\/238035","targetHints":{"allow":["GET"]}}],"collection":[{"href":"https:\/\/baldumarket.lt\/lt\/wp-json\/wp\/v2\/product"}],"about":[{"href":"https:\/\/baldumarket.lt\/lt\/wp-json\/wp\/v2\/types\/product"}],"replies":[{"embeddable":true,"href":"https:\/\/baldumarket.lt\/lt\/wp-json\/wp\/v2\/comments?post=238035"}],"wp:featuredmedia":[{"embeddable":true,"href":"https:\/\/baldumarket.lt\/lt\/wp-json\/wp\/v2\/media\/238085"}],"wp:attachment":[{"href":"https:\/\/baldumarket.lt\/lt\/wp-json\/wp\/v2\/media?parent=238035"}],"wp:term":[{"taxonomy":"product_brand","embeddable":true,"href":"https:\/\/baldumarket.lt\/lt\/wp-json\/wp\/v2\/product_brand?post=238035"},{"taxonomy":"product_cat","embeddable":true,"href":"https:\/\/baldumarket.lt\/lt\/wp-json\/wp\/v2\/product_cat?post=238035"},{"taxonomy":"product_tag","embeddable":true,"href":"https:\/\/baldumarket.lt\/lt\/wp-json\/wp\/v2\/product_tag?post=238035"}],"curies":[{"name":"wp","href":"https:\/\/api.w.org\/{rel}","templated":true}]}}