{"id":237987,"date":"2025-12-30T17:23:23","date_gmt":"2025-12-30T14:23:23","guid":{"rendered":"https:\/\/baldumarket.lt\/?post_type=product&#038;p=237987"},"modified":"2026-02-03T23:05:48","modified_gmt":"2026-02-03T20:05:48","slug":"sofa-kanapa-rozkladana-nubis","status":"publish","type":"product","link":"https:\/\/baldumarket.lt\/lt\/product\/sofa-kanapa-rozkladana-nubis\/","title":{"rendered":"Nubis sofa-lova"},"content":{"rendered":"<p>\u201eNubis\u201c sofa-lova \u2013 tai avangardinio stiliaus svetain\u0117s baldas, kurio formos traukia ak\u012f ir yra i\u0161skirtinai originalios d\u0117l unikalaus dizaino.<br \/>\nSpecifikacijos:<br \/>\nS\u0117dyn\u0117 turi \u201eBonnell\u201c spyruokles ir putplas\u010dio pamink\u0161tinim\u0105<br \/>\nI\u0161lankstomas su miegojimo funkcija<br \/>\nPatalyn\u0117<br \/>\nSiaurieji \u0161onai<br \/>\nDL automatinis atlo\u0161imas<br \/>\nKojel\u0117s gali b\u016bti baltos, juodos arba nat\u016bralios spalvos<br \/>\nNuotraukoje pavaizduotas \u201eTilia\u201c kordoro audinys \u2013 pasirinkus kit\u0105 audin\u012f, sofa bus vienspalv\u0117.<\/p>","protected":false},"excerpt":{"rendered":"<p>\u201eNubis\u201c sofa-lova \u2013 tai avangardinis svetain\u0117s baldas, kurio formos traukia ak\u012f ir yra i\u0161skirtinai originalios d\u0117l unikalaus dizaino. Specifikacijos: S\u0117dyn\u0117 turi \u201eBonnell\u201c spyruokles ir putplas\u010dio pamink\u0161tinim\u0105. I\u0161skleid\u017eiama su miegojimo funkcija. Patalyn\u0117s skyrius. Siauri \u0161onai. Automatinis DL atlo\u0161imas. Kojel\u0117s gali b\u016bti baltos, juodos arba nat\u016bralios spalvos. Paveiksl\u0117lyje [\u2026]<\/p>","protected":false},"featured_media":238037,"comment_status":"open","ping_status":"closed","template":"","meta":[],"product_brand":[],"product_cat":[8761,560],"product_tag":[],"class_list":{"0":"post-237987","1":"product","2":"type-product","3":"status-publish","4":"has-post-thumbnail","6":"product_cat-pkmebel","7":"product_cat-sofas-and-couches","9":"first","10":"instock","11":"shipping-taxable","12":"product-type-grouped"},"_links":{"self":[{"href":"https:\/\/baldumarket.lt\/lt\/wp-json\/wp\/v2\/product\/237987","targetHints":{"allow":["GET"]}}],"collection":[{"href":"https:\/\/baldumarket.lt\/lt\/wp-json\/wp\/v2\/product"}],"about":[{"href":"https:\/\/baldumarket.lt\/lt\/wp-json\/wp\/v2\/types\/product"}],"replies":[{"embeddable":true,"href":"https:\/\/baldumarket.lt\/lt\/wp-json\/wp\/v2\/comments?post=237987"}],"wp:featuredmedia":[{"embeddable":true,"href":"https:\/\/baldumarket.lt\/lt\/wp-json\/wp\/v2\/media\/238037"}],"wp:attachment":[{"href":"https:\/\/baldumarket.lt\/lt\/wp-json\/wp\/v2\/media?parent=237987"}],"wp:term":[{"taxonomy":"product_brand","embeddable":true,"href":"https:\/\/baldumarket.lt\/lt\/wp-json\/wp\/v2\/product_brand?post=237987"},{"taxonomy":"product_cat","embeddable":true,"href":"https:\/\/baldumarket.lt\/lt\/wp-json\/wp\/v2\/product_cat?post=237987"},{"taxonomy":"product_tag","embeddable":true,"href":"https:\/\/baldumarket.lt\/lt\/wp-json\/wp\/v2\/product_tag?post=237987"}],"curies":[{"name":"wp","href":"https:\/\/api.w.org\/{rel}","templated":true}]}}