{"id":237877,"date":"2025-12-30T17:18:31","date_gmt":"2025-12-30T14:18:31","guid":{"rendered":"https:\/\/baldumarket.lt\/?post_type=product&#038;p=237877"},"modified":"2026-02-03T23:05:51","modified_gmt":"2026-02-03T20:05:51","slug":"sofa-3-os-amerykanka-fiore-4-gr2","status":"publish","type":"product","link":"https:\/\/baldumarket.lt\/lt\/product\/sofa-3-os-amerykanka-fiore-4-gr2\/","title":{"rendered":"Amerikieti\u0161ka triviet\u0117 sofa Fiore 4 Gr2"},"content":{"rendered":"<p>\u0160i sofa su \u0161onin\u0117mis panel\u0117mis \u2013 puikus pasirinkimas jauniems \u017emon\u0117ms.<br \/>\nSavyb\u0117s:<br \/>\nmiego funkcija<br \/>\npatalyn\u0117s laikymo<br \/>\nserijin\u0117s spyruokl\u0117s<br \/>\nma\u017ea pagalv\u0117l\u0117, deranti prie sofos<br \/>\natlo\u0161o si\u016bl\u0117s<\/p>","protected":false},"excerpt":{"rendered":"<p>Plotis [cm]: 160<br \/>\nAuk\u0161tis [cm]: 85<br \/>\nGylis [cm]: 97<br \/>\nS\u0117dyn\u0117s auk\u0161tis [cm]: 37<br \/>\nS\u0117dyn\u0117s gylis [cm]: 60<br \/>\nMiegamasis plotas [cm]: 150 \u00d7 196<br \/>\nSofos stilius: modernus<\/p>","protected":false},"featured_media":237929,"comment_status":"open","ping_status":"closed","template":"","meta":[],"product_brand":[],"product_cat":[9133],"product_tag":[],"class_list":{"0":"post-237877","1":"product","2":"type-product","3":"status-publish","4":"has-post-thumbnail","6":"product_cat-grouped","8":"first","9":"instock","10":"shipping-taxable","11":"purchasable","12":"product-type-variable","13":"wvs-archive-product-wrapper"},"_links":{"self":[{"href":"https:\/\/baldumarket.lt\/lt\/wp-json\/wp\/v2\/product\/237877","targetHints":{"allow":["GET"]}}],"collection":[{"href":"https:\/\/baldumarket.lt\/lt\/wp-json\/wp\/v2\/product"}],"about":[{"href":"https:\/\/baldumarket.lt\/lt\/wp-json\/wp\/v2\/types\/product"}],"replies":[{"embeddable":true,"href":"https:\/\/baldumarket.lt\/lt\/wp-json\/wp\/v2\/comments?post=237877"}],"wp:featuredmedia":[{"embeddable":true,"href":"https:\/\/baldumarket.lt\/lt\/wp-json\/wp\/v2\/media\/237929"}],"wp:attachment":[{"href":"https:\/\/baldumarket.lt\/lt\/wp-json\/wp\/v2\/media?parent=237877"}],"wp:term":[{"taxonomy":"product_brand","embeddable":true,"href":"https:\/\/baldumarket.lt\/lt\/wp-json\/wp\/v2\/product_brand?post=237877"},{"taxonomy":"product_cat","embeddable":true,"href":"https:\/\/baldumarket.lt\/lt\/wp-json\/wp\/v2\/product_cat?post=237877"},{"taxonomy":"product_tag","embeddable":true,"href":"https:\/\/baldumarket.lt\/lt\/wp-json\/wp\/v2\/product_tag?post=237877"}],"curies":[{"name":"wp","href":"https:\/\/api.w.org\/{rel}","templated":true}]}}