{"id":237819,"date":"2025-12-30T17:15:45","date_gmt":"2025-12-30T14:15:45","guid":{"rendered":"https:\/\/baldumarket.lt\/?post_type=product&#038;p=237819"},"modified":"2026-02-03T23:05:53","modified_gmt":"2026-02-03T20:05:53","slug":"sofa-2-os-nierozkladana-z-zaglowkami-adela","status":"publish","type":"product","link":"https:\/\/baldumarket.lt\/lt\/product\/sofa-2-os-nierozkladana-z-zaglowkami-adela\/","title":{"rendered":"Dviviet\u0117 sofa, nei\u0161skleid\u017eiama, su galvos atramomis Adela"},"content":{"rendered":"<p>Dviviet\u0117 sofa \u201eAdela\u201c su fiksuotomis galvos atramomis \u2013 idealus modelis laukiamiesiems ar biurams.<br \/>\nSpecifikacijos:<br \/>\nDviviet\u0117 sofa<br \/>\nS\u0117dyn\u0117 turi vingiuotas spyruokles ir putas<br \/>\nReguliuojamos galvos atramos<\/p>","protected":false},"excerpt":{"rendered":"<p>Dviviet\u0117 \u201eAdela\u201c sofa su fiksuotomis galvos atramomis idealiai tinka laukiamiesiems ar biurams. Specifikacijos: Dviviet\u0117 sofa; S\u0117dyn\u0117 su vingiuotomis spyruokl\u0117mis ir putplas\u010diu; Reguliuojamos galvos atramos.<\/p>","protected":false},"featured_media":237869,"comment_status":"open","ping_status":"closed","template":"","meta":[],"product_brand":[],"product_cat":[8761,560],"product_tag":[],"class_list":{"0":"post-237819","1":"product","2":"type-product","3":"status-publish","4":"has-post-thumbnail","6":"product_cat-pkmebel","7":"product_cat-sofas-and-couches","9":"first","10":"instock","11":"shipping-taxable","12":"product-type-grouped"},"_links":{"self":[{"href":"https:\/\/baldumarket.lt\/lt\/wp-json\/wp\/v2\/product\/237819","targetHints":{"allow":["GET"]}}],"collection":[{"href":"https:\/\/baldumarket.lt\/lt\/wp-json\/wp\/v2\/product"}],"about":[{"href":"https:\/\/baldumarket.lt\/lt\/wp-json\/wp\/v2\/types\/product"}],"replies":[{"embeddable":true,"href":"https:\/\/baldumarket.lt\/lt\/wp-json\/wp\/v2\/comments?post=237819"}],"wp:featuredmedia":[{"embeddable":true,"href":"https:\/\/baldumarket.lt\/lt\/wp-json\/wp\/v2\/media\/237869"}],"wp:attachment":[{"href":"https:\/\/baldumarket.lt\/lt\/wp-json\/wp\/v2\/media?parent=237819"}],"wp:term":[{"taxonomy":"product_brand","embeddable":true,"href":"https:\/\/baldumarket.lt\/lt\/wp-json\/wp\/v2\/product_brand?post=237819"},{"taxonomy":"product_cat","embeddable":true,"href":"https:\/\/baldumarket.lt\/lt\/wp-json\/wp\/v2\/product_cat?post=237819"},{"taxonomy":"product_tag","embeddable":true,"href":"https:\/\/baldumarket.lt\/lt\/wp-json\/wp\/v2\/product_tag?post=237819"}],"curies":[{"name":"wp","href":"https:\/\/api.w.org\/{rel}","templated":true}]}}